{"id":6370,"date":"2026-04-17T11:07:43","date_gmt":"2026-04-17T08:07:43","guid":{"rendered":"https:\/\/shop.totemas.lt\/?post_type=product&#038;p=6370"},"modified":"2026-04-17T16:03:08","modified_gmt":"2026-04-17T13:03:08","slug":"vonele-saules-moduliams-ant-plokscio-stogo-h30","status":"publish","type":"product","link":"https:\/\/shop.totemas.lt\/en\/product\/vonele-saules-moduliams-ant-plokscio-stogo-h30\/","title":{"rendered":"Vonel\u0117 saul\u0117s moduliams ant plok\u0161\u010dio stogo H30"},"content":{"rendered":"<p>Vonel\u0117 saul\u0117s moduliams ant plok\u0161\u010dio stogo \u2013 tai specialus plastikinis pagrindas, skirtas tvirtinti fotovoltinius modulius be gr\u0119\u017eimo ar pa\u017eeidim\u0173 stogo dangai. Ji ypa\u010d tinkama plok\u0161tiems stogams su mink\u0161ta danga, kur svarbu i\u0161laikyti sandarum\u0105.<\/p>","protected":false},"excerpt":{"rendered":"<p><b>Vonel\u0117 saul\u0117s moduliams:<\/b><\/p>\n<ul>\n<li>Vonel\u0117 saul\u0117s moduliams ant plok\u0161\u010dio stogo;<\/li>\n<li>Puikiai tinka esant mink\u0161tai stogo dangai;<\/li>\n<li>Nepa\u017eeid\u017eia stogo dangos sandarumo.<\/li>\n<\/ul>","protected":false},"featured_media":5295,"comment_status":"closed","ping_status":"closed","template":"","meta":[],"product_brand":[260],"product_cat":[379,385,387],"product_tag":[],"class_list":{"0":"post-6370","1":"product","2":"type-product","3":"status-publish","4":"has-post-thumbnail","6":"product_brand-yomax","7":"product_cat-montavimo-medziagos","8":"product_cat-sutapdintam-stogui","9":"product_cat-sutapdintam-stogui-15","11":"first","12":"instock","13":"sale","14":"taxable","15":"shipping-taxable","16":"purchasable","17":"product-type-simple"},"_links":{"self":[{"href":"https:\/\/shop.totemas.lt\/en\/wp-json\/wp\/v2\/product\/6370","targetHints":{"allow":["GET"]}}],"collection":[{"href":"https:\/\/shop.totemas.lt\/en\/wp-json\/wp\/v2\/product"}],"about":[{"href":"https:\/\/shop.totemas.lt\/en\/wp-json\/wp\/v2\/types\/product"}],"replies":[{"embeddable":true,"href":"https:\/\/shop.totemas.lt\/en\/wp-json\/wp\/v2\/comments?post=6370"}],"wp:featuredmedia":[{"embeddable":true,"href":"https:\/\/shop.totemas.lt\/en\/wp-json\/wp\/v2\/media\/5295"}],"wp:attachment":[{"href":"https:\/\/shop.totemas.lt\/en\/wp-json\/wp\/v2\/media?parent=6370"}],"wp:term":[{"taxonomy":"product_brand","embeddable":true,"href":"https:\/\/shop.totemas.lt\/en\/wp-json\/wp\/v2\/product_brand?post=6370"},{"taxonomy":"product_cat","embeddable":true,"href":"https:\/\/shop.totemas.lt\/en\/wp-json\/wp\/v2\/product_cat?post=6370"},{"taxonomy":"product_tag","embeddable":true,"href":"https:\/\/shop.totemas.lt\/en\/wp-json\/wp\/v2\/product_tag?post=6370"}],"curies":[{"name":"wp","href":"https:\/\/api.w.org\/{rel}","templated":true}]}}