{"id":6373,"date":"2026-04-17T11:07:44","date_gmt":"2026-04-17T08:07:44","guid":{"rendered":"https:\/\/shop.totemas.lt\/?post_type=product&#038;p=6373"},"modified":"2026-04-17T13:02:07","modified_gmt":"2026-04-17T10:02:07","slug":"10-kw-solis-auksto-voltazo-3ph-2mppt-inverteris-eh3p10k2-h","status":"publish","type":"product","link":"https:\/\/shop.totemas.lt\/en\/product\/10-kw-solis-auksto-voltazo-3ph-2mppt-inverteris-eh3p10k2-h\/","title":{"rendered":"10 kW Solis auk\u0161to volta\u017eo (3Ph) 2MPPT inverteris EH3P10K2-H"},"content":{"rendered":"<p>Saul\u0117s energijos inverteris S6, prie kurio galima prijungti saul\u0117s baterijas ir auk\u0161tos \u012ftampos akumuliatori\u0173. \u0160is inverteris dien\u0105 rinks saul\u0117s energij\u0105 ir tieks energij\u0105 nam\u0173 apkrovoms bei \u012fkraus akumuliatori\u0173. Nakt\u012f jis i\u0161 akumuliatoriaus maitins j\u016bs\u0173 nam\u0173 apkrovas. Taip i\u0161vengsite bet kokio elektros energijos vartojimo i\u0161 tinklo ir nemok\u0117site n\u0117 cento! Duokite atkirt\u012f su naujuoju hibridiniu saul\u0117s energijos inverteriu S6 i\u0161 \u201eSolis\u201c.<\/p>","protected":false},"excerpt":{"rendered":"<p>&nbsp;<\/p>\n<ul>\n<li>2MPPT, 4 string\u0173 su DC i\u0161jung\u0117ju<\/li>\n<\/ul>\n<ul class=\"list-p1\">\n<li class=\"col_lg_12 col_xs_24\">Suderinamas su pagrindiniais li\u010dio akumuliatoriais<\/li>\n<li class=\"col_lg_12 col_xs_24\">160% PV \u012fvesties galia, kad b\u016bt\u0173 maksimaliai i\u0161naudojama saul\u0117s energija<\/li>\n<li class=\"col_lg_12 col_xs_24\">Bluetooth program\u0117l\u0117s palaikymas &#8211; greitas ir paprastas nustatymas<\/li>\n<li class=\"col_lg_12 col_xs_24\">AI i\u0161maniai valdo \u012fkrovim\u0105 ir i\u0161krovim\u0105 pagal TOU (angl. Time-of-Use) tarifus<\/li>\n<li class=\"col_lg_12 col_xs_24\">Sklandi integracija su VPP ir EMS platformomis, siekiant pagerinti energijos optimizavim\u0105<\/li>\n<li class=\"col_lg_12 col_xs_24\">Lengvai i\u0161pl\u0117skite sistemos talp\u0105 naudodami lygiagre\u010dias jungtis ir kintamosios srov\u0117s jungt\u012f<\/li>\n<li class=\"col_lg_12 col_xs_24\">Palaikomas trifazis nesubalansuotas i\u0161\u0117jimas, leid\u017eiantis pasiekti iki 50% vardin\u0117s inverterio galios kiekvienoje faz\u0117je<\/li>\n<\/ul>","protected":false},"featured_media":5318,"comment_status":"open","ping_status":"closed","template":"","meta":[],"product_brand":[223],"product_cat":[368,367,357,369],"product_tag":[],"class_list":{"0":"post-6373","1":"product","2":"type-product","3":"status-publish","4":"has-post-thumbnail","6":"product_brand-solis","7":"product_cat-auksto-voltazo-inverteriai","8":"product_cat-hibridiniai","9":"product_cat-inverteriai","10":"product_cat-trifaziai-auksto-voltazo-inverteriai","12":"first","13":"outofstock","14":"sale","15":"taxable","16":"shipping-taxable","17":"purchasable","18":"product-type-simple"},"_links":{"self":[{"href":"https:\/\/shop.totemas.lt\/en\/wp-json\/wp\/v2\/product\/6373","targetHints":{"allow":["GET"]}}],"collection":[{"href":"https:\/\/shop.totemas.lt\/en\/wp-json\/wp\/v2\/product"}],"about":[{"href":"https:\/\/shop.totemas.lt\/en\/wp-json\/wp\/v2\/types\/product"}],"replies":[{"embeddable":true,"href":"https:\/\/shop.totemas.lt\/en\/wp-json\/wp\/v2\/comments?post=6373"}],"wp:featuredmedia":[{"embeddable":true,"href":"https:\/\/shop.totemas.lt\/en\/wp-json\/wp\/v2\/media\/5318"}],"wp:attachment":[{"href":"https:\/\/shop.totemas.lt\/en\/wp-json\/wp\/v2\/media?parent=6373"}],"wp:term":[{"taxonomy":"product_brand","embeddable":true,"href":"https:\/\/shop.totemas.lt\/en\/wp-json\/wp\/v2\/product_brand?post=6373"},{"taxonomy":"product_cat","embeddable":true,"href":"https:\/\/shop.totemas.lt\/en\/wp-json\/wp\/v2\/product_cat?post=6373"},{"taxonomy":"product_tag","embeddable":true,"href":"https:\/\/shop.totemas.lt\/en\/wp-json\/wp\/v2\/product_tag?post=6373"}],"curies":[{"name":"wp","href":"https:\/\/api.w.org\/{rel}","templated":true}]}}