{"id":6384,"date":"2026-04-17T11:07:45","date_gmt":"2026-04-17T08:07:45","guid":{"rendered":"https:\/\/shop.totemas.lt\/?post_type=product&#038;p=6384"},"modified":"2026-04-17T17:01:45","modified_gmt":"2026-04-17T14:01:45","slug":"aliuminio-begelio-sujungejas-10cm","status":"publish","type":"product","link":"https:\/\/shop.totemas.lt\/en\/product\/aliuminio-begelio-sujungejas-10cm\/","title":{"rendered":"Aliuminio b\u0117gelio sujung\u0117jas 10cm"},"content":{"rendered":"<p><!--StartFragment --><\/p>\n<p>Goomax aliuminio b\u0117gelio sujung\u0117jas, 10 cm ilgio, yra tvirtinimo elementas, skirtas sujungti saul\u0117s moduli\u0173 montavimo b\u0117gelius.<br \/>\n<!--StartFragment --><\/p>\n<p><!--StartFragment --><\/p>\n<ul>\n<li><strong>Ilgis: <\/strong>10 cm;<\/li>\n<li><strong>Plotis:<\/strong> 2,5 cm;<\/li>\n<li><strong>Auk\u0161tis:<\/strong> 1,2 cm;<\/li>\n<li><strong>Med\u017eiaga:<\/strong> Aliuminis;<\/li>\n<li><strong>Gamintojas:<\/strong> Goomax;<\/li>\n<li><strong>Garantija:<\/strong> 12 met\u0173.<\/li>\n<\/ul>\n<p><!--EndFragment --><\/p>\n<p><!--EndFragment --><\/p>","protected":false},"excerpt":{"rendered":"<p>Goomax aliuminio b\u0117gelio sujung\u0117jas, 10 cm ilgio, yra tvirtinimo elementas, skirtas sujungti saul\u0117s moduli\u0173 montavimo b\u0117gelius. Ilgis: 10 cm; Plotis: 2,5 cm; Auk\u0161tis: 1,2 cm; Med\u017eiaga: Aliuminis; Gamintojas: Goomax; Garantija: 12 met\u0173.<\/p>","protected":false},"featured_media":5334,"comment_status":"open","ping_status":"closed","template":"","meta":[],"product_brand":[251],"product_cat":[392,381,382,379,383,380],"product_tag":[],"class_list":{"0":"post-6384","1":"product","2":"type-product","3":"status-publish","4":"has-post-thumbnail","6":"product_brand-goomax","7":"product_cat-bituminiam-stogui","8":"product_cat-cerpiniam-stogui","9":"product_cat-klasikiniam-stogui","10":"product_cat-montavimo-medziagos","11":"product_cat-siferiniam-stogui","12":"product_cat-slaitiniam-stogui","14":"first","15":"instock","16":"sale","17":"taxable","18":"shipping-taxable","19":"purchasable","20":"product-type-simple"},"_links":{"self":[{"href":"https:\/\/shop.totemas.lt\/en\/wp-json\/wp\/v2\/product\/6384","targetHints":{"allow":["GET"]}}],"collection":[{"href":"https:\/\/shop.totemas.lt\/en\/wp-json\/wp\/v2\/product"}],"about":[{"href":"https:\/\/shop.totemas.lt\/en\/wp-json\/wp\/v2\/types\/product"}],"replies":[{"embeddable":true,"href":"https:\/\/shop.totemas.lt\/en\/wp-json\/wp\/v2\/comments?post=6384"}],"wp:featuredmedia":[{"embeddable":true,"href":"https:\/\/shop.totemas.lt\/en\/wp-json\/wp\/v2\/media\/5334"}],"wp:attachment":[{"href":"https:\/\/shop.totemas.lt\/en\/wp-json\/wp\/v2\/media?parent=6384"}],"wp:term":[{"taxonomy":"product_brand","embeddable":true,"href":"https:\/\/shop.totemas.lt\/en\/wp-json\/wp\/v2\/product_brand?post=6384"},{"taxonomy":"product_cat","embeddable":true,"href":"https:\/\/shop.totemas.lt\/en\/wp-json\/wp\/v2\/product_cat?post=6384"},{"taxonomy":"product_tag","embeddable":true,"href":"https:\/\/shop.totemas.lt\/en\/wp-json\/wp\/v2\/product_tag?post=6384"}],"curies":[{"name":"wp","href":"https:\/\/api.w.org\/{rel}","templated":true}]}}