{"id":6386,"date":"2026-04-17T11:07:45","date_gmt":"2026-04-17T08:07:45","guid":{"rendered":"https:\/\/shop.totemas.lt\/?post_type=product&#038;p=6386"},"modified":"2026-04-17T12:02:10","modified_gmt":"2026-04-17T09:02:10","slug":"vidurinis-saules-moduliu-laikiklis-35-mm-juodas","status":"publish","type":"product","link":"https:\/\/shop.totemas.lt\/en\/product\/vidurinis-saules-moduliu-laikiklis-35-mm-juodas\/","title":{"rendered":"Vidurinis saul\u0117s moduli\u0173 laikiklis 35 mm. JUODAS"},"content":{"rendered":"<p><b>Montavimo sistemos apra\u0161ymas:<\/b><\/p>\n<ul>\n<li>Spalva: aliuminio;<\/li>\n<li>Auk\u0161tos kokyb\u0117s tvirtinimo konstrukcija saul\u0117s moduliams;<\/li>\n<li>Gamintojas: GOOMAX;<\/li>\n<li>Garantija metais: 12.<\/li>\n<\/ul>","protected":false},"excerpt":{"rendered":"<p>Montavimo sistemos apra\u0161ymas: Spalva: aliuminio; Auk\u0161tos kokyb\u0117s tvirtinimo konstrukcija saul\u0117s moduliams; Gamintojas: GOOMAX; Garantija metais: 12.<\/p>","protected":false},"featured_media":5267,"comment_status":"open","ping_status":"closed","template":"","meta":[],"product_brand":[251],"product_cat":[392,381,379,380],"product_tag":[],"class_list":{"0":"post-6386","1":"product","2":"type-product","3":"status-publish","4":"has-post-thumbnail","6":"product_brand-goomax","7":"product_cat-bituminiam-stogui","8":"product_cat-cerpiniam-stogui","9":"product_cat-montavimo-medziagos","10":"product_cat-slaitiniam-stogui","12":"first","13":"instock","14":"sale","15":"taxable","16":"shipping-taxable","17":"purchasable","18":"product-type-simple"},"_links":{"self":[{"href":"https:\/\/shop.totemas.lt\/en\/wp-json\/wp\/v2\/product\/6386","targetHints":{"allow":["GET"]}}],"collection":[{"href":"https:\/\/shop.totemas.lt\/en\/wp-json\/wp\/v2\/product"}],"about":[{"href":"https:\/\/shop.totemas.lt\/en\/wp-json\/wp\/v2\/types\/product"}],"replies":[{"embeddable":true,"href":"https:\/\/shop.totemas.lt\/en\/wp-json\/wp\/v2\/comments?post=6386"}],"wp:featuredmedia":[{"embeddable":true,"href":"https:\/\/shop.totemas.lt\/en\/wp-json\/wp\/v2\/media\/5267"}],"wp:attachment":[{"href":"https:\/\/shop.totemas.lt\/en\/wp-json\/wp\/v2\/media?parent=6386"}],"wp:term":[{"taxonomy":"product_brand","embeddable":true,"href":"https:\/\/shop.totemas.lt\/en\/wp-json\/wp\/v2\/product_brand?post=6386"},{"taxonomy":"product_cat","embeddable":true,"href":"https:\/\/shop.totemas.lt\/en\/wp-json\/wp\/v2\/product_cat?post=6386"},{"taxonomy":"product_tag","embeddable":true,"href":"https:\/\/shop.totemas.lt\/en\/wp-json\/wp\/v2\/product_tag?post=6386"}],"curies":[{"name":"wp","href":"https:\/\/api.w.org\/{rel}","templated":true}]}}