{"id":6388,"date":"2026-04-17T11:07:45","date_gmt":"2026-04-17T08:07:45","guid":{"rendered":"https:\/\/shop.totemas.lt\/?post_type=product&#038;p=6388"},"modified":"2026-04-17T16:02:43","modified_gmt":"2026-04-17T13:02:43","slug":"sutapdinto-stogo-aliuminio-begelio-laikiklis","status":"publish","type":"product","link":"https:\/\/shop.totemas.lt\/en\/product\/sutapdinto-stogo-aliuminio-begelio-laikiklis\/","title":{"rendered":"Sutapdinto stogo aliuminio b\u0117gelio laikiklis"},"content":{"rendered":"<p>\u201eGoomax\u201c sutapdinto stogo aliuminio b\u0117gelio laikiklis yra specialiai sukurtas tvirtinti saul\u0117s moduli\u0173 b\u0117gelius prie si\u016blini\u0173 (sutapdint\u0173) stog\u0173, da\u017eniausiai be gr\u0119\u017eimo \u2013 naudojant spaudimo mechanizm\u0105, kuris i\u0161saugo stogo sandarum\u0105.<\/p>","protected":false},"excerpt":{"rendered":"<p>\u201eGoomax\u201c sutapdinto stogo aliuminio b\u0117gelio laikiklis yra specialiai sukurtas tvirtinti saul\u0117s moduli\u0173 b\u0117gelius prie si\u016blini\u0173 (sutapdint\u0173) stog\u0173, da\u017eniausiai be gr\u0119\u017eimo \u2013 naudojant spaudimo mechanizm\u0105, kuris i\u0161saugo stogo sandarum\u0105.<\/p>","protected":false},"featured_media":5337,"comment_status":"open","ping_status":"closed","template":"","meta":[],"product_brand":[251],"product_cat":[379,385,387],"product_tag":[],"class_list":{"0":"post-6388","1":"product","2":"type-product","3":"status-publish","4":"has-post-thumbnail","6":"product_brand-goomax","7":"product_cat-montavimo-medziagos","8":"product_cat-sutapdintam-stogui","9":"product_cat-sutapdintam-stogui-15","11":"first","12":"instock","13":"sale","14":"taxable","15":"shipping-taxable","16":"purchasable","17":"product-type-simple"},"_links":{"self":[{"href":"https:\/\/shop.totemas.lt\/en\/wp-json\/wp\/v2\/product\/6388","targetHints":{"allow":["GET"]}}],"collection":[{"href":"https:\/\/shop.totemas.lt\/en\/wp-json\/wp\/v2\/product"}],"about":[{"href":"https:\/\/shop.totemas.lt\/en\/wp-json\/wp\/v2\/types\/product"}],"replies":[{"embeddable":true,"href":"https:\/\/shop.totemas.lt\/en\/wp-json\/wp\/v2\/comments?post=6388"}],"wp:featuredmedia":[{"embeddable":true,"href":"https:\/\/shop.totemas.lt\/en\/wp-json\/wp\/v2\/media\/5337"}],"wp:attachment":[{"href":"https:\/\/shop.totemas.lt\/en\/wp-json\/wp\/v2\/media?parent=6388"}],"wp:term":[{"taxonomy":"product_brand","embeddable":true,"href":"https:\/\/shop.totemas.lt\/en\/wp-json\/wp\/v2\/product_brand?post=6388"},{"taxonomy":"product_cat","embeddable":true,"href":"https:\/\/shop.totemas.lt\/en\/wp-json\/wp\/v2\/product_cat?post=6388"},{"taxonomy":"product_tag","embeddable":true,"href":"https:\/\/shop.totemas.lt\/en\/wp-json\/wp\/v2\/product_tag?post=6388"}],"curies":[{"name":"wp","href":"https:\/\/api.w.org\/{rel}","templated":true}]}}