{"id":6393,"date":"2026-04-17T11:07:45","date_gmt":"2026-04-17T08:07:45","guid":{"rendered":"https:\/\/shop.totemas.lt\/?post_type=product&#038;p=6393"},"modified":"2026-04-17T20:01:37","modified_gmt":"2026-04-17T17:01:37","slug":"priekine-kojele-10-sutapdintam-stogui","status":"publish","type":"product","link":"https:\/\/shop.totemas.lt\/en\/product\/priekine-kojele-10-sutapdintam-stogui\/","title":{"rendered":"Priekin\u0117 kojel\u0117 10\u00b0 sutapdintam stogui"},"content":{"rendered":"<p>Priekin\u0117 kojel\u0117 10\u00b0 kampu, skirta sutapdintam (plok\u0161\u010diam) stogui, yra svarbi saul\u0117s moduli\u0173 montavimo sistemos dalis, leid\u017eianti pasiekti optimal\u0173 modulio pasvirimo kamp\u0105.<\/p>","protected":false},"excerpt":{"rendered":"<p>Priekin\u0117 kojel\u0117 10\u00b0 kampu, skirta sutapdintam (plok\u0161\u010diam) stogui, yra svarbi saul\u0117s moduli\u0173 montavimo sistemos dalis, leid\u017eianti pasiekti optimal\u0173 modulio pasvirimo kamp\u0105.<\/p>","protected":false},"featured_media":5360,"comment_status":"open","ping_status":"closed","template":"","meta":[],"product_brand":[251],"product_cat":[386],"product_tag":[],"class_list":{"0":"post-6393","1":"product","2":"type-product","3":"status-publish","4":"has-post-thumbnail","6":"product_brand-goomax","7":"product_cat-sutapdintam-stogui-10","9":"first","10":"instock","11":"sale","12":"taxable","13":"shipping-taxable","14":"purchasable","15":"product-type-simple"},"_links":{"self":[{"href":"https:\/\/shop.totemas.lt\/en\/wp-json\/wp\/v2\/product\/6393","targetHints":{"allow":["GET"]}}],"collection":[{"href":"https:\/\/shop.totemas.lt\/en\/wp-json\/wp\/v2\/product"}],"about":[{"href":"https:\/\/shop.totemas.lt\/en\/wp-json\/wp\/v2\/types\/product"}],"replies":[{"embeddable":true,"href":"https:\/\/shop.totemas.lt\/en\/wp-json\/wp\/v2\/comments?post=6393"}],"wp:featuredmedia":[{"embeddable":true,"href":"https:\/\/shop.totemas.lt\/en\/wp-json\/wp\/v2\/media\/5360"}],"wp:attachment":[{"href":"https:\/\/shop.totemas.lt\/en\/wp-json\/wp\/v2\/media?parent=6393"}],"wp:term":[{"taxonomy":"product_brand","embeddable":true,"href":"https:\/\/shop.totemas.lt\/en\/wp-json\/wp\/v2\/product_brand?post=6393"},{"taxonomy":"product_cat","embeddable":true,"href":"https:\/\/shop.totemas.lt\/en\/wp-json\/wp\/v2\/product_cat?post=6393"},{"taxonomy":"product_tag","embeddable":true,"href":"https:\/\/shop.totemas.lt\/en\/wp-json\/wp\/v2\/product_tag?post=6393"}],"curies":[{"name":"wp","href":"https:\/\/api.w.org\/{rel}","templated":true}]}}