{"id":6395,"date":"2026-04-17T11:07:45","date_gmt":"2026-04-17T08:07:45","guid":{"rendered":"https:\/\/shop.totemas.lt\/?post_type=product&#038;p=6395"},"modified":"2026-04-17T12:02:01","modified_gmt":"2026-04-17T09:02:01","slug":"galine-kojele-10-sutapdintam-stogui","status":"publish","type":"product","link":"https:\/\/shop.totemas.lt\/en\/product\/galine-kojele-10-sutapdintam-stogui\/","title":{"rendered":"Galin\u0117 kojel\u0117 10\u00b0 sutapdintam stogui"},"content":{"rendered":"<p>Galin\u0117 kojel\u0117 10\u00b0 kampu, skirta sutapdintam (plok\u0161\u010diam) stogui, yra konstrukcinis elementas, naudojamas saul\u0117s moduli\u0173 montavimo sistemose, siekiant u\u017etikrinti reikiam\u0105 pasvirimo kamp\u0105 ir stabilum\u0105. Ji da\u017eniausiai naudojama kartu su priekine koja ir aliuminio b\u0117geliu.<\/p>","protected":false},"excerpt":{"rendered":"<p>Galin\u0117 kojel\u0117 10\u00b0 kampu, skirta sutapdintam (plok\u0161\u010diam) stogui, yra konstrukcinis elementas, naudojamas saul\u0117s moduli\u0173 montavimo sistemose, siekiant u\u017etikrinti reikiam\u0105 pasvirimo kamp\u0105 ir stabilum\u0105. Ji da\u017eniausiai naudojama kartu su priekine koja ir aliuminio b\u0117geliu.<\/p>","protected":false},"featured_media":5362,"comment_status":"open","ping_status":"closed","template":"","meta":[],"product_brand":[251],"product_cat":[379,385,386],"product_tag":[],"class_list":{"0":"post-6395","1":"product","2":"type-product","3":"status-publish","4":"has-post-thumbnail","6":"product_brand-goomax","7":"product_cat-montavimo-medziagos","8":"product_cat-sutapdintam-stogui","9":"product_cat-sutapdintam-stogui-10","11":"first","12":"instock","13":"sale","14":"taxable","15":"shipping-taxable","16":"purchasable","17":"product-type-simple"},"_links":{"self":[{"href":"https:\/\/shop.totemas.lt\/en\/wp-json\/wp\/v2\/product\/6395","targetHints":{"allow":["GET"]}}],"collection":[{"href":"https:\/\/shop.totemas.lt\/en\/wp-json\/wp\/v2\/product"}],"about":[{"href":"https:\/\/shop.totemas.lt\/en\/wp-json\/wp\/v2\/types\/product"}],"replies":[{"embeddable":true,"href":"https:\/\/shop.totemas.lt\/en\/wp-json\/wp\/v2\/comments?post=6395"}],"wp:featuredmedia":[{"embeddable":true,"href":"https:\/\/shop.totemas.lt\/en\/wp-json\/wp\/v2\/media\/5362"}],"wp:attachment":[{"href":"https:\/\/shop.totemas.lt\/en\/wp-json\/wp\/v2\/media?parent=6395"}],"wp:term":[{"taxonomy":"product_brand","embeddable":true,"href":"https:\/\/shop.totemas.lt\/en\/wp-json\/wp\/v2\/product_brand?post=6395"},{"taxonomy":"product_cat","embeddable":true,"href":"https:\/\/shop.totemas.lt\/en\/wp-json\/wp\/v2\/product_cat?post=6395"},{"taxonomy":"product_tag","embeddable":true,"href":"https:\/\/shop.totemas.lt\/en\/wp-json\/wp\/v2\/product_tag?post=6395"}],"curies":[{"name":"wp","href":"https:\/\/api.w.org\/{rel}","templated":true}]}}