{"id":6396,"date":"2026-04-17T11:07:45","date_gmt":"2026-04-17T08:07:45","guid":{"rendered":"https:\/\/shop.totemas.lt\/?post_type=product&#038;p=6396"},"modified":"2026-04-17T16:02:30","modified_gmt":"2026-04-17T13:02:30","slug":"vejalente-galinis-lapas-skirtas-10-sistemai-1900-cm","status":"publish","type":"product","link":"https:\/\/shop.totemas.lt\/en\/product\/vejalente-galinis-lapas-skirtas-10-sistemai-1900-cm\/","title":{"rendered":"V\u0117jalent\u0117 &#8211; galinis lapas skirtas 10\u00b0 sistemai, 1900 cm"},"content":{"rendered":"<p>V\u0117jalent\u0117s galinis lapas, skirtas 10\u00b0 saul\u0117s moduli\u0173 montavimo sistemai ant sutapdinto (plok\u0161\u010dio) stogo, yra specialus skardos elementas, u\u017etikrinantis estetin\u012f ir funkcin\u012f konstrukcijos u\u017ebaigim\u0105 bei apsaug\u0105 nuo aplinkos poveikio<\/p>","protected":false},"excerpt":{"rendered":"<p>V\u0117jalent\u0117s galinis lapas, skirtas 10\u00b0 saul\u0117s moduli\u0173 montavimo sistemai ant sutapdinto (plok\u0161\u010dio) stogo, yra specialus skardos elementas, u\u017etikrinantis estetin\u012f ir funkcin\u012f konstrukcijos u\u017ebaigim\u0105 bei apsaug\u0105 nuo aplinkos poveikio<\/p>","protected":false},"featured_media":5363,"comment_status":"open","ping_status":"closed","template":"","meta":[],"product_brand":[251],"product_cat":[379,386],"product_tag":[],"class_list":{"0":"post-6396","1":"product","2":"type-product","3":"status-publish","4":"has-post-thumbnail","6":"product_brand-goomax","7":"product_cat-montavimo-medziagos","8":"product_cat-sutapdintam-stogui-10","10":"first","11":"instock","12":"sale","13":"taxable","14":"shipping-taxable","15":"purchasable","16":"product-type-simple"},"_links":{"self":[{"href":"https:\/\/shop.totemas.lt\/en\/wp-json\/wp\/v2\/product\/6396","targetHints":{"allow":["GET"]}}],"collection":[{"href":"https:\/\/shop.totemas.lt\/en\/wp-json\/wp\/v2\/product"}],"about":[{"href":"https:\/\/shop.totemas.lt\/en\/wp-json\/wp\/v2\/types\/product"}],"replies":[{"embeddable":true,"href":"https:\/\/shop.totemas.lt\/en\/wp-json\/wp\/v2\/comments?post=6396"}],"wp:featuredmedia":[{"embeddable":true,"href":"https:\/\/shop.totemas.lt\/en\/wp-json\/wp\/v2\/media\/5363"}],"wp:attachment":[{"href":"https:\/\/shop.totemas.lt\/en\/wp-json\/wp\/v2\/media?parent=6396"}],"wp:term":[{"taxonomy":"product_brand","embeddable":true,"href":"https:\/\/shop.totemas.lt\/en\/wp-json\/wp\/v2\/product_brand?post=6396"},{"taxonomy":"product_cat","embeddable":true,"href":"https:\/\/shop.totemas.lt\/en\/wp-json\/wp\/v2\/product_cat?post=6396"},{"taxonomy":"product_tag","embeddable":true,"href":"https:\/\/shop.totemas.lt\/en\/wp-json\/wp\/v2\/product_tag?post=6396"}],"curies":[{"name":"wp","href":"https:\/\/api.w.org\/{rel}","templated":true}]}}