{"id":6413,"date":"2026-04-17T11:07:53","date_gmt":"2026-04-17T08:07:53","guid":{"rendered":"https:\/\/shop.totemas.lt\/?post_type=product&#038;p=6413"},"modified":"2026-04-18T03:01:23","modified_gmt":"2026-04-18T00:01:23","slug":"automobiliu-stogines-konstrukcija-28-moduliams-carport","status":"publish","type":"product","link":"https:\/\/shop.totemas.lt\/en\/product\/automobiliu-stogines-konstrukcija-28-moduliams-carport\/","title":{"rendered":"Automobili\u0173 stogin\u0117s konstrukcija 28 moduliams CARPORT"},"content":{"rendered":"<p>Stogin\u0117 ne tik apsaugos J\u016bs\u0173 automobilius nuo nepalanki\u0173 oro s\u0105lyg\u0173, bet ir pad\u0117s generuoti ekologi\u0161k\u0105 elektros energij\u0105 j\u016bs\u0173 namams ar verslui.<\/p>","protected":false},"excerpt":{"rendered":"<p>Stogin\u0117 ne tik apsaugos J\u016bs\u0173 automobilius nuo nepalanki\u0173 oro s\u0105lyg\u0173, bet ir pad\u0117s generuoti ekologi\u0161k\u0105 elektros energij\u0105 j\u016bs\u0173 namams ar verslui.<\/p>","protected":false},"featured_media":5420,"comment_status":"open","ping_status":"closed","template":"","meta":[],"product_brand":[251],"product_cat":[399,389],"product_tag":[],"class_list":{"0":"post-6413","1":"product","2":"type-product","3":"status-publish","4":"has-post-thumbnail","6":"product_brand-goomax","7":"product_cat-automobiliu-stogines-konstrukcija","8":"product_cat-saules-elektriniu-komplektai","10":"first","11":"instock","12":"sale","13":"taxable","14":"shipping-taxable","15":"purchasable","16":"product-type-simple"},"_links":{"self":[{"href":"https:\/\/shop.totemas.lt\/en\/wp-json\/wp\/v2\/product\/6413","targetHints":{"allow":["GET"]}}],"collection":[{"href":"https:\/\/shop.totemas.lt\/en\/wp-json\/wp\/v2\/product"}],"about":[{"href":"https:\/\/shop.totemas.lt\/en\/wp-json\/wp\/v2\/types\/product"}],"replies":[{"embeddable":true,"href":"https:\/\/shop.totemas.lt\/en\/wp-json\/wp\/v2\/comments?post=6413"}],"wp:featuredmedia":[{"embeddable":true,"href":"https:\/\/shop.totemas.lt\/en\/wp-json\/wp\/v2\/media\/5420"}],"wp:attachment":[{"href":"https:\/\/shop.totemas.lt\/en\/wp-json\/wp\/v2\/media?parent=6413"}],"wp:term":[{"taxonomy":"product_brand","embeddable":true,"href":"https:\/\/shop.totemas.lt\/en\/wp-json\/wp\/v2\/product_brand?post=6413"},{"taxonomy":"product_cat","embeddable":true,"href":"https:\/\/shop.totemas.lt\/en\/wp-json\/wp\/v2\/product_cat?post=6413"},{"taxonomy":"product_tag","embeddable":true,"href":"https:\/\/shop.totemas.lt\/en\/wp-json\/wp\/v2\/product_tag?post=6413"}],"curies":[{"name":"wp","href":"https:\/\/api.w.org\/{rel}","templated":true}]}}