{"id":6419,"date":"2026-04-17T11:07:53","date_gmt":"2026-04-17T08:07:53","guid":{"rendered":"https:\/\/shop.totemas.lt\/?post_type=product&#038;p=6419"},"modified":"2026-04-17T18:01:43","modified_gmt":"2026-04-17T15:01:43","slug":"5-kw-solis-zemo-voltazo-1ph-hibridinis-inverteris-s6-eh1p5k-l-plus","status":"publish","type":"product","link":"https:\/\/shop.totemas.lt\/en\/product\/5-kw-solis-zemo-voltazo-1ph-hibridinis-inverteris-s6-eh1p5k-l-plus\/","title":{"rendered":"5 kW Solis \u017eemo volta\u017eo (1Ph) hibridinis inverteris S6-EH1P5K-L-PLUS"},"content":{"rendered":"<p>Jame \u012fdiegta 6 pakop\u0173 laikinio \u012fkrovimo ir i\u0161krovimo funkcija, integruotos akumuliatoriaus kondicionavimo ir apsaugos funkcijos, kurios tausoja akumuliatorius. Jis dera su keliais lygiagre\u010diai veikian\u010diais inverteriais, kad b\u016bt\u0173 galima suformuoti vienfaz\u0119 arba trifaz\u0119 sistem\u0105, kurios did\u017eiausia galia \u2013 48 kW. Turi UPS perjungimo funkcij\u0105 ir u\u017etikrina nepriklausom\u0105 generatoriaus s\u0105saj\u0105, kad energijos naudojimo programos b\u016bt\u0173 patikimesn\u0117s. \u0160is gaminys teikia sprendimus sud\u0117tingiems energijos scenarijams su gyvenam\u0173j\u0173 nam\u0173 energijos kaupimo sistemomis.<\/p>","protected":false},"excerpt":{"rendered":"<p>S6-EH1P5K-L-PLUS serijos energijos kaupimo inverteris tinka gyvenamosioms PV energijos kaupimo sistemoms, dera su iki 32 A MPPT srov\u0117s stiprio \u012fvadu, tinka \u012fvairioms didel\u0117s galios PV plok\u0161t\u0117ms.<\/p>","protected":false},"featured_media":5432,"comment_status":"open","ping_status":"closed","template":"","meta":[],"product_brand":[223],"product_cat":[367,357,400,374],"product_tag":[],"class_list":{"0":"post-6419","1":"product","2":"type-product","3":"status-publish","4":"has-post-thumbnail","6":"product_brand-solis","7":"product_cat-hibridiniai","8":"product_cat-inverteriai","9":"product_cat-vienfaziai-zemo-voltazo-inverteriai","10":"product_cat-zemo-voltazo-inverteriai","12":"first","13":"outofstock","14":"sale","15":"taxable","16":"shipping-taxable","17":"purchasable","18":"product-type-simple"},"_links":{"self":[{"href":"https:\/\/shop.totemas.lt\/en\/wp-json\/wp\/v2\/product\/6419","targetHints":{"allow":["GET"]}}],"collection":[{"href":"https:\/\/shop.totemas.lt\/en\/wp-json\/wp\/v2\/product"}],"about":[{"href":"https:\/\/shop.totemas.lt\/en\/wp-json\/wp\/v2\/types\/product"}],"replies":[{"embeddable":true,"href":"https:\/\/shop.totemas.lt\/en\/wp-json\/wp\/v2\/comments?post=6419"}],"wp:featuredmedia":[{"embeddable":true,"href":"https:\/\/shop.totemas.lt\/en\/wp-json\/wp\/v2\/media\/5432"}],"wp:attachment":[{"href":"https:\/\/shop.totemas.lt\/en\/wp-json\/wp\/v2\/media?parent=6419"}],"wp:term":[{"taxonomy":"product_brand","embeddable":true,"href":"https:\/\/shop.totemas.lt\/en\/wp-json\/wp\/v2\/product_brand?post=6419"},{"taxonomy":"product_cat","embeddable":true,"href":"https:\/\/shop.totemas.lt\/en\/wp-json\/wp\/v2\/product_cat?post=6419"},{"taxonomy":"product_tag","embeddable":true,"href":"https:\/\/shop.totemas.lt\/en\/wp-json\/wp\/v2\/product_tag?post=6419"}],"curies":[{"name":"wp","href":"https:\/\/api.w.org\/{rel}","templated":true}]}}