{"id":6437,"date":"2026-04-17T11:08:00","date_gmt":"2026-04-17T08:08:00","guid":{"rendered":"https:\/\/shop.totemas.lt\/?post_type=product&#038;p=6437"},"modified":"2026-04-17T15:01:03","modified_gmt":"2026-04-17T12:01:03","slug":"36kw-inverteris-solis-3ph-s5-gc36k","status":"publish","type":"product","link":"https:\/\/shop.totemas.lt\/en\/product\/36kw-inverteris-solis-3ph-s5-gc36k\/","title":{"rendered":"36kW  inverteris Solis (3Ph) S5-GC36K"},"content":{"rendered":"<p>Trifazis serijos stygini\u0173 keitiklis naudoja <strong>4 MPPT<\/strong> dizain\u0105, kad b\u016bt\u0173 sukurta lankstesn\u0117 konfig\u016bracijos schema su ma\u017eesniu poveikiu aplinkai ir didesniu gamybos efektyvumu. Kurio veikimas toks tylus, kaip \u0161nab\u017edesys, taip sukuriant patogesn\u0119 ir draugi\u0161kesn\u0119 darbo ir gyvenimo aplink\u0105.<\/p>","protected":false},"excerpt":{"rendered":"<p>3\/4 MPPT dizainas \u2013 puikiai tinka \u012fvairiomis kryptimis orientuotiems stogams<\/p>","protected":false},"featured_media":5508,"comment_status":"open","ping_status":"closed","template":"","meta":[],"product_brand":[223],"product_cat":[357,361,358,359],"product_tag":[],"class_list":{"0":"post-6437","1":"product","2":"type-product","3":"status-publish","4":"has-post-thumbnail","6":"product_brand-solis","7":"product_cat-inverteriai","8":"product_cat-nuo-20-kw","9":"product_cat-on-grid-standartiniai","10":"product_cat-trifaziai","12":"first","13":"instock","14":"sale","15":"taxable","16":"shipping-taxable","17":"purchasable","18":"product-type-simple"},"_links":{"self":[{"href":"https:\/\/shop.totemas.lt\/en\/wp-json\/wp\/v2\/product\/6437","targetHints":{"allow":["GET"]}}],"collection":[{"href":"https:\/\/shop.totemas.lt\/en\/wp-json\/wp\/v2\/product"}],"about":[{"href":"https:\/\/shop.totemas.lt\/en\/wp-json\/wp\/v2\/types\/product"}],"replies":[{"embeddable":true,"href":"https:\/\/shop.totemas.lt\/en\/wp-json\/wp\/v2\/comments?post=6437"}],"wp:featuredmedia":[{"embeddable":true,"href":"https:\/\/shop.totemas.lt\/en\/wp-json\/wp\/v2\/media\/5508"}],"wp:attachment":[{"href":"https:\/\/shop.totemas.lt\/en\/wp-json\/wp\/v2\/media?parent=6437"}],"wp:term":[{"taxonomy":"product_brand","embeddable":true,"href":"https:\/\/shop.totemas.lt\/en\/wp-json\/wp\/v2\/product_brand?post=6437"},{"taxonomy":"product_cat","embeddable":true,"href":"https:\/\/shop.totemas.lt\/en\/wp-json\/wp\/v2\/product_cat?post=6437"},{"taxonomy":"product_tag","embeddable":true,"href":"https:\/\/shop.totemas.lt\/en\/wp-json\/wp\/v2\/product_tag?post=6437"}],"curies":[{"name":"wp","href":"https:\/\/api.w.org\/{rel}","templated":true}]}}