{"id":6439,"date":"2026-04-17T11:08:00","date_gmt":"2026-04-17T08:08:00","guid":{"rendered":"https:\/\/shop.totemas.lt\/?post_type=product&#038;p=6439"},"modified":"2026-04-17T11:08:03","modified_gmt":"2026-04-17T08:08:03","slug":"350kw-trifazis-on-grid-solis-inverteris-s6-gu350k-ehv-uzsakomas","status":"publish","type":"product","link":"https:\/\/shop.totemas.lt\/en\/product\/350kw-trifazis-on-grid-solis-inverteris-s6-gu350k-ehv-uzsakomas\/","title":{"rendered":"350kW Trifazis On-Grid Solis inverteris S6-GU350K-EHV U\u017dSAKOMAS"},"content":{"rendered":"<p><!--StartFragment --><\/p>\n<ul>\n<li><strong>12\/16 MPPT<\/strong> \u2013 tiksli energijos paie\u0161ka i\u0161 keli\u0173 saul\u0117s moduli\u0173 grandini\u0173;<\/li>\n<li><strong>Maksimalus efektyvumas<\/strong> \u2013 99,0\u202f%, minimal\u016bs energijos nuostoliai;<\/li>\n<li><strong>Galimas &gt;150\u202f% DC\/AC<\/strong> santykis, leid\u017eiantis \u012frengti daugiau moduli\u0173 nei keitiklio nominali galia;<\/li>\n<li><strong>\u017dema paleidimo \u012ftampa<\/strong> \u2013 \u012frenginys pradeda veikti anks\u010diau ryte;<\/li>\n<li><strong>Suderinamas su 182 ir 210 bifacial<\/strong> moduliais, kurie efektyv\u016bs i\u0161 abiej\u0173 pusi\u0173;<!--StartFragment --><\/li>\n<li><strong>IP66 apsauga ir C5 atsparumas korozijai<\/strong> \u2013 tinkamas net at\u0161iauriomis s\u0105lygomis;<\/li>\n<li>Anti-PID ir PID atk\u016brimo funkcija, sauganti moduli\u0173 efektyvum\u0105;<\/li>\n<li>Be saugikli\u0173, tod\u0117l saugesnis ir reikalaujantis ma\u017eiau prie\u017ei\u016bros<!--EndFragment --> ;<!--StartFragment --><\/li>\n<li><strong>SVG funkcija nakt\u012f<\/strong> \u2013 reaktyviosios galios kompensavimas net tamsoje;<\/li>\n<li><strong>I\u0161mani grandini\u0173 steb\u0117sena ir I-V kreiv\u0117s analiz\u0117<\/strong> \u2013 diagnostikai ir efektyvumo kontrolei;<\/li>\n<li>Nuotolinis programin\u0117s \u012frangos atnaujinimas, paprasta ir patogu;<!--StartFragment --><\/li>\n<li>Galimas duomen\u0173 perdavimas elektros linija (PLC) \u2013 ma\u017eiau kabeli\u0173;<\/li>\n<li>Integruota jungtis steb\u0117jimo sistemos maitinimui, suma\u017eina papildom\u0173 pried\u0173 poreik\u012f.<!--EndFragment --><\/li>\n<\/ul>\n<p><!--EndFragment --><\/p>\n<p><!--EndFragment --><\/p>","protected":false},"excerpt":{"rendered":"<p>U\u017dSAKOMAS<\/p>","protected":false},"featured_media":5516,"comment_status":"open","ping_status":"closed","template":"","meta":[],"product_brand":[223],"product_cat":[367,361,358,359],"product_tag":[],"class_list":{"0":"post-6439","1":"product","2":"type-product","3":"status-publish","4":"has-post-thumbnail","6":"product_brand-solis","7":"product_cat-hibridiniai","8":"product_cat-nuo-20-kw","9":"product_cat-on-grid-standartiniai","10":"product_cat-trifaziai","12":"first","13":"outofstock","14":"taxable","15":"shipping-taxable","16":"purchasable","17":"product-type-simple"},"_links":{"self":[{"href":"https:\/\/shop.totemas.lt\/en\/wp-json\/wp\/v2\/product\/6439","targetHints":{"allow":["GET"]}}],"collection":[{"href":"https:\/\/shop.totemas.lt\/en\/wp-json\/wp\/v2\/product"}],"about":[{"href":"https:\/\/shop.totemas.lt\/en\/wp-json\/wp\/v2\/types\/product"}],"replies":[{"embeddable":true,"href":"https:\/\/shop.totemas.lt\/en\/wp-json\/wp\/v2\/comments?post=6439"}],"wp:featuredmedia":[{"embeddable":true,"href":"https:\/\/shop.totemas.lt\/en\/wp-json\/wp\/v2\/media\/5516"}],"wp:attachment":[{"href":"https:\/\/shop.totemas.lt\/en\/wp-json\/wp\/v2\/media?parent=6439"}],"wp:term":[{"taxonomy":"product_brand","embeddable":true,"href":"https:\/\/shop.totemas.lt\/en\/wp-json\/wp\/v2\/product_brand?post=6439"},{"taxonomy":"product_cat","embeddable":true,"href":"https:\/\/shop.totemas.lt\/en\/wp-json\/wp\/v2\/product_cat?post=6439"},{"taxonomy":"product_tag","embeddable":true,"href":"https:\/\/shop.totemas.lt\/en\/wp-json\/wp\/v2\/product_tag?post=6439"}],"curies":[{"name":"wp","href":"https:\/\/api.w.org\/{rel}","templated":true}]}}