{"id":6443,"date":"2026-04-17T11:08:01","date_gmt":"2026-04-17T08:08:01","guid":{"rendered":"https:\/\/shop.totemas.lt\/?post_type=product&#038;p=6443"},"modified":"2026-04-17T18:01:26","modified_gmt":"2026-04-17T15:01:26","slug":"3-6-kw-solis-zemo-voltazo-1ph-hibridinis-inverteris-s6-eh1p3-6k-l-plus","status":"publish","type":"product","link":"https:\/\/shop.totemas.lt\/en\/product\/3-6-kw-solis-zemo-voltazo-1ph-hibridinis-inverteris-s6-eh1p3-6k-l-plus\/","title":{"rendered":"3.6 kW Solis \u017eemo volta\u017eo (1Ph) hibridinis inverteris S6-EH1P3.6K-L-PLUS"},"content":{"rendered":"<p><strong>S6-EH1P(3-10)KL-PLUS<\/strong> serijos energijos kaupimo keitiklis tinka gyvenam\u0173j\u0173 nam\u0173 PV energijos kaupimo sistemoms, palaiko iki 32 A MPPT srov\u0117s \u012fvest\u012f, tinka \u012fvairioms didel\u0117s galios PV plok\u0161t\u0117ms; 6 pakop\u0173 \u012fkrovimo ir i\u0161krovimo funkcija su laiku, integruotos akumuliatori\u0173 apdorojimo ir apsaugos funkcijos, draugi\u0161kesn\u0117s akumuliatoriams. Gali palaikyti kelis keitiklius lygiagre\u010diai, kad b\u016bt\u0173 suformuota vienfaz\u0117 arba trifaz\u0117 sistema, kurios maksimali galia yra 48 kW. Su UPS perjungimu ir nepriklausoma generatoriaus s\u0105saja, kad energijos tiekimas b\u016bt\u0173 patikimesnis. Produktas teikia sprendimus reiklioms energijos tiekimo situacijoms, susijusioms su gyvenam\u0173j\u0173 nam\u0173 energijos kaupimo sistemomis.<\/p>","protected":false},"excerpt":{"rendered":"<p>S6-EH1P(3-10)KL-PLUS serijos energijos kaupimo keitiklis tinka gyvenam\u0173j\u0173 nam\u0173 PV energijos kaupimo sistemoms, palaiko iki 32 A MPPT srov\u0117s \u012fvest\u012f, tinka \u012fvairioms didel\u0117s galios PV plok\u0161t\u0117ms.<\/p>","protected":false},"featured_media":5531,"comment_status":"open","ping_status":"closed","template":"","meta":[],"product_brand":[223],"product_cat":[367,357,400,374],"product_tag":[],"class_list":{"0":"post-6443","1":"product","2":"type-product","3":"status-publish","4":"has-post-thumbnail","6":"product_brand-solis","7":"product_cat-hibridiniai","8":"product_cat-inverteriai","9":"product_cat-vienfaziai-zemo-voltazo-inverteriai","10":"product_cat-zemo-voltazo-inverteriai","12":"first","13":"instock","14":"sale","15":"taxable","16":"shipping-taxable","17":"purchasable","18":"product-type-simple"},"_links":{"self":[{"href":"https:\/\/shop.totemas.lt\/en\/wp-json\/wp\/v2\/product\/6443","targetHints":{"allow":["GET"]}}],"collection":[{"href":"https:\/\/shop.totemas.lt\/en\/wp-json\/wp\/v2\/product"}],"about":[{"href":"https:\/\/shop.totemas.lt\/en\/wp-json\/wp\/v2\/types\/product"}],"replies":[{"embeddable":true,"href":"https:\/\/shop.totemas.lt\/en\/wp-json\/wp\/v2\/comments?post=6443"}],"wp:featuredmedia":[{"embeddable":true,"href":"https:\/\/shop.totemas.lt\/en\/wp-json\/wp\/v2\/media\/5531"}],"wp:attachment":[{"href":"https:\/\/shop.totemas.lt\/en\/wp-json\/wp\/v2\/media?parent=6443"}],"wp:term":[{"taxonomy":"product_brand","embeddable":true,"href":"https:\/\/shop.totemas.lt\/en\/wp-json\/wp\/v2\/product_brand?post=6443"},{"taxonomy":"product_cat","embeddable":true,"href":"https:\/\/shop.totemas.lt\/en\/wp-json\/wp\/v2\/product_cat?post=6443"},{"taxonomy":"product_tag","embeddable":true,"href":"https:\/\/shop.totemas.lt\/en\/wp-json\/wp\/v2\/product_tag?post=6443"}],"curies":[{"name":"wp","href":"https:\/\/api.w.org\/{rel}","templated":true}]}}