{"id":6473,"date":"2026-04-17T11:08:11","date_gmt":"2026-04-17T08:08:11","guid":{"rendered":"https:\/\/shop.totemas.lt\/?post_type=product&#038;p=6473"},"modified":"2026-04-17T11:08:13","modified_gmt":"2026-04-17T08:08:13","slug":"ermitazo-dovanu-kortele-50-e","status":"publish","type":"product","link":"https:\/\/shop.totemas.lt\/en\/product\/ermitazo-dovanu-kortele-50-e\/","title":{"rendered":"\u201eErmita\u017eo\u201e dovan\u0173 kortel\u0117 50 \u20ac"},"content":{"rendered":"<p>Dovan\u0173 kortel\u0117 skirta \u012fsigyti prekes visose \u201eErmita\u017eo\u201c parduotuv\u0117se Lietuvoje. Galite rinktis i\u0161 plataus nam\u0173, sodo, buities ir statybos preki\u0173 asortimento.<\/p>","protected":false},"excerpt":{"rendered":"<p>Dovan\u0173 kortel\u0117 skirta \u012fsigyti prekes visose \u201eErmita\u017eo\u201c parduotuv\u0117se Lietuvoje. Galite rinktis i\u0161 plataus nam\u0173, sodo, buities ir statybos preki\u0173 asortimento.<\/p>","protected":false},"featured_media":5717,"comment_status":"open","ping_status":"closed","template":"","meta":[],"product_brand":[],"product_cat":[409],"product_tag":[],"class_list":{"0":"post-6473","1":"product","2":"type-product","3":"status-publish","4":"has-post-thumbnail","6":"product_cat-prekes-uz-taskus","8":"first","9":"instock","10":"taxable","11":"shipping-taxable","12":"purchasable","13":"product-type-simple"},"_links":{"self":[{"href":"https:\/\/shop.totemas.lt\/en\/wp-json\/wp\/v2\/product\/6473","targetHints":{"allow":["GET"]}}],"collection":[{"href":"https:\/\/shop.totemas.lt\/en\/wp-json\/wp\/v2\/product"}],"about":[{"href":"https:\/\/shop.totemas.lt\/en\/wp-json\/wp\/v2\/types\/product"}],"replies":[{"embeddable":true,"href":"https:\/\/shop.totemas.lt\/en\/wp-json\/wp\/v2\/comments?post=6473"}],"wp:featuredmedia":[{"embeddable":true,"href":"https:\/\/shop.totemas.lt\/en\/wp-json\/wp\/v2\/media\/5717"}],"wp:attachment":[{"href":"https:\/\/shop.totemas.lt\/en\/wp-json\/wp\/v2\/media?parent=6473"}],"wp:term":[{"taxonomy":"product_brand","embeddable":true,"href":"https:\/\/shop.totemas.lt\/en\/wp-json\/wp\/v2\/product_brand?post=6473"},{"taxonomy":"product_cat","embeddable":true,"href":"https:\/\/shop.totemas.lt\/en\/wp-json\/wp\/v2\/product_cat?post=6473"},{"taxonomy":"product_tag","embeddable":true,"href":"https:\/\/shop.totemas.lt\/en\/wp-json\/wp\/v2\/product_tag?post=6473"}],"curies":[{"name":"wp","href":"https:\/\/api.w.org\/{rel}","templated":true}]}}