{"id":6503,"date":"2026-04-17T11:08:19","date_gmt":"2026-04-17T08:08:19","guid":{"rendered":"https:\/\/shop.totemas.lt\/?post_type=product&#038;p=6503"},"modified":"2026-04-17T11:08:22","modified_gmt":"2026-04-17T08:08:22","slug":"sunpro-m10-440w-saules-modulis-stiklas-stiklas","status":"publish","type":"product","link":"https:\/\/shop.totemas.lt\/en\/product\/sunpro-m10-440w-saules-modulis-stiklas-stiklas\/","title":{"rendered":"SUNPRO M10 440W Saul\u0117s modulis (stiklas\/stiklas)"},"content":{"rendered":"<p><strong>&#8220;Sunpro SPDG440-N108M10<\/strong>\u00a0<strong>Double Glass\u00a0<\/strong>Panel&#8221;: galingas\u00a0<strong>440 W N-Type<\/strong>\u00a0<strong>TOPCon<\/strong>\u00a0modulis su\u00a0<strong>visi\u0161kai juoda apdaila\u00a0<\/strong>ir\u00a0<strong>dvipusiu dizainu<\/strong>, kuris u\u017etikrina patvar\u0173 skydel\u012f su didesniu generavimo efektyvumu.<\/p>\n<table>\n<tbody>\n<tr>\n<td>Cell 1<\/td>\n<td>Cell 2<\/td>\n<\/tr>\n<tr>\n<td>Cell 3<\/td>\n<td>Cell 4<\/td>\n<\/tr>\n<\/tbody>\n<\/table>","protected":false},"excerpt":{"rendered":"<p>\u0160is saul\u0117s modulis, kur\u012f gamina Sunpro,\u00a0<strong>Tier 1<\/strong> BNEF moduli\u0173 gamintojas, yra puikus pasirinkimas tiems, kurie ie\u0161ko patikimumo ir i\u0161siskiria technologijomis, tuo pa\u010diu u\u017etikrinant didesn\u0119 investicij\u0173 gr\u0105\u017e\u0105.<\/p>","protected":false},"featured_media":5766,"comment_status":"open","ping_status":"closed","template":"","meta":[],"product_brand":[214],"product_cat":[352,354],"product_tag":[],"class_list":{"0":"post-6503","1":"product","2":"type-product","3":"status-publish","4":"has-post-thumbnail","6":"product_brand-sunpro","7":"product_cat-saules-moduliai","8":"product_cat-sunpro-power","10":"first","11":"outofstock","12":"sale","13":"taxable","14":"shipping-taxable","15":"purchasable","16":"product-type-simple"},"_links":{"self":[{"href":"https:\/\/shop.totemas.lt\/en\/wp-json\/wp\/v2\/product\/6503","targetHints":{"allow":["GET"]}}],"collection":[{"href":"https:\/\/shop.totemas.lt\/en\/wp-json\/wp\/v2\/product"}],"about":[{"href":"https:\/\/shop.totemas.lt\/en\/wp-json\/wp\/v2\/types\/product"}],"replies":[{"embeddable":true,"href":"https:\/\/shop.totemas.lt\/en\/wp-json\/wp\/v2\/comments?post=6503"}],"wp:featuredmedia":[{"embeddable":true,"href":"https:\/\/shop.totemas.lt\/en\/wp-json\/wp\/v2\/media\/5766"}],"wp:attachment":[{"href":"https:\/\/shop.totemas.lt\/en\/wp-json\/wp\/v2\/media?parent=6503"}],"wp:term":[{"taxonomy":"product_brand","embeddable":true,"href":"https:\/\/shop.totemas.lt\/en\/wp-json\/wp\/v2\/product_brand?post=6503"},{"taxonomy":"product_cat","embeddable":true,"href":"https:\/\/shop.totemas.lt\/en\/wp-json\/wp\/v2\/product_cat?post=6503"},{"taxonomy":"product_tag","embeddable":true,"href":"https:\/\/shop.totemas.lt\/en\/wp-json\/wp\/v2\/product_tag?post=6503"}],"curies":[{"name":"wp","href":"https:\/\/api.w.org\/{rel}","templated":true}]}}