{"id":6506,"date":"2026-04-17T11:08:20","date_gmt":"2026-04-17T08:08:20","guid":{"rendered":"https:\/\/shop.totemas.lt\/?post_type=product&#038;p=6506"},"modified":"2026-04-17T17:00:49","modified_gmt":"2026-04-17T14:00:49","slug":"50kw-inverteris-growatt-3ph-max-50ktl3-lv","status":"publish","type":"product","link":"https:\/\/shop.totemas.lt\/en\/product\/50kw-inverteris-growatt-3ph-max-50ktl3-lv\/","title":{"rendered":"50kW Inverteris Growatt (3Ph) MAX 50KTL3 LV"},"content":{"rendered":"<p><strong>Growatt MAX 50KTL3 LV keitiklis<\/strong>\u00a0jis pasi\u017eymi prieinama kaina ir auk\u0161ta kokybe. Jis yra sertifikuotas Lenkijos rinkai ir da\u017enai naudojamas vartotojams palankiuose \u012frenginiuose.<\/p>","protected":false},"excerpt":{"rendered":"<p>Growatt Inverter MAX 50 KTL3 LV (AFCI) yra didel\u0117s galios pramoninis keitiklis, kurio maksimali galia yra 50 kW, tinkamas dideliems ir komerciniams saul\u0117s energijos projektams.<\/p>","protected":false},"featured_media":5771,"comment_status":"open","ping_status":"closed","template":"","meta":[],"product_brand":[286],"product_cat":[357,361,358,359],"product_tag":[],"class_list":{"0":"post-6506","1":"product","2":"type-product","3":"status-publish","4":"has-post-thumbnail","6":"product_brand-growatt","7":"product_cat-inverteriai","8":"product_cat-nuo-20-kw","9":"product_cat-on-grid-standartiniai","10":"product_cat-trifaziai","12":"first","13":"instock","14":"sale","15":"taxable","16":"shipping-taxable","17":"purchasable","18":"product-type-simple"},"_links":{"self":[{"href":"https:\/\/shop.totemas.lt\/en\/wp-json\/wp\/v2\/product\/6506","targetHints":{"allow":["GET"]}}],"collection":[{"href":"https:\/\/shop.totemas.lt\/en\/wp-json\/wp\/v2\/product"}],"about":[{"href":"https:\/\/shop.totemas.lt\/en\/wp-json\/wp\/v2\/types\/product"}],"replies":[{"embeddable":true,"href":"https:\/\/shop.totemas.lt\/en\/wp-json\/wp\/v2\/comments?post=6506"}],"wp:featuredmedia":[{"embeddable":true,"href":"https:\/\/shop.totemas.lt\/en\/wp-json\/wp\/v2\/media\/5771"}],"wp:attachment":[{"href":"https:\/\/shop.totemas.lt\/en\/wp-json\/wp\/v2\/media?parent=6506"}],"wp:term":[{"taxonomy":"product_brand","embeddable":true,"href":"https:\/\/shop.totemas.lt\/en\/wp-json\/wp\/v2\/product_brand?post=6506"},{"taxonomy":"product_cat","embeddable":true,"href":"https:\/\/shop.totemas.lt\/en\/wp-json\/wp\/v2\/product_cat?post=6506"},{"taxonomy":"product_tag","embeddable":true,"href":"https:\/\/shop.totemas.lt\/en\/wp-json\/wp\/v2\/product_tag?post=6506"}],"curies":[{"name":"wp","href":"https:\/\/api.w.org\/{rel}","templated":true}]}}