{"id":6508,"date":"2026-04-17T11:08:20","date_gmt":"2026-04-17T08:08:20","guid":{"rendered":"https:\/\/shop.totemas.lt\/?post_type=product&#038;p=6508"},"modified":"2026-04-17T14:01:33","modified_gmt":"2026-04-17T11:01:33","slug":"growatt-shine-wifi-x-inverterio-komunikacijos-adapteris","status":"publish","type":"product","link":"https:\/\/shop.totemas.lt\/en\/product\/growatt-shine-wifi-x-inverterio-komunikacijos-adapteris\/","title":{"rendered":"Growatt Shine WiFi-X inverterio komunikacijos adapteris"},"content":{"rendered":"<div><span>&#8220;Growatt Shine WiFi-X&#8221; yra lengvai ir greitai montuojamas be laid\u0173. &#8220;Shine WiFi-X&#8221; yra su USB ry\u0161io prievadu ir 1 m\u0117nesio saugojimo duomenimis. Naudodami &#8220;Shine Wi-Fi&#8221; suteikiate &#8220;Growatt&#8221; keitikliui &#8220;Wi-Fi&#8221; galimybes, kad jis gal\u0117t\u0173 prisijungti prie &#8220;Growatt&#8221; internetin\u0117s paslaugos, kurioje rodomi PV j\u0117gain\u0117s duomenys. Pa\u010diame &#8220;Shine WiFi-X&#8221; i\u0161 viso yra 1 m\u0117nesio saugojimo duomenys.<\/span><\/p>\n<\/div>\n<div>&#8220;WiFi-X&#8221; yra su LED ekranu ir turi maksimal\u0173 50 m diapazon\u0105. Minimali \/ maksimali temperat\u016bra yra -20 \/ +65 \u00baC.<\/div>","protected":false},"excerpt":{"rendered":"<p>&#8220;Growatt Shine WiFi-X&#8221;\u00a0 yra \u012frenginys, kur\u012f prijungiate prie &#8220;Growatt&#8221; keitiklio USB prievado, kad gal\u0117tum\u0117te steb\u0117ti ir valdyti keitiklio veikim\u0105. Keitiklis prisijungia prie vietinio &#8220;Wi-Fi&#8221; tinklo, tod\u0117l vartotojas, turintis interneto prieig\u0105, gali per\u017ei\u016br\u0117ti fotovoltin\u0117s sistemos parametrus.<\/p>","protected":false},"featured_media":5773,"comment_status":"open","ping_status":"closed","template":"","meta":[],"product_brand":[286],"product_cat":[376,370],"product_tag":[],"class_list":{"0":"post-6508","1":"product","2":"type-product","3":"status-publish","4":"has-post-thumbnail","6":"product_brand-growatt","7":"product_cat-datalogger","8":"product_cat-priedai","10":"first","11":"instock","12":"sale","13":"taxable","14":"shipping-taxable","15":"purchasable","16":"product-type-simple"},"_links":{"self":[{"href":"https:\/\/shop.totemas.lt\/en\/wp-json\/wp\/v2\/product\/6508","targetHints":{"allow":["GET"]}}],"collection":[{"href":"https:\/\/shop.totemas.lt\/en\/wp-json\/wp\/v2\/product"}],"about":[{"href":"https:\/\/shop.totemas.lt\/en\/wp-json\/wp\/v2\/types\/product"}],"replies":[{"embeddable":true,"href":"https:\/\/shop.totemas.lt\/en\/wp-json\/wp\/v2\/comments?post=6508"}],"wp:featuredmedia":[{"embeddable":true,"href":"https:\/\/shop.totemas.lt\/en\/wp-json\/wp\/v2\/media\/5773"}],"wp:attachment":[{"href":"https:\/\/shop.totemas.lt\/en\/wp-json\/wp\/v2\/media?parent=6508"}],"wp:term":[{"taxonomy":"product_brand","embeddable":true,"href":"https:\/\/shop.totemas.lt\/en\/wp-json\/wp\/v2\/product_brand?post=6508"},{"taxonomy":"product_cat","embeddable":true,"href":"https:\/\/shop.totemas.lt\/en\/wp-json\/wp\/v2\/product_cat?post=6508"},{"taxonomy":"product_tag","embeddable":true,"href":"https:\/\/shop.totemas.lt\/en\/wp-json\/wp\/v2\/product_tag?post=6508"}],"curies":[{"name":"wp","href":"https:\/\/api.w.org\/{rel}","templated":true}]}}