{"id":6510,"date":"2026-04-17T11:08:20","date_gmt":"2026-04-17T08:08:20","guid":{"rendered":"https:\/\/shop.totemas.lt\/?post_type=product&#038;p=6510"},"modified":"2026-04-18T03:00:48","modified_gmt":"2026-04-18T00:00:48","slug":"solax-15kw-hibridinis-inverteris-solax-x3-hybrid-15-0-d-g4","status":"publish","type":"product","link":"https:\/\/shop.totemas.lt\/en\/product\/solax-15kw-hibridinis-inverteris-solax-x3-hybrid-15-0-d-g4\/","title":{"rendered":"Solax 15kW Hibridinis inverteris SOLAX X3-Hybrid-15.0-D G4"},"content":{"rendered":"<p>\u2019\u2019X3-Hybrid G4\u2019\u2019 serija yra auk\u0161tos kokyb\u0117s hibridinis inverteris, galintis saul\u0117s energij\u0105 konvertuoti \u012f kintam\u0105j\u0105 srov\u0119 ir kaupti energij\u0105 akumuliatoriuose. Inverteris gali b\u016bti naudojamas optimizuoti savos energijos vartojim\u0105, kaupiant energij\u0105 baterijose, kad b\u016bt\u0173 panaudojama ateityje, arba atlikti energijos tiekiam\u0105 \u012f vie\u0161\u0105j\u012f elektros tinkl\u0105. Veikimo re\u017eimas priklauso nuo naudotojo parametr\u0173 konfig\u016bracijos. \u012erenginys, naudojant papildomus akumuliatorius, gali u\u017etikrinti avarin\u012f maitinim\u0105 nutr\u016bkus elektros energijos tiekimui.<\/p>","protected":false},"excerpt":{"rendered":"<p>\u2019\u2019X3-Hybrid G4\u2019\u2019 serija yra auk\u0161tos kokyb\u0117s hibridinis inverteris, galintis saul\u0117s energij\u0105 konvertuoti \u012f kintam\u0105j\u0105 srov\u0119 ir kaupti energij\u0105 akumuliatoriuose. Inverteris gali b\u016bti naudojamas optimizuoti savos energijos vartojim\u0105, kaupiant energij\u0105 baterijose, kad b\u016bt\u0173 panaudojama ateityje, arba atlikti energijos tiekiam\u0105 \u012f vie\u0161\u0105j\u012f elektros tinkl\u0105. Veikimo re\u017eimas priklauso nuo naudotojo parametr\u0173 konfig\u016bracijos. \u012erenginys, naudojant papildomus akumuliatorius, gali u\u017etikrinti avarin\u012f maitinim\u0105 nutr\u016bkus elektros energijos tiekimui.<\/p>","protected":false},"featured_media":5775,"comment_status":"open","ping_status":"closed","template":"","meta":[],"product_brand":[287],"product_cat":[368,367,357],"product_tag":[],"class_list":{"0":"post-6510","1":"product","2":"type-product","3":"status-publish","4":"has-post-thumbnail","6":"product_brand-solax","7":"product_cat-auksto-voltazo-inverteriai","8":"product_cat-hibridiniai","9":"product_cat-inverteriai","11":"first","12":"instock","13":"sale","14":"taxable","15":"shipping-taxable","16":"purchasable","17":"product-type-simple"},"_links":{"self":[{"href":"https:\/\/shop.totemas.lt\/en\/wp-json\/wp\/v2\/product\/6510","targetHints":{"allow":["GET"]}}],"collection":[{"href":"https:\/\/shop.totemas.lt\/en\/wp-json\/wp\/v2\/product"}],"about":[{"href":"https:\/\/shop.totemas.lt\/en\/wp-json\/wp\/v2\/types\/product"}],"replies":[{"embeddable":true,"href":"https:\/\/shop.totemas.lt\/en\/wp-json\/wp\/v2\/comments?post=6510"}],"wp:featuredmedia":[{"embeddable":true,"href":"https:\/\/shop.totemas.lt\/en\/wp-json\/wp\/v2\/media\/5775"}],"wp:attachment":[{"href":"https:\/\/shop.totemas.lt\/en\/wp-json\/wp\/v2\/media?parent=6510"}],"wp:term":[{"taxonomy":"product_brand","embeddable":true,"href":"https:\/\/shop.totemas.lt\/en\/wp-json\/wp\/v2\/product_brand?post=6510"},{"taxonomy":"product_cat","embeddable":true,"href":"https:\/\/shop.totemas.lt\/en\/wp-json\/wp\/v2\/product_cat?post=6510"},{"taxonomy":"product_tag","embeddable":true,"href":"https:\/\/shop.totemas.lt\/en\/wp-json\/wp\/v2\/product_tag?post=6510"}],"curies":[{"name":"wp","href":"https:\/\/api.w.org\/{rel}","templated":true}]}}