{"id":6512,"date":"2026-04-17T11:08:20","date_gmt":"2026-04-17T08:08:20","guid":{"rendered":"https:\/\/shop.totemas.lt\/?post_type=product&#038;p=6512"},"modified":"2026-04-17T11:08:23","modified_gmt":"2026-04-17T08:08:23","slug":"sunpro-440w-saules-modulis-full-transpatent-stiklas-stiklas","status":"publish","type":"product","link":"https:\/\/shop.totemas.lt\/en\/product\/sunpro-440w-saules-modulis-full-transpatent-stiklas-stiklas\/","title":{"rendered":"SUNPRO 440W Saul\u0117s modulis Full transpatent (stiklas\/stiklas)"},"content":{"rendered":"<p>Auk\u0161to efektyvumo\u00a0<strong>Sunpro Power 440W<\/strong>\u00a0monokristalinis saul\u0117s modulis yra puikus pasirinkimas d\u0117l savo optimalaus modulio efektyvumo, kuris siekia iki 22.53%. Tai rei\u0161kia, kad modulis gali efektyviai paversti didesn\u0119 saul\u0117s energijos dal\u012f \u012f elektros energij\u0105, suma\u017eindamas J\u016bs\u0173 s\u0105skaitas u\u017e energij\u0105 ir padidindamas investicij\u0173 gr\u0105\u017e\u0105. Modulis atitinka auk\u0161\u010diausius standartus: jis yra sertifikuotas pagal ISO 9001, ISO 14001, OHSAS 18001 ir atlaiko ekstremalias v\u0117jo (2400 Pascal) bei sniego (5400 Pascal) apkrovas, u\u017etikrindamas ilgaam\u017ei\u0161kum\u0105 ir patikimum\u0105 net sud\u0117tingiausiomis s\u0105lygomis.<\/p>","protected":false},"excerpt":{"rendered":"<p>Auk\u0161to efektyvumo\u00a0Sunpro Power 440W\u00a0monokristalinis saul\u0117s modulis yra puikus pasirinkimas d\u0117l savo optimalaus modulio efektyvumo, kuris siekia iki 22.53%. Tai rei\u0161kia, kad modulis gali efektyviai paversti didesn\u0119 saul\u0117s energijos dal\u012f \u012f elektros energij\u0105, suma\u017eindamas J\u016bs\u0173 s\u0105skaitas u\u017e energij\u0105 ir padidindamas investicij\u0173 gr\u0105\u017e\u0105. Modulis atitinka auk\u0161\u010diausius standartus: jis yra sertifikuotas pagal ISO 9001, ISO 14001, OHSAS 18001 ir atlaiko ekstremalias v\u0117jo (2400 Pascal) bei sniego (5400 Pascal) apkrovas, u\u017etikrindamas ilgaam\u017ei\u0161kum\u0105 ir patikimum\u0105 net sud\u0117tingiausiomis s\u0105lygomis.<\/p>","protected":false},"featured_media":5778,"comment_status":"open","ping_status":"closed","template":"","meta":[],"product_brand":[214],"product_cat":[352,354],"product_tag":[],"class_list":{"0":"post-6512","1":"product","2":"type-product","3":"status-publish","4":"has-post-thumbnail","6":"product_brand-sunpro","7":"product_cat-saules-moduliai","8":"product_cat-sunpro-power","10":"first","11":"outofstock","12":"sale","13":"taxable","14":"shipping-taxable","15":"purchasable","16":"product-type-simple"},"_links":{"self":[{"href":"https:\/\/shop.totemas.lt\/en\/wp-json\/wp\/v2\/product\/6512","targetHints":{"allow":["GET"]}}],"collection":[{"href":"https:\/\/shop.totemas.lt\/en\/wp-json\/wp\/v2\/product"}],"about":[{"href":"https:\/\/shop.totemas.lt\/en\/wp-json\/wp\/v2\/types\/product"}],"replies":[{"embeddable":true,"href":"https:\/\/shop.totemas.lt\/en\/wp-json\/wp\/v2\/comments?post=6512"}],"wp:featuredmedia":[{"embeddable":true,"href":"https:\/\/shop.totemas.lt\/en\/wp-json\/wp\/v2\/media\/5778"}],"wp:attachment":[{"href":"https:\/\/shop.totemas.lt\/en\/wp-json\/wp\/v2\/media?parent=6512"}],"wp:term":[{"taxonomy":"product_brand","embeddable":true,"href":"https:\/\/shop.totemas.lt\/en\/wp-json\/wp\/v2\/product_brand?post=6512"},{"taxonomy":"product_cat","embeddable":true,"href":"https:\/\/shop.totemas.lt\/en\/wp-json\/wp\/v2\/product_cat?post=6512"},{"taxonomy":"product_tag","embeddable":true,"href":"https:\/\/shop.totemas.lt\/en\/wp-json\/wp\/v2\/product_tag?post=6512"}],"curies":[{"name":"wp","href":"https:\/\/api.w.org\/{rel}","templated":true}]}}