{"id":6530,"date":"2026-04-17T11:08:27","date_gmt":"2026-04-17T08:08:27","guid":{"rendered":"https:\/\/shop.totemas.lt\/?post_type=product&#038;p=6530"},"modified":"2026-04-17T11:08:29","modified_gmt":"2026-04-17T08:08:29","slug":"enershare-100-215-kwh-lauko-dc-energijos-kaupimo-sistema","status":"publish","type":"product","link":"https:\/\/shop.totemas.lt\/en\/product\/enershare-100-215-kwh-lauko-dc-energijos-kaupimo-sistema\/","title":{"rendered":"Enershare 100-215 kWh lauko DC energijos kaupimo sistema"},"content":{"rendered":"<ul>\n<li data-start=\"846\" data-end=\"952\">\n<p data-start=\"848\" data-end=\"952\">215 kWh nominali energijos talpa \u2013 idealiai tinka didel\u0117s galios saugojimui ir energijos balansavimui;<\/p>\n<\/li>\n<li data-start=\"953\" data-end=\"1099\">\n<p data-start=\"955\" data-end=\"1099\">Galima jungti kelias spintas lygiagre\u010diai, kad pasiektum\u0117te dar didesn\u0119 bendr\u0105 talp\u0105 ir galios sprendimus;<\/p>\n<\/li>\n<li data-start=\"953\" data-end=\"1099\">\n<p data-start=\"1101\" data-end=\"1416\"><strong data-start=\"1101\" data-end=\"1140\"> Integruotas \u201eAll-in-One\u201c dizainas:<\/strong><br data-start=\"1140\" data-end=\"1143\" \/>Sistema yra pilnai integruota \u2013 baterijos, valdymo blokai, temperat\u016bros kontrol\u0117, gaisro saugos sistema ir monitoringas yra sujungti \u012f vien\u0105 patog\u0173 \u012frengin\u012f. Tai \u017eenkliai suma\u017eina montavimo laik\u0105 ir i\u0161laidas bei supaprastina prie\u017ei\u016br\u0105.<\/p>\n<\/li>\n<li data-start=\"953\" data-end=\"1099\"><strong data-start=\"1418\" data-end=\"1470\">Suderinamumas su atsinaujinan\u010diais \u0161altiniais:<\/strong><br data-start=\"1470\" data-end=\"1473\" \/>Spinta palaiko tiesiogin\u012f DC ry\u0161\u012f su saul\u0117s fotovoltin\u0117mis sistemomis ir gali integruotis \u012f hibridines energijos sistemas kartu su generatoriais ar kitomis energijos \u0161altiniais.<\/li>\n<li data-start=\"953\" data-end=\"1099\"><strong data-start=\"1690\" data-end=\"1719\">I\u0161mani valdymo sistema:<\/strong><br data-start=\"1719\" data-end=\"1722\" \/>\u012erenginyje \u012fdiegta pa\u017eangi sistema su realaus laiko steb\u0117jimo galimyb\u0117mis, suteikianti duomenis apie energijos srautus, baterijos b\u016bkl\u0119, srov\u0117s ir \u012ftampos parametrus bei leid\u017eianti lengvai valdyti eksploatacij\u0105.<\/li>\n<li data-start=\"953\" data-end=\"1099\"><strong data-start=\"1973\" data-end=\"2001\">Auk\u0161tas saugumo lygis:<\/strong><br data-start=\"2001\" data-end=\"2004\" \/>Pa\u017eangios saugos funkcijos: automatin\u0117 gaisro gesinimo sistema, sl\u0117gio i\u0161lyd\u017eio ir liepsnos stabdymo technologijos, kelios apsaugos pakopos nuo perkrov\u0173, temperat\u016bros vir\u0161ijimo ir trumpojo jungimo.<\/li>\n<\/ul>","protected":false},"excerpt":{"rendered":"<h1><strong>U\u017dSAKOMA PREK\u0116<\/strong><\/h1>\n<p><strong data-start=\"328\" data-end=\"370\">100 &#8211; 215 kWh lauko energijos kaupimo spinta<\/strong> \u2013 tai auk\u0161tos klas\u0117s <strong data-start=\"392\" data-end=\"447\">komercin\u0117 ir industrin\u0117 energijos saugyklos sistema<\/strong>, sukurta efektyviam <strong data-start=\"468\" data-end=\"524\">saul\u0117s energetikos, mikrogrid\u0173 ir pramonini\u0173 objekt\u0173<\/strong> elektros energijos valdymui. Sistemos modulin\u0117 konstrukcija, pa\u017eangios technologijos ir i\u0161pl\u0117stin\u0117 apsauga leid\u017eia u\u017etikrinti <strong data-start=\"651\" data-end=\"718\">patikim\u0105, saug\u0173 ir ilgalaik\u012f veikim\u0105 net at\u0161iauriomis s\u0105lygomis<\/strong>.<\/p>","protected":false},"featured_media":5823,"comment_status":"closed","ping_status":"closed","template":"","meta":[],"product_brand":[269],"product_cat":[362],"product_tag":[],"class_list":{"0":"post-6530","1":"product","2":"type-product","3":"status-publish","4":"has-post-thumbnail","6":"product_brand-enershare","7":"product_cat-baterijos","9":"first","10":"outofstock","11":"taxable","12":"shipping-taxable","13":"product-type-variable"},"_links":{"self":[{"href":"https:\/\/shop.totemas.lt\/en\/wp-json\/wp\/v2\/product\/6530","targetHints":{"allow":["GET"]}}],"collection":[{"href":"https:\/\/shop.totemas.lt\/en\/wp-json\/wp\/v2\/product"}],"about":[{"href":"https:\/\/shop.totemas.lt\/en\/wp-json\/wp\/v2\/types\/product"}],"replies":[{"embeddable":true,"href":"https:\/\/shop.totemas.lt\/en\/wp-json\/wp\/v2\/comments?post=6530"}],"wp:featuredmedia":[{"embeddable":true,"href":"https:\/\/shop.totemas.lt\/en\/wp-json\/wp\/v2\/media\/5823"}],"wp:attachment":[{"href":"https:\/\/shop.totemas.lt\/en\/wp-json\/wp\/v2\/media?parent=6530"}],"wp:term":[{"taxonomy":"product_brand","embeddable":true,"href":"https:\/\/shop.totemas.lt\/en\/wp-json\/wp\/v2\/product_brand?post=6530"},{"taxonomy":"product_cat","embeddable":true,"href":"https:\/\/shop.totemas.lt\/en\/wp-json\/wp\/v2\/product_cat?post=6530"},{"taxonomy":"product_tag","embeddable":true,"href":"https:\/\/shop.totemas.lt\/en\/wp-json\/wp\/v2\/product_tag?post=6530"}],"curies":[{"name":"wp","href":"https:\/\/api.w.org\/{rel}","templated":true}]}}