{"id":3332,"date":"2022-06-29T13:11:27","date_gmt":"2022-06-29T10:11:27","guid":{"rendered":"https:\/\/shop.totemas.lt\/?page_id=3332"},"modified":"2022-06-29T13:36:58","modified_gmt":"2022-06-29T10:36:58","slug":"prekiu-grazinimas","status":"publish","type":"page","link":"https:\/\/shop.totemas.lt\/ru\/prekiu-grazinimas\/","title":{"rendered":"\u0412\u043e\u0437\u0432\u0440\u0430\u0442 \u0442\u043e\u0432\u0430\u0440\u0430"},"content":{"rendered":"<div class=\"cat-body mt10 fck\">\n<p style=\"font-weight: 400;\">\u0412\u041e\u0417\u0412\u0420\u0410\u0422 \u0418 \u041e\u0411\u041c\u0415\u041d<\/p>\n<p style=\"font-weight: 400;\">\u0412\u0435\u0440\u043d\u0443\u0442\u044c \u0442\u043e\u0432\u0430\u0440(\u044b) \u0432 \u0441\u043e\u043e\u0442\u0432\u0435\u0442\u0441\u0442\u0432\u0438\u0438 \u0441 \u043f\u0443\u043d\u043a\u0442\u043e\u043c 3.2 \u043d\u0430\u0448\u0438\u0445 \u043f\u0440\u0430\u0432\u0438\u043b. \u043f\u0443\u043d\u043a\u0442 (\u0432\u043d\u0438\u0437\u0443 \u0441\u0442\u0440\u0430\u043d\u0438\u0446\u044b, \u0440\u0430\u0437\u0434\u0435\u043b \u00ab\u041f\u0440\u0430\u0432\u0438\u043b\u0430\u00bb), \u043f\u043e\u043a\u0443\u043f\u0430\u0442\u0435\u043b\u044c \u043c\u043e\u0436\u0435\u0442 \u0441\u0434\u0435\u043b\u0430\u0442\u044c \u044d\u0442\u043e \u0432 \u0442\u0435\u0447\u0435\u043d\u0438\u0435 30 (\u0442\u0440\u0438\u0434\u0446\u0430\u0442\u0438) \u0434\u043d\u0435\u0439 \u0441\u043e \u0434\u043d\u044f \u0434\u043e\u0441\u0442\u0430\u0432\u043a\u0438 \u0442\u043e\u0432\u0430\u0440\u0430 \u043f\u043e\u043a\u0443\u043f\u0430\u0442\u0435\u043b\u044e. \u041f\u0440\u0438 \u0432\u043e\u0437\u0432\u0440\u0430\u0442\u0435 \u0442\u043e\u0432\u0430\u0440\u0430(\u043e\u0432) \u043f\u043e\u043a\u0443\u043f\u0430\u0442\u0435\u043b\u044c \u0434\u043e\u043b\u0436\u0435\u043d \u0443\u043a\u0430\u0437\u0430\u0442\u044c \u043d\u0430\u0438\u043c\u0435\u043d\u043e\u0432\u0430\u043d\u0438\u0435 \u0432\u043e\u0437\u0432\u0440\u0430\u0449\u0430\u0435\u043c\u043e\u0433\u043e \u0442\u043e\u0432\u0430\u0440\u0430, \u043d\u043e\u043c\u0435\u0440 \u0437\u0430\u043a\u0430\u0437\u0430 \u0438 \u043f\u0440\u0438\u0447\u0438\u043d\u044b \u0432\u043e\u0437\u0432\u0440\u0430\u0442\u0430.<\/p>\n<p style=\"font-weight: 400;\">\n<p style=\"font-weight: 400;\">\u041f\u0440\u0438 \u0432\u043e\u0437\u0432\u0440\u0430\u0442\u0435 \u0442\u043e\u0432\u0430\u0440\u0430 \u043d\u0435\u043e\u0431\u0445\u043e\u0434\u0438\u043c\u043e \u0441\u043e\u0431\u043b\u044e\u0434\u0430\u0442\u044c \u0441\u043b\u0435\u0434\u0443\u044e\u0449\u0438\u0435 \u0443\u0441\u043b\u043e\u0432\u0438\u044f:<\/p>\n<ul>\n<li style=\"font-weight: 400;\">\u0432\u043e\u0437\u0432\u0440\u0430\u0449\u0430\u0435\u043c\u044b\u0439 \u0442\u043e\u0432\u0430\u0440 \u0434\u043e\u043b\u0436\u0435\u043d \u0431\u044b\u0442\u044c \u0432 \u043e\u0440\u0438\u0433\u0438\u043d\u0430\u043b\u044c\u043d\u043e\u0439, \u0430\u043a\u043a\u0443\u0440\u0430\u0442\u043d\u043e\u0439 \u0443\u043f\u0430\u043a\u043e\u0432\u043a\u0435 (\u0434\u0430\u043d\u043d\u044b\u0439 \u043f\u0443\u043d\u043a\u0442 \u043d\u0435 \u0440\u0430\u0441\u043f\u0440\u043e\u0441\u0442\u0440\u0430\u043d\u044f\u0435\u0442\u0441\u044f \u043d\u0430 \u0432\u043e\u0437\u0432\u0440\u0430\u0442 \u0431\u0440\u0430\u043a\u043e\u0432\u0430\u043d\u043d\u043e\u0433\u043e \u0442\u043e\u0432\u0430\u0440\u0430);<\/li>\n<li style=\"font-weight: 400;\">\u0442\u043e\u0432\u0430\u0440 \u0434\u043e\u043b\u0436\u0435\u043d \u0431\u044b\u0442\u044c \u043d\u0435\u0438\u0441\u043f\u043e\u043b\u044c\u0437\u043e\u0432\u0430\u043d\u043d\u044b\u043c \u0438 \u043d\u0435\u043f\u043e\u0432\u0440\u0435\u0436\u0434\u0435\u043d\u043d\u044b\u043c \u041f\u043e\u043a\u0443\u043f\u0430\u0442\u0435\u043b\u0435\u043c;<\/li>\n<li style=\"font-weight: 400;\">\u0442\u043e\u0432\u0430\u0440 \u043d\u0435 \u0434\u043e\u043b\u0436\u0435\u043d \u043f\u043e\u0442\u0435\u0440\u044f\u0442\u044c \u0442\u043e\u0432\u0430\u0440\u043d\u044b\u0439 \u0432\u0438\u0434 (\u044d\u0442\u0438\u043a\u0435\u0442\u043a\u0430 \u043d\u0435 \u043f\u043e\u0432\u0440\u0435\u0436\u0434\u0435\u043d\u0430, \u0437\u0430\u0449\u0438\u0442\u043d\u0430\u044f \u043f\u043b\u0435\u043d\u043a\u0430 \u043d\u0435 \u0441\u043e\u0440\u0432\u0430\u043d\u0430 \u0438 \u0442.\u043f.) (\u0434\u0430\u043d\u043d\u044b\u0439 \u043f\u0443\u043d\u043a\u0442 \u043d\u0435 \u043f\u0440\u0438\u043c\u0435\u043d\u044f\u0435\u0442\u0441\u044f \u0432 \u0441\u043b\u0443\u0447\u0430\u0435 \u0432\u043e\u0437\u0432\u0440\u0430\u0442\u0430 \u043d\u0435\u043a\u0430\u0447\u0435\u0441\u0442\u0432\u0435\u043d\u043d\u043e\u0433\u043e \u0442\u043e\u0432\u0430\u0440\u0430);<\/li>\n<li style=\"font-weight: 400;\">\u0432\u043e\u0437\u0432\u0440\u0430\u0449\u0430\u0435\u043c\u044b\u0439 \u0442\u043e\u0432\u0430\u0440 \u0434\u043e\u043b\u0436\u0435\u043d \u0431\u044b\u0442\u044c \u0432 \u0442\u043e\u0439 \u0436\u0435 \u043a\u043e\u043c\u043f\u043b\u0435\u043a\u0442\u0430\u0446\u0438\u0438, \u0447\u0442\u043e \u0438 \u043f\u043e\u043b\u0443\u0447\u0435\u043d\u043d\u044b\u0439 \u041f\u043e\u043a\u0443\u043f\u0430\u0442\u0435\u043b\u0435\u043c;<\/li>\n<li style=\"font-weight: 400;\">\u043f\u0440\u0438 \u0432\u043e\u0437\u0432\u0440\u0430\u0442\u0435 \u0442\u043e\u0432\u0430\u0440\u0430 \u043d\u0435\u043e\u0431\u0445\u043e\u0434\u0438\u043c\u043e \u043f\u0440\u0435\u0434\u044a\u044f\u0432\u0438\u0442\u044c \u0434\u043e\u043a\u0443\u043c\u0435\u043d\u0442 \u043e \u0435\u0433\u043e \u043f\u043e\u043a\u0443\u043f\u043a\u0435.<\/li>\n<li style=\"font-weight: 400;\">\u043f\u0440\u043e\u0434\u0430\u0432\u0435\u0446 \u0432\u043f\u0440\u0430\u0432\u0435 \u043d\u0435 \u043f\u0440\u0438\u043d\u0438\u043c\u0430\u0442\u044c \u0432\u043e\u0437\u0432\u0440\u0430\u0449\u0435\u043d\u043d\u044b\u0439 \u041f\u043e\u043a\u0443\u043f\u0430\u0442\u0435\u043b\u0435\u043c \u0442\u043e\u0432\u0430\u0440, \u0435\u0441\u043b\u0438 \u041f\u043e\u043a\u0443\u043f\u0430\u0442\u0435\u043b\u044c \u043d\u0435 \u0441\u043e\u0431\u043b\u044e\u0434\u0430\u0435\u0442 \u043f\u043e\u0440\u044f\u0434\u043e\u043a \u0432\u043e\u0437\u0432\u0440\u0430\u0442\u0430 \u0442\u043e\u0432\u0430\u0440\u0430, \u0443\u043a\u0430\u0437\u0430\u043d\u043d\u044b\u0439 \u0432\u044b\u0448\u0435.<\/li>\n<li style=\"font-weight: 400;\">\u043f\u0440\u0438 \u0432\u043e\u0437\u0432\u0440\u0430\u0442\u0435 \u043d\u0435\u043f\u043e\u0434\u0445\u043e\u0434\u044f\u0449\u0435\u0433\u043e \u0442\u043e\u0432\u0430\u0440\u0430 \u0438\/\u0438\u043b\u0438 \u043d\u0435\u043a\u0430\u0447\u0435\u0441\u0442\u0432\u0435\u043d\u043d\u043e\u0433\u043e \u0442\u043e\u0432\u0430\u0440\u0430 \u041f\u0440\u043e\u0434\u0430\u0432\u0435\u0446 \u043e\u0431\u044f\u0437\u0443\u0435\u0442\u0441\u044f \u043f\u0440\u0438\u043d\u044f\u0442\u044c \u043e\u0431\u0440\u0430\u0442\u043d\u043e \u0442\u0430\u043a\u0438\u0435 \u0442\u043e\u0432\u0430\u0440\u044b \u0438 \u0437\u0430\u043c\u0435\u043d\u0438\u0442\u044c \u0438\u0445 \u043d\u0430 \u0430\u043d\u0430\u043b\u043e\u0433\u0438\u0447\u043d\u044b\u0435 \u043f\u043e\u0434\u0445\u043e\u0434\u044f\u0449\u0438\u0435 \u0442\u043e\u0432\u0430\u0440\u044b.<\/li>\n<li style=\"font-weight: 400;\">\u0432 \u0441\u043b\u0443\u0447\u0430\u0435 \u043e\u0442\u0441\u0443\u0442\u0441\u0442\u0432\u0438\u044f \u0443 \u041f\u0440\u043e\u0434\u0430\u0432\u0446\u0430 \u0442\u043e\u0432\u0430\u0440\u0430, \u043f\u0440\u0438\u0433\u043e\u0434\u043d\u043e\u0433\u043e \u0434\u043b\u044f \u0437\u0430\u043c\u0435\u043d\u044b, \u0443\u043f\u043b\u0430\u0447\u0435\u043d\u043d\u0430\u044f \u0441\u0443\u043c\u043c\u0430 \u0431\u0443\u0434\u0435\u0442 \u0432\u043e\u0437\u0432\u0440\u0430\u0449\u0435\u043d\u0430 \u041f\u043e\u043a\u0443\u043f\u0430\u0442\u0435\u043b\u044e \u0431\u0435\u0437 \u0443\u0447\u0435\u0442\u0430 \u0441\u0442\u043e\u0438\u043c\u043e\u0441\u0442\u0438 \u0434\u043e\u0441\u0442\u0430\u0432\u043a\u0438.<\/li>\n<\/ul>\n<\/div>","protected":false},"excerpt":{"rendered":"<p>GR\u0104\u017dINIMAS IR KEITIMAS Nor\u0117damas gr\u0105\u017einti prek\u0119(-es) remiantis m\u016bs\u0173 taisykli\u0173 3.2. punktu (puslapio apa\u010dioje, skiltis \u201eTaisykl\u0117s\u201c), pirk\u0117jas gali tai padaryti per\u00a030 (trisde\u0161imt) dien\u0173 nuo preki\u0173 pristatymo pirk\u0117jui dienos. Pirk\u0117jas gr\u0105\u017eindamas prek\u0119(-es) turi\u00a0nurodyti gr\u0105\u017einamos prek\u0117s pavadinim\u0105, u\u017esakymo numer\u012f ir gr\u0105\u017einimo prie\u017eastis. Gr\u0105\u017einant prekes, b\u016btina laikytis \u0161i\u0173 s\u0105lyg\u0173: gr\u0105\u017einama prek\u0117 turi b\u016bti originalioje tvarkingoje pakuot\u0117je (\u0161is punktas netaikomas gr\u0105\u017einant nekokybi\u0161k\u0105 prek\u0119); prek\u0117 turi b\u016bti Pirk\u0117jo nenaudota ir nesugadinta; prek\u0117 turi b\u016bti nepraradusi prekin\u0117s i\u0161vaizdos (nepa\u017eeistos etiket\u0117s, nenupl\u0117\u0161tos apsaugin\u0117s [&hellip;]<\/p>\n","protected":false},"author":5,"featured_media":0,"parent":0,"menu_order":0,"comment_status":"closed","ping_status":"closed","template":"","meta":{"footnotes":""},"class_list":["post-3332","page","type-page","status-publish","hentry"],"_links":{"self":[{"href":"https:\/\/shop.totemas.lt\/ru\/wp-json\/wp\/v2\/pages\/3332","targetHints":{"allow":["GET"]}}],"collection":[{"href":"https:\/\/shop.totemas.lt\/ru\/wp-json\/wp\/v2\/pages"}],"about":[{"href":"https:\/\/shop.totemas.lt\/ru\/wp-json\/wp\/v2\/types\/page"}],"author":[{"embeddable":true,"href":"https:\/\/shop.totemas.lt\/ru\/wp-json\/wp\/v2\/users\/5"}],"replies":[{"embeddable":true,"href":"https:\/\/shop.totemas.lt\/ru\/wp-json\/wp\/v2\/comments?post=3332"}],"version-history":[{"count":4,"href":"https:\/\/shop.totemas.lt\/ru\/wp-json\/wp\/v2\/pages\/3332\/revisions"}],"predecessor-version":[{"id":3340,"href":"https:\/\/shop.totemas.lt\/ru\/wp-json\/wp\/v2\/pages\/3332\/revisions\/3340"}],"wp:attachment":[{"href":"https:\/\/shop.totemas.lt\/ru\/wp-json\/wp\/v2\/media?parent=3332"}],"curies":[{"name":"wp","href":"https:\/\/api.w.org\/{rel}","templated":true}]}}