{"id":3343,"date":"2022-06-29T14:16:08","date_gmt":"2022-06-29T11:16:08","guid":{"rendered":"https:\/\/shop.totemas.lt\/?page_id=3343"},"modified":"2022-06-29T14:16:10","modified_gmt":"2022-06-29T11:16:10","slug":"apmokejimas","status":"publish","type":"page","link":"https:\/\/shop.totemas.lt\/ru\/apmokejimas\/","title":{"rendered":"\u041e\u043f\u043b\u0430\u0442\u0430"},"content":{"rendered":"<p>\u0412\u044b \u043c\u043e\u0436\u0435\u0442\u0435 \u043e\u043f\u043b\u0430\u0442\u0438\u0442\u044c \u043a\u0443\u043f\u043b\u0435\u043d\u043d\u044b\u0439 \u0442\u043e\u0432\u0430\u0440 \u043e\u0434\u043d\u0438\u043c \u0438\u0437 \u0441\u043b\u0435\u0434\u0443\u044e\u0449\u0438\u0445 \u0441\u043f\u043e\u0441\u043e\u0431\u043e\u0432 \u043e\u043f\u043b\u0430\u0442\u044b:<\/p>\n\n\n\n<ul class=\"wp-block-list\"><li>\u0447\u0435\u0440\u0435\u0437 \u044d\u043b\u0435\u043a\u0442\u0440\u043e\u043d\u043d\u0443\u044e \u043f\u043b\u0430\u0442\u0435\u0436\u043d\u0443\u044e \u0441\u0438\u0441\u0442\u0435\u043c\u0443 \u00abMok\u0117jimai.lt\u00bb (\u00abPaysera\u00bb);<\/li><li>\u0431\u0430\u043d\u043a\u043e\u0432\u0441\u043a\u0438\u043c \u043f\u0435\u0440\u0435\u0432\u043e\u0434\u043e\u043c \u043d\u0430 \u043d\u0430\u0448 \u0440\u0430\u0441\u0447\u0435\u0442\u043d\u044b\u0439 \u0441\u0447\u0435\u0442: LT897300010111845371 AB Swedbank;<\/li><\/ul>","protected":false},"excerpt":{"rendered":"<p>Apmok\u0117ti u\u017e perkamas prekes galite vienu i\u0161 si\u016blom\u0173 apmok\u0117jimo b\u016bd\u0173: per elektroninio atsiskaitymo sistem\u0105 \u201eMok\u0117jimai.lt\u201d (\u201ePaysera\u201d); atliekant bankin\u012f pavedim\u0105 \u012f m\u016bs\u0173 atsiskaitom\u0105j\u0105 banko s\u0105skait\u0105: LT897300010111845371 AB Swedbank;<\/p>","protected":false},"author":5,"featured_media":0,"parent":0,"menu_order":0,"comment_status":"closed","ping_status":"closed","template":"","meta":{"footnotes":""},"class_list":["post-3343","page","type-page","status-publish","hentry"],"_links":{"self":[{"href":"https:\/\/shop.totemas.lt\/ru\/wp-json\/wp\/v2\/pages\/3343","targetHints":{"allow":["GET"]}}],"collection":[{"href":"https:\/\/shop.totemas.lt\/ru\/wp-json\/wp\/v2\/pages"}],"about":[{"href":"https:\/\/shop.totemas.lt\/ru\/wp-json\/wp\/v2\/types\/page"}],"author":[{"embeddable":true,"href":"https:\/\/shop.totemas.lt\/ru\/wp-json\/wp\/v2\/users\/5"}],"replies":[{"embeddable":true,"href":"https:\/\/shop.totemas.lt\/ru\/wp-json\/wp\/v2\/comments?post=3343"}],"version-history":[{"count":1,"href":"https:\/\/shop.totemas.lt\/ru\/wp-json\/wp\/v2\/pages\/3343\/revisions"}],"predecessor-version":[{"id":3344,"href":"https:\/\/shop.totemas.lt\/ru\/wp-json\/wp\/v2\/pages\/3343\/revisions\/3344"}],"wp:attachment":[{"href":"https:\/\/shop.totemas.lt\/ru\/wp-json\/wp\/v2\/media?parent=3343"}],"curies":[{"name":"wp","href":"https:\/\/api.w.org\/{rel}","templated":true}]}}