{"id":838,"date":"2014-09-24T22:36:22","date_gmt":"2014-09-24T22:36:22","guid":{"rendered":"http:\/\/demo.transvelo.com\/media-center-wp\/?page_id=838"},"modified":"2022-05-06T13:03:24","modified_gmt":"2022-05-06T11:03:24","slug":"about-v2","status":"publish","type":"page","link":"https:\/\/shop.totemas.lt\/ru\/about-v2\/","title":{"rendered":"\u041e \u043d\u0430\u0441"},"content":{"rendered":"<div class=\"vc_row wpb_row vc_row-fluid inner-top-xs\"><div class=\"wpb_column vc_column_container vc_col-sm-6\"><div class=\"vc_column-inner\"><div class=\"wpb_wrapper\">\n\t<div  class=\"wpb_single_image wpb_content_element vc_align_left\">\n\t\t\n\t\t<figure class=\"wpb_wrapper vc_figure\">\n\t\t\t<div class=\"vc_single_image-wrapper   vc_box_border_grey\"><img loading=\"lazy\" decoding=\"async\" width=\"572\" height=\"362\" src=\"https:\/\/shop.totemas.lt\/wp-content\/themes\/mediacenter\/assets\/images\/blank.gif\" class=\"vc_single_image-img attachment-full echo-lazy-loading\" alt=\"\" title=\"our-team\" srcset=\"\" sizes=\"auto, (max-width: 572px) 100vw, 572px\" data-echo=\"https:\/\/shop.totemas.lt\/wp-content\/uploads\/2014\/09\/our-team.jpg\" data-srcset=\"\" \/><\/div>\n\t\t<\/figure>\n\t<\/div>\n<\/div><\/div><\/div><div class=\"wpb_column vc_column_container vc_col-sm-6\"><div class=\"vc_column-inner\"><div class=\"wpb_wrapper\">\n\t<div class=\"wpb_text_column wpb_content_element\" >\n\t\t<div class=\"wpb_wrapper\">\n\t\t\t<h2 class=\"align-top\">\u041a\u0442\u043e \u043c\u044b \u0435\u0441\u0442\u044c<\/h2>\n<p>UAB \"Totemas\" - \u044d\u0442\u043e \u043a\u043e\u043c\u043f\u0430\u043d\u0438\u044f, \u043a\u043e\u0442\u043e\u0440\u0430\u044f \u043f\u0440\u0435\u0434\u043e\u0441\u0442\u0430\u0432\u043b\u044f\u0435\u0442 \u0443\u0441\u043b\u0443\u0433\u0438 \u043c\u043e\u043d\u0438\u0442\u043e\u0440\u0438\u043d\u0433\u0430 \u0438 \u043a\u043e\u043d\u0442\u0440\u043e\u043b\u044f \u0442\u0440\u0430\u043d\u0441\u043f\u043e\u0440\u0442\u043d\u044b\u0445 \u0441\u0440\u0435\u0434\u0441\u0442\u0432 \u0441 \u0438\u0441\u043f\u043e\u043b\u044c\u0437\u043e\u0432\u0430\u043d\u0438\u0435\u043c \u0441\u0430\u043c\u044b\u0445 \u043f\u0435\u0440\u0435\u0434\u043e\u0432\u044b\u0445 \u0442\u0435\u043b\u0435\u043a\u043e\u043c\u043c\u0443\u043d\u0438\u043a\u0430\u0446\u0438\u043e\u043d\u043d\u044b\u0445 \u0438 \u0438\u043d\u0436\u0435\u043d\u0435\u0440\u043d\u044b\u0445 \u0442\u0435\u0445\u043d\u043e\u043b\u043e\u0433\u0438\u0439.<\/p>\n<p>\u0411\u043b\u0430\u0433\u043e\u0434\u0430\u0440\u044f \u0432\u043e\u0437\u043c\u043e\u0436\u043d\u043e\u0441\u0442\u044f\u043c, \u043f\u0440\u0435\u0434\u043e\u0441\u0442\u0430\u0432\u043b\u044f\u0435\u043c\u044b\u043c \u043d\u0430\u0448\u0435\u0439 \u0441\u0438\u0441\u0442\u0435\u043c\u043e\u0439 \u0441\u043b\u0435\u0436\u0435\u043d\u0438\u044f \u0437\u0430 \u0442\u0440\u0430\u043d\u0441\u043f\u043e\u0440\u0442\u043d\u044b\u043c\u0438 \u0441\u0440\u0435\u0434\u0441\u0442\u0432\u0430\u043c\u0438, \u043f\u043e\u0432\u044b\u0448\u0430\u0435\u0442\u0441\u044f \u043f\u0440\u043e\u0438\u0437\u0432\u043e\u0434\u0438\u0442\u0435\u043b\u044c\u043d\u043e\u0441\u0442\u044c \u0442\u0440\u0430\u043d\u0441\u043f\u043e\u0440\u0442\u043d\u044b\u0445 \u043a\u043e\u043c\u043f\u0430\u043d\u0438\u0439.<\/p>\n\n\t\t<\/div>\n\t<\/div>\n<\/div><\/div><\/div><\/div><div class=\"vc_row wpb_row vc_row-fluid inner-top-xs inner-bottom-sm\"><div class=\"wpb_column vc_column_container vc_col-sm-6\"><div class=\"vc_column-inner\"><div class=\"wpb_wrapper\">\n\t<div class=\"wpb_accordion wpb_content_element  not-column-inherit\" data-collapsible=\"\" data-vc-disable-keydown=\"false\" data-active-tab=\"1\">\n\t\t<div class=\"wpb_wrapper wpb_accordion_wrapper ui-accordion\">\n<h2 class=\"wpb_heading wpb_accordion_heading\">\u0423\u0441\u043b\u0443\u0433\u0438, \u043a\u043e\u0442\u043e\u0440\u044b\u0435 \u043c\u044b \u043f\u0440\u0435\u0434\u043b\u0430\u0433\u0430\u0435\u043c<\/h2>\n\n\t<div class=\"wpb_accordion_section group\">\n\t\t<h3 class=\"wpb_accordion_header ui-accordion-header\"><a href=\"#transporto-priemoniu-stebejimas\">\u041c\u043e\u043d\u0438\u0442\u043e\u0440\u0438\u043d\u0433 \u0442\u0440\u0430\u043d\u0441\u043f\u043e\u0440\u0442\u043d\u044b\u0445 \u0441\u0440\u0435\u0434\u0441\u0442\u0432<\/a><\/h3>\n\t\t<div class=\"wpb_accordion_content ui-accordion-content vc_clearfix\">\n\t\t\t\n\t<div class=\"wpb_text_column wpb_content_element\" >\n\t\t<div class=\"wpb_wrapper\">\n\t\t\t<p>\u042d\u0442\u043e \u0441\u0435\u0440\u0432\u0438\u0441, \u043f\u043e\u0437\u0432\u043e\u043b\u044f\u044e\u0449\u0438\u0439 \u0432 \u043b\u044e\u0431\u043e\u0435 \u0432\u0440\u0435\u043c\u044f \u0441\u0443\u0442\u043e\u043a \u0441\u043b\u0435\u0434\u0438\u0442\u044c \u0437\u0430 \u0430\u043a\u0442\u0438\u0432\u043d\u043e\u0441\u0442\u044c\u044e \u0432\u0430\u0448\u0435\u0433\u043e \u0442\u0440\u0430\u043d\u0441\u043f\u043e\u0440\u0442\u0430 \u0432 \u0440\u0435\u0436\u0438\u043c\u0435 \u0440\u0435\u0430\u043b\u044c\u043d\u043e\u0433\u043e \u0432\u0440\u0435\u043c\u0435\u043d\u0438. \u041f\u043e\u0441\u043b\u0435 \u043f\u043e\u0434\u043a\u043b\u044e\u0447\u0435\u043d\u0438\u044f \u043a \u0441\u0438\u0441\u0442\u0435\u043c\u0435 \u0432\u044b \u0441\u043c\u043e\u0436\u0435\u0442\u0435 \u0443\u0432\u0438\u0434\u0435\u0442\u044c \u0438\u043d\u0441\u0442\u0440\u0443\u043c\u0435\u043d\u0442\u044b: \u043c\u0435\u0441\u0442\u043e\u043f\u043e\u043b\u043e\u0436\u0435\u043d\u0438\u0435, \u0438\u0441\u0442\u043e\u0440\u0438\u044e \u043f\u0435\u0440\u0435\u043c\u0435\u0449\u0435\u043d\u0438\u0439, \u0432\u0440\u0435\u043c\u044f \u0440\u0430\u0431\u043e\u0442\u044b, \u0444\u0430\u043a\u0442\u0438\u0447\u0435\u0441\u043a\u0438\u0439 \u0440\u0430\u0441\u0445\u043e\u0434 \u0442\u043e\u043f\u043b\u0438\u0432\u0430, \u0443\u0440\u043e\u0432\u0435\u043d\u044c \u0442\u043e\u043f\u043b\u0438\u0432\u0430, \u043e\u0442\u0447\u0435\u0442\u044b, \u0441\u043e\u0437\u0434\u0430\u043d\u043d\u044b\u0435 \u043b\u0438\u0447\u043d\u043e \u0434\u043b\u044f \u0432\u0430\u0441.<\/p>\n\n\t\t<\/div>\n\t<\/div>\n\n\t\t<\/div>\n\t<\/div>\n\n\t<div class=\"wpb_accordion_section group\">\n\t\t<h3 class=\"wpb_accordion_header ui-accordion-header\"><a href=\"#gpslogistika\">GPS \u043b\u043e\u0433\u0438\u0441\u0442\u0438\u043a\u0430<\/a><\/h3>\n\t\t<div class=\"wpb_accordion_content ui-accordion-content vc_clearfix\">\n\t\t\t\n\t<div class=\"wpb_text_column wpb_content_element\" >\n\t\t<div class=\"wpb_wrapper\">\n\t\t\t<p>\u042d\u0442\u0430 \u0441\u0438\u0441\u0442\u0435\u043c\u0430 \u0438\u043c\u0435\u0435\u0442 \u0432\u043e\u0437\u043c\u043e\u0436\u043d\u043e\u0441\u0442\u044c \u0438\u043d\u0444\u043e\u0440\u043c\u0438\u0440\u043e\u0432\u0430\u0442\u044c \u0432\u0430\u0441 \u043e: \u043f\u0440\u0438\u0431\u044b\u0442\u0438\u0438 \u0442\u0440\u0430\u043d\u0441\u043f\u043e\u0440\u0442\u043d\u043e\u0433\u043e \u0441\u0440\u0435\u0434\u0441\u0442\u0432\u0430 \u0432 \u0443\u043a\u0430\u0437\u0430\u043d\u043d\u043e\u0435 \u043c\u0435\u0441\u0442\u043e, \u043e\u0442\u043a\u043b\u043e\u043d\u0435\u043d\u0438\u0438 \u043e\u0442 \u043c\u0430\u0440\u0448\u0440\u0443\u0442\u0430, \u0440\u0430\u0437\u0440\u044f\u0434\u0435 \u0430\u043a\u043a\u0443\u043c\u0443\u043b\u044f\u0442\u043e\u0440\u0430, \u043f\u0440\u0435\u0432\u044b\u0448\u0435\u043d\u0438\u0438 \u0441\u043a\u043e\u0440\u043e\u0441\u0442\u0438.<\/p>\n\n\t\t<\/div>\n\t<\/div>\n\n\t\t<\/div>\n\t<\/div>\n\n\t<div class=\"wpb_accordion_section group\">\n\t\t<h3 class=\"wpb_accordion_header ui-accordion-header\"><a href=\"#kuro-kiekio-kitimu-kontrole\">\u041a\u043e\u043d\u0442\u0440\u043e\u043b\u044c \u0438\u0437\u043c\u0435\u043d\u0435\u043d\u0438\u0439 \u043a\u043e\u043b\u0438\u0447\u0435\u0441\u0442\u0432\u0430 \u0442\u043e\u043f\u043b\u0438\u0432\u0430<\/a><\/h3>\n\t\t<div class=\"wpb_accordion_content ui-accordion-content vc_clearfix\">\n\t\t\t\n\t<div class=\"wpb_text_column wpb_content_element\" >\n\t\t<div class=\"wpb_wrapper\">\n\t\t\t<p>\u042d\u0442\u043e \u0441\u0435\u0440\u0432\u0438\u0441, \u043a\u043e\u0442\u043e\u0440\u044b\u0439 \u043f\u043e\u043c\u043e\u0433\u0430\u0435\u0442 \u0432\u0430\u043c \u043a\u043e\u043d\u0442\u0440\u043e\u043b\u0438\u0440\u043e\u0432\u0430\u0442\u044c \u0438 \u044d\u043a\u043e\u043d\u043e\u043c\u0438\u0442\u044c \u0432\u0430\u0448\u0438 \u0440\u0435\u0441\u0443\u0440\u0441\u044b. \u0421 \u043f\u043e\u043c\u043e\u0449\u044c\u044e \u044d\u0442\u043e\u0433\u043e \u0441\u0435\u0440\u0432\u0438\u0441\u0430 \u0432\u044b \u0441\u043c\u043e\u0436\u0435\u0442\u0435 \u0443\u0432\u0438\u0434\u0435\u0442\u044c: \u0444\u0430\u043a\u0442\u0438\u0447\u0435\u0441\u043a\u0438\u0439 \u0440\u0430\u0441\u0445\u043e\u0434 \u0442\u043e\u043f\u043b\u0438\u0432\u0430 (\u0434\u0430\u043d\u043d\u044b\u0435 \u043f\u043e\u043b\u0443\u0447\u0430\u044e\u0442 \u0441 \u0444\u043e\u0440\u0441\u0443\u043d\u043e\u043a \u0434\u0432\u0438\u0433\u0430\u0442\u0435\u043b\u044f \u0438\u043b\u0438 \u0446\u0438\u0444\u0440\u043e\u0432\u044b\u0445 \u0441\u0447\u0435\u0442\u0447\u0438\u043a\u043e\u0432 \u0442\u043e\u043f\u043b\u0438\u0432\u0430), \u0443\u0440\u043e\u0432\u0435\u043d\u044c \u0442\u043e\u043f\u043b\u0438\u0432\u0430 \u0432 \u0431\u0430\u043a\u0435 (\u0434\u0430\u043d\u043d\u044b\u0435 \u043f\u043e\u043b\u0443\u0447\u0430\u044e\u0442 \u0438\u0437 \u0442\u043e\u043f\u043b\u0438\u0432\u043d\u043e\u0433\u043e \u0431\u0430\u043a\u0430).<\/p>\n\n\t\t<\/div>\n\t<\/div>\n\n\t\t<\/div>\n\t<\/div>\n\n\t<div class=\"wpb_accordion_section group\">\n\t\t<h3 class=\"wpb_accordion_header ui-accordion-header\"><a href=\"#marsrutu-optimizavimas\">\u041e\u043f\u0442\u0438\u043c\u0438\u0437\u0430\u0446\u0438\u044f \u043c\u0430\u0440\u0448\u0440\u0443\u0442\u0430<\/a><\/h3>\n\t\t<div class=\"wpb_accordion_content ui-accordion-content vc_clearfix\">\n\t\t\t\n\t<div class=\"wpb_text_column wpb_content_element\" >\n\t\t<div class=\"wpb_wrapper\">\n\t\t\t<p>\u042d\u0442\u0430 \u0443\u0441\u043b\u0443\u0433\u0430 \u043f\u043e\u043c\u043e\u0436\u0435\u0442 \u0432\u0430\u043c \u0441\u043f\u043b\u0430\u043d\u0438\u0440\u043e\u0432\u0430\u0442\u044c \u043c\u0430\u0440\u0448\u0440\u0443\u0442\u044b \u0442\u0440\u0430\u043d\u0441\u043f\u043e\u0440\u0442\u043d\u044b\u0445 \u0441\u0440\u0435\u0434\u0441\u0442\u0432 \u043d\u0430\u0438\u0431\u043e\u043b\u0435\u0435 \u044d\u0444\u0444\u0435\u043a\u0442\u0438\u0432\u043d\u044b\u043c \u0441\u043f\u043e\u0441\u043e\u0431\u043e\u043c.<\/p>\n\n\t\t<\/div>\n\t<\/div>\n\n\t\t<\/div>\n\t<\/div>\n\n\t<div class=\"wpb_accordion_section group\">\n\t\t<h3 class=\"wpb_accordion_header ui-accordion-header\"><a href=\"#dvipuse-komunikacija-su-vairuotoju\">\u0414\u0432\u0443\u0441\u0442\u043e\u0440\u043e\u043d\u043d\u044f\u044f \u0441\u0432\u044f\u0437\u044c \u0441 \u0432\u043e\u0434\u0438\u0442\u0435\u043b\u0435\u043c<\/a><\/h3>\n\t\t<div class=\"wpb_accordion_content ui-accordion-content vc_clearfix\">\n\t\t\t\n\t<div class=\"wpb_text_column wpb_content_element\" >\n\t\t<div class=\"wpb_wrapper\">\n\t\t\t<p>\u042d\u0442\u043e \u0440\u0435\u0448\u0435\u043d\u0438\u0435 \u043f\u043e\u043c\u043e\u0433\u0430\u0435\u0442 \u0442\u043e\u0447\u043d\u043e \u043e\u043f\u0440\u0435\u0434\u0435\u043b\u044f\u0442\u044c \u0438 \u043e\u0442\u043f\u0440\u0430\u0432\u043b\u044f\u0442\u044c \u0442\u043e\u0447\u043d\u044b\u0435 \u043a\u043e\u043e\u0440\u0434\u0438\u043d\u0430\u0442\u044b \u043c\u0430\u0440\u0448\u0440\u0443\u0442\u0430, \u043e\u0431\u0449\u0430\u0442\u044c\u0441\u044f \u0441 \u0432\u043e\u0434\u0438\u0442\u0435\u043b\u0435\u043c \u0441 \u043f\u043e\u043c\u043e\u0449\u044c\u044e \u043d\u0430\u0432\u0438\u0433\u0430\u0442\u043e\u0440\u0430 Garmin, \u043e\u0442\u0432\u0435\u0447\u0430\u0442\u044c \u0432\u043e\u0434\u0438\u0442\u0435\u043b\u044e \u0438\u043b\u0438 \u043f\u0438\u0441\u0430\u0442\u044c \u0441\u043e\u043e\u0431\u0449\u0435\u043d\u0438\u044f \u0432 \u043d\u0430\u0432\u0438\u0433\u0430\u0442\u043e\u0440\u0435 Garmin.<\/p>\n\n\t\t<\/div>\n\t<\/div>\n\n\t\t<\/div>\n\t<\/div>\n\n\t\t<\/div>\n\t<\/div>\n<\/div><\/div><\/div><div class=\"wpb_column vc_column_container vc_col-sm-6\"><div class=\"vc_column-inner vc_custom_1651834980488\"><div class=\"wpb_wrapper\"><div class=\"vc_row wpb_row vc_inner vc_row-fluid inner-bottom-xs\"><div class=\"wpb_column vc_column_container vc_col-sm-12\"><div class=\"vc_column-inner\"><div class=\"wpb_wrapper\">\n\t<div class=\"wpb_text_column wpb_content_element\" >\n\t\t<div class=\"wpb_wrapper\">\n\t\t\t<h3 class=\"highlight\">\u0414\u043e\u043f\u043e\u043b\u043d\u0438\u0442\u0435\u043b\u044c\u043d\u044b\u0435 \u0443\u0441\u043b\u0443\u0433\u0438<\/h3>\n<p><i class=\"fa fa-check\" style=\"color: #59b210;\"><\/i> eeeeee<\/p>\n<p><i class=\"fa fa-check\" style=\"color: #59b210;\"><\/i> \u0441\u043a\u0430\u043d\u0438\u0440\u043e\u0432\u0430\u043d\u0438\u0435 \u043a\u0430\u0440\u0442 \u0442\u0430\u0445\u043e\u0433\u0440\u0430\u0444\u0430,<\/p>\n<p><i class=\"fa fa-check\" style=\"color: #59b210;\"><\/i> \u0434\u0430\u0442\u0447\u0438\u043a\u0438 \u0442\u0435\u043c\u043f\u0435\u0440\u0430\u0442\u0443\u0440\u044b,<\/p>\n<p><i class=\"fa fa-check\" style=\"color: #59b210;\"><\/i> \u0414\u0430\u0442\u0447\u0438\u043a\u0438 \u043e\u0442\u043a\u0440\u044b\u0442\u0438\u044f \u0434\u0432\u0435\u0440\u0435\u0439,<\/p>\n<p><i class=\"fa fa-check\" style=\"color: #59b210;\"><\/i> \u0438\u0434\u0435\u043d\u0442\u0438\u0444\u0438\u043a\u0430\u0442\u043e\u0440\u044b \u0432\u043e\u0434\u0438\u0442\u0435\u043b\u0435\u0439,<\/p>\n<p><i class=\"fa fa-check\" style=\"color: #59b210;\"><\/i> \u042d\u043b\u0435\u043a\u0442\u0440\u043e\u043d\u043d\u044b\u0435 \u0434\u043e\u043f\u043e\u043b\u043d\u0435\u043d\u0438\u044f \u0434\u043b\u044f \u0443\u0447\u0435\u0442\u0430 \u0444\u0430\u043a\u0442\u0438\u0447\u0435\u0441\u043a\u043e\u0433\u043e \u0440\u0430\u0441\u0445\u043e\u0434\u0430 \u0442\u043e\u043f\u043b\u0438\u0432\u0430,<\/p>\n<p><i class=\"fa fa-check\" style=\"color: #59b210;\"><\/i> \u0426\u0438\u0444\u0440\u043e\u0432\u044b\u0435 \u0434\u0430\u0442\u0447\u0438\u043a\u0438 \u0443\u0440\u043e\u0432\u043d\u044f \u0442\u043e\u043f\u043b\u0438\u0432\u0430,<\/p>\n<p><i class=\"fa fa-check\" style=\"color: #59b210;\"><\/i> \u042d\u043b\u0435\u043a\u0442\u0440\u043e\u043c\u0430\u0433\u043d\u0438\u0442\u043d\u044b\u0435 \u0437\u0430\u043c\u043a\u0438 \u0431\u0430\u043a\u0430<\/p>\n\n\t\t<\/div>\n\t<\/div>\n<\/div><\/div><\/div><\/div><\/div><\/div><\/div><div class=\"wpb_column vc_column_container vc_col-sm-12\"><div class=\"vc_column-inner\"><div class=\"wpb_wrapper\"><div class=\"vc_row wpb_row vc_inner vc_row-fluid\"><div class=\"wpb_column vc_column_container vc_col-sm-12\"><div class=\"vc_column-inner\"><div class=\"wpb_wrapper\">\n\t<div class=\"wpb_text_column wpb_content_element\" >\n\t\t<div class=\"wpb_wrapper\">\n\t\t\t<h3 class=\"highlight\">\u041f\u043e\u0447\u0435\u043c\u0443 \u0432\u0430\u043c \u0441\u0442\u043e\u0438\u0442 \u0432\u043e\u0441\u043f\u043e\u043b\u044c\u0437\u043e\u0432\u0430\u0442\u044c\u0441\u044f \u043d\u0430\u0448\u0438\u043c\u0438 \u0443\u0441\u043b\u0443\u0433\u0430\u043c\u0438?<\/h3>\n<p>\u041c\u044b \u0441\u0442\u0440\u0435\u043c\u0438\u043c\u0441\u044f \u0441\u043e\u043e\u0442\u0432\u0435\u0442\u0441\u0442\u0432\u043e\u0432\u0430\u0442\u044c \u043e\u0436\u0438\u0434\u0430\u043d\u0438\u044f\u043c \u0438 \u043f\u043e\u0442\u0440\u0435\u0431\u043d\u043e\u0441\u0442\u044f\u043c \u043a\u043b\u0438\u0435\u043d\u0442\u043e\u0432, \u0433\u0430\u0440\u0430\u043d\u0442\u0438\u0440\u0443\u044f \u0432\u044b\u0441\u043e\u043a\u043e\u0435 \u043a\u0430\u0447\u0435\u0441\u0442\u0432\u043e \u0443\u0441\u043b\u0443\u0433, \u0434\u043e\u043b\u0433\u043e\u0441\u0440\u043e\u0447\u043d\u043e\u0435 \u0438 \u043d\u0430\u0434\u0435\u0436\u043d\u043e\u0435 \u043f\u0430\u0440\u0442\u043d\u0435\u0440\u0441\u0442\u0432\u043e.<\/p>\n<p>\u041c\u044b \u0432\u0441\u0435\u0433\u0434\u0430 \u043f\u0440\u0438\u0441\u043b\u0443\u0448\u0438\u0432\u0430\u0435\u043c\u0441\u044f \u043a \u043f\u043e\u0436\u0435\u043b\u0430\u043d\u0438\u044f\u043c \u043d\u0430\u0448\u0438\u0445 \u043a\u043b\u0438\u0435\u043d\u0442\u043e\u0432 \u0438 \u043f\u0440\u0435\u0434\u043e\u0441\u0442\u0430\u0432\u043b\u044f\u0435\u043c \u043d\u0430\u0438\u0431\u043e\u043b\u0435\u0435 \u043f\u0440\u0438\u0435\u043c\u043b\u0435\u043c\u043e\u0435 \u0440\u0435\u0448\u0435\u043d\u0438\u0435 \u0438 \u043f\u0440\u043e\u0434\u0443\u043a\u0442.<\/p>\n<p>\u041e\u043f\u0435\u0440\u0430\u0442\u0438\u0432\u043d\u043e \u0440\u0435\u0430\u0433\u0438\u0440\u0443\u0435\u043c \u0438 \u0443\u0441\u0442\u0440\u0430\u043d\u044f\u0435\u043c \u0432\u043e\u0437\u043d\u0438\u043a\u0430\u044e\u0449\u0438\u0435 \u043f\u0440\u043e\u0431\u043b\u0435\u043c\u044b, \u0432\u044b\u043f\u043e\u043b\u043d\u044f\u0435\u043c \u0440\u0435\u043c\u043e\u043d\u0442\u043d\u044b\u0435 \u0438 \u0441\u0435\u0440\u0432\u0438\u0441\u043d\u044b\u0435 \u0440\u0430\u0431\u043e\u0442\u044b.\u200b<\/p>\n\n\t\t<\/div>\n\t<\/div>\n<\/div><\/div><\/div><\/div><\/div><\/div><\/div><\/div>","protected":false},"excerpt":{"rendered":"Kas mes esame UAB \u201cTotemas\u201c \u2013 \u012fmon\u0117 teikianti transporto priemoni\u0173 steb\u0117jimo ir kontrol\u0117s paslaugas, naudojant pa\u017eangiausias telekomunikacines ir in\u017einerines technologijas. M\u016bs\u0173 transporto priemoni\u0173 steb\u0117jimo sistemos teikiam\u0173 galimybi\u0173 d\u0117ka yra didinamas transporto kompanij\u0173 veiklos produktyvumas. M\u016bs\u0173 si\u016blomos paslaugos Transporto priemoni\u0173 steb\u0117jimas Tai paslauga,kuri suteikia galimyb\u0119 steb\u0117ti J\u016bs\u0173 transporto priemoni\u0173 veikl\u0105 realiu laiku bet kuriuo paros metu. Prisijung\u0119 prie sistemos J\u016bs matote priemoni\u0173: buvimo viet\u0105, jud\u0117jimo istorij\u0105, darbo laik\u0105, faktines kuro s\u0105naudas, kuro lyg\u012f, asmeni\u0161kai Jums sukurtas [...]","protected":false},"author":5,"featured_media":0,"parent":0,"menu_order":0,"comment_status":"closed","ping_status":"closed","template":"","meta":{"footnotes":""},"class_list":["post-838","page","type-page","status-publish","hentry"],"_links":{"self":[{"href":"https:\/\/shop.totemas.lt\/ru\/wp-json\/wp\/v2\/pages\/838","targetHints":{"allow":["GET"]}}],"collection":[{"href":"https:\/\/shop.totemas.lt\/ru\/wp-json\/wp\/v2\/pages"}],"about":[{"href":"https:\/\/shop.totemas.lt\/ru\/wp-json\/wp\/v2\/types\/page"}],"author":[{"embeddable":true,"href":"https:\/\/shop.totemas.lt\/ru\/wp-json\/wp\/v2\/users\/5"}],"replies":[{"embeddable":true,"href":"https:\/\/shop.totemas.lt\/ru\/wp-json\/wp\/v2\/comments?post=838"}],"version-history":[{"count":9,"href":"https:\/\/shop.totemas.lt\/ru\/wp-json\/wp\/v2\/pages\/838\/revisions"}],"predecessor-version":[{"id":3272,"href":"https:\/\/shop.totemas.lt\/ru\/wp-json\/wp\/v2\/pages\/838\/revisions\/3272"}],"wp:attachment":[{"href":"https:\/\/shop.totemas.lt\/ru\/wp-json\/wp\/v2\/media?parent=838"}],"curies":[{"name":"wp","href":"https:\/\/api.w.org\/{rel}","templated":true}]}}