{"id":3150,"date":"2022-05-03T14:00:47","date_gmt":"2022-05-03T11:00:47","guid":{"rendered":"https:\/\/shop.totemas.lt\/?post_type=product&#038;p=3150"},"modified":"2024-07-03T03:10:14","modified_gmt":"2024-07-03T00:10:14","slug":"gps-sekimo-irenginys-fm-tco4hcv-su-montavimo-darbais","status":"publish","type":"product","link":"https:\/\/shop.totemas.lt\/ru\/product\/gps-sekimo-irenginys-fm-tco4hcv-su-montavimo-darbais\/","title":{"rendered":"\u0421\u0435\u0440\u0432\u0438\u0441 \u0443\u0434\u0430\u043b\u0435\u043d\u043d\u043e\u0433\u043e \u0441\u0447\u0438\u0442\u044b\u0432\u0430\u043d\u0438\u044f \u0442\u0430\u0445\u043e\u0433\u0440\u0430\u0444\u0430"},"content":{"rendered":"<p>\u041f\u043e\u0441\u043b\u0435 \u0443\u0441\u0442\u0430\u043d\u043e\u0432\u043a\u0438 \u044d\u0442\u043e\u0433\u043e \u0441\u0435\u0440\u0432\u0438\u0441\u0430 \u0432\u044b \u0441\u043c\u043e\u0436\u0435\u0442\u0435 \u0443\u0434\u0430\u043b\u0435\u043d\u043d\u043e \u0441\u0447\u0438\u0442\u044b\u0432\u0430\u0442\u044c \u0434\u0430\u043d\u043d\u044b\u0435 \u0442\u0430\u0445\u043e\u0433\u0440\u0430\u0444\u0430 \u0430\u0432\u0442\u043e\u043c\u043e\u0431\u0438\u043b\u044f.<\/p>\n<p>\u0441\u043c\u043e\u0442\u0440\u0438\u0442\u0435 \u043d\u0430\u0441\u0442\u0440\u043e\u0439\u043a\u0438 \u0431\u043e\u0440\u0442\u043e\u0432\u043e\u0433\u043e \u043a\u043e\u043c\u043f\u044c\u044e\u0442\u0435\u0440\u0430:<\/p>\n<p>\u041f\u0440\u043e\u0431\u0435\u0433<\/p>\n<p>\u0421\u0442\u043e\u0438\u043c\u043e\u0441\u0442\u044c \u0442\u043e\u043f\u043b\u0438\u0432\u0430<\/p>\n<p>\u0423\u0440\u043e\u0432\u0435\u043d\u044c \u0442\u043e\u043f\u043b\u0438\u0432\u0430<\/p>\n<p>\u0421\u043a\u043e\u0440\u043e\u0441\u0442\u044c \u0434\u0432\u0438\u0433\u0430\u0442\u0435\u043b\u044f<\/p>\n<p>\u041f\u043b\u0430\u0442\u0430 \u0437\u0430 \u0443\u0441\u043b\u0443\u0433\u0443 \u0441\u043e\u0441\u0442\u043e\u0438\u0442 \u0438\u0437:<\/p>\n<ul>\n<li>\u041c\u043e\u043d\u0442\u0430\u0436\u043d\u044b\u0435 \u0440\u0430\u0431\u043e\u0442\u044b (\u0432\u043a\u043b\u044e\u0447\u0430\u044f \u043c\u043e\u043d\u0442\u0430\u0436\u043d\u044b\u0435 \u043c\u0430\u0442\u0435\u0440\u0438\u0430\u043b\u044b)<\/li>\n<li>GSM\/GPS \u0442\u0430\u0445\u043e\u043c\u0435\u0442\u0440 \u0438 \u0441\u043a\u0430\u043d\u0435\u0440 \u0431\u043e\u0440\u0442\u043e\u0432\u043e\u0433\u043e \u043a\u043e\u043c\u043f\u044c\u044e\u0442\u0435\u0440\u0430<\/li>\n<\/ul>","protected":false},"excerpt":{"rendered":"<p>\u012esidieg\u0119 \u0161i\u0105 paslaug\u0105, gal\u0117site nusiskaityti automobilio tachografo duomenis nuotoliniu b\u016bdu. matyti borto kompiuterio parametrus: Kilomerta\u017eas Kuro s\u0105naudos Kuro lygis Variklio s\u016bkiai Paslaugos mokest\u012f sudaro: \u012ediegimo darbai (\u012fskaitant montavimo med\u017eiagas) GSM\/GPS tacho Iir borto kompiuterio nuskaitymo \u012frenginys<\/p>","protected":false},"featured_media":3398,"comment_status":"closed","ping_status":"closed","template":"","meta":[],"product_brand":[],"product_cat":[19,21,31],"product_tag":[],"class_list":{"0":"post-3150","1":"product","2":"type-product","3":"status-publish","4":"has-post-thumbnail","6":"product_cat-gsm-gps","7":"product_cat-kuro-kontrole","8":"product_cat-tachografu-nuskaitymo-iranga","10":"first","11":"outofstock","12":"taxable","13":"shipping-taxable","14":"purchasable","15":"product-type-simple"},"_links":{"self":[{"href":"https:\/\/shop.totemas.lt\/ru\/wp-json\/wp\/v2\/product\/3150","targetHints":{"allow":["GET"]}}],"collection":[{"href":"https:\/\/shop.totemas.lt\/ru\/wp-json\/wp\/v2\/product"}],"about":[{"href":"https:\/\/shop.totemas.lt\/ru\/wp-json\/wp\/v2\/types\/product"}],"replies":[{"embeddable":true,"href":"https:\/\/shop.totemas.lt\/ru\/wp-json\/wp\/v2\/comments?post=3150"}],"wp:featuredmedia":[{"embeddable":true,"href":"https:\/\/shop.totemas.lt\/ru\/wp-json\/wp\/v2\/media\/3398"}],"wp:attachment":[{"href":"https:\/\/shop.totemas.lt\/ru\/wp-json\/wp\/v2\/media?parent=3150"}],"wp:term":[{"taxonomy":"product_brand","embeddable":true,"href":"https:\/\/shop.totemas.lt\/ru\/wp-json\/wp\/v2\/product_brand?post=3150"},{"taxonomy":"product_cat","embeddable":true,"href":"https:\/\/shop.totemas.lt\/ru\/wp-json\/wp\/v2\/product_cat?post=3150"},{"taxonomy":"product_tag","embeddable":true,"href":"https:\/\/shop.totemas.lt\/ru\/wp-json\/wp\/v2\/product_tag?post=3150"}],"curies":[{"name":"wp","href":"https:\/\/api.w.org\/{rel}","templated":true}]}}