{"id":3232,"date":"2022-05-03T14:01:23","date_gmt":"2022-05-03T11:01:23","guid":{"rendered":"https:\/\/shop.totemas.lt\/?post_type=product&#038;p=3232"},"modified":"2022-08-04T11:11:50","modified_gmt":"2022-08-04T08:11:50","slug":"gps-sekimo-irenginys-fm-pro5-su-montavimo-darbais","status":"publish","type":"product","link":"https:\/\/shop.totemas.lt\/ru\/product\/gps-sekimo-irenginys-fm-pro5-su-montavimo-darbais\/","title":{"rendered":"\u0410\u0432\u0442\u043e\u043c\u043e\u0431\u0438\u043b\u044c\u043d\u044b\u0439 GPS-\u0441\u0435\u0440\u0432\u0438\u0441 \u043e\u043f\u0440\u0435\u0434\u0435\u043b\u0435\u043d\u0438\u044f \u043c\u0435\u0441\u0442\u043e\u043f\u043e\u043b\u043e\u0436\u0435\u043d\u0438\u044f PRO"},"content":{"rendered":"<p>\u041f\u043e\u0441\u043b\u0435 \u0443\u0441\u0442\u0430\u043d\u043e\u0432\u043a\u0438 \u044d\u0442\u043e\u0433\u043e \u0441\u0435\u0440\u0432\u0438\u0441\u0430 \u0432\u044b \u0441\u043c\u043e\u0436\u0435\u0442\u0435 \u0443\u0432\u0438\u0434\u0435\u0442\u044c \u0440\u0435\u0430\u043b\u044c\u043d\u043e\u0435 \u043c\u0435\u0441\u0442\u043e\u043d\u0430\u0445\u043e\u0436\u0434\u0435\u043d\u0438\u0435 \u0430\u0432\u0442\u043e\u043c\u043e\u0431\u0438\u043b\u044f<\/p>\n<p>\u0441\u043b\u0435\u0434\u0438\u0442\u044c \u0437\u0430 \u0441\u043a\u043e\u0440\u043e\u0441\u0442\u044c\u044e \u0434\u0432\u0438\u0436\u0435\u043d\u0438\u044f,<\/p>\n<p>\u041e\u0441\u043d\u043e\u0432\u043d\u044b\u0435 \u043f\u0430\u0440\u0430\u043c\u0435\u0442\u0440\u044b \u0411\u041e\u0420\u0422\u041e\u0412\u041e\u0413\u041e \u041a\u041e\u041c\u041f\u042c\u042e\u0422\u0415\u0420\u0410<\/p>\n<p>\u043f\u0440\u043e\u0431\u0435\u0433,<\/p>\n<p>\u041f\u043e\u0442\u0440\u0435\u0431\u043b\u0435\u043d\u0438\u0435 \u0442\u043e\u043f\u043b\u0438\u0432\u0430<\/p>\n<p>\u043e\u0431\u043e\u0440\u043e\u0442\u044b \u0434\u0432\u0438\u0433\u0430\u0442\u0435\u043b\u044f<\/p>\n<p>\u0423\u0440\u043e\u0432\u0435\u043d\u044c \u0442\u043e\u043f\u043b\u0438\u0432\u0430 \u0432 \u0431\u0430\u043a\u0435.<\/p>\n<p>\u041f\u043b\u0430\u0442\u0430 \u0437\u0430 \u043f\u043e\u0434\u043a\u043b\u044e\u0447\u0435\u043d\u0438\u0435 \u0443\u0441\u043b\u0443\u0433\u0438 \u0441\u043e\u0441\u0442\u043e\u0438\u0442 \u0438\u0437:<\/p>\n<ul>\n<li>\u043c\u043e\u043d\u0442\u0430\u0436\u043d\u044b\u0435 \u0440\u0430\u0431\u043e\u0442\u044b \u0438 \u043c\u0430\u0442\u0435\u0440\u0438\u0430\u043b\u044b.<\/li>\n<li>GPS\/GSM-\u0443\u0441\u0442\u0440\u043e\u0439\u0441\u0442\u0432\u043e<\/li>\n<\/ul>","protected":false},"excerpt":{"rendered":"<p>\u012esidieg\u0119 \u0161i\u0105 paslaug\u0105 gal\u0117site matyti reali\u0105 automobilio viet\u0105 steb\u0117ti jud\u0117jimo greit\u012f, BORTO KOMPIUTERIO pagrindinius parametrus Nuva\u017eiuot\u0105 kilometra\u017e\u0105, Kuro s\u0105naudas Variklio s\u016bkius Kuro lyg\u012f bake. Paslaugos aktyvavimo mokest\u012f sudaro montavimo darbai ir med\u017eiagos. GPS\/GSM \u012frenginys<\/p>","protected":false},"featured_media":3396,"comment_status":"closed","ping_status":"closed","template":"","meta":[],"product_brand":[],"product_cat":[19,21],"product_tag":[],"class_list":{"0":"post-3232","1":"product","2":"type-product","3":"status-publish","4":"has-post-thumbnail","6":"product_cat-gsm-gps","7":"product_cat-kuro-kontrole","9":"first","10":"instock","11":"taxable","12":"shipping-taxable","13":"purchasable","14":"product-type-simple"},"_links":{"self":[{"href":"https:\/\/shop.totemas.lt\/ru\/wp-json\/wp\/v2\/product\/3232","targetHints":{"allow":["GET"]}}],"collection":[{"href":"https:\/\/shop.totemas.lt\/ru\/wp-json\/wp\/v2\/product"}],"about":[{"href":"https:\/\/shop.totemas.lt\/ru\/wp-json\/wp\/v2\/types\/product"}],"replies":[{"embeddable":true,"href":"https:\/\/shop.totemas.lt\/ru\/wp-json\/wp\/v2\/comments?post=3232"}],"wp:featuredmedia":[{"embeddable":true,"href":"https:\/\/shop.totemas.lt\/ru\/wp-json\/wp\/v2\/media\/3396"}],"wp:attachment":[{"href":"https:\/\/shop.totemas.lt\/ru\/wp-json\/wp\/v2\/media?parent=3232"}],"wp:term":[{"taxonomy":"product_brand","embeddable":true,"href":"https:\/\/shop.totemas.lt\/ru\/wp-json\/wp\/v2\/product_brand?post=3232"},{"taxonomy":"product_cat","embeddable":true,"href":"https:\/\/shop.totemas.lt\/ru\/wp-json\/wp\/v2\/product_cat?post=3232"},{"taxonomy":"product_tag","embeddable":true,"href":"https:\/\/shop.totemas.lt\/ru\/wp-json\/wp\/v2\/product_tag?post=3232"}],"curies":[{"name":"wp","href":"https:\/\/api.w.org\/{rel}","templated":true}]}}