{"id":3247,"date":"2022-05-03T14:01:35","date_gmt":"2022-05-03T11:01:35","guid":{"rendered":"https:\/\/shop.totemas.lt\/?post_type=product&#038;p=3247"},"modified":"2022-12-28T13:07:41","modified_gmt":"2022-12-28T11:07:41","slug":"vaizdo-irasymo-irenginys-1080p-ahd-4ch-gps-wifi-3g-4g-hdd","status":"publish","type":"product","link":"https:\/\/shop.totemas.lt\/ru\/product\/vaizdo-irasymo-irenginys-1080p-ahd-4ch-gps-wifi-3g-4g-hdd\/","title":{"rendered":"\u0423\u0441\u0442\u0430\u043d\u043e\u0432\u043a\u0430 \u0441\u043b\u0443\u0436\u0431\u044b \u0432\u0438\u0434\u0435\u043e\u043d\u0430\u0431\u043b\u044e\u0434\u0435\u043d\u0438\u044f"},"content":{"rendered":"<p>\u0421\u0438\u0441\u0442\u0435\u043c\u0430 \u0432\u0438\u0434\u0435\u043e\u043d\u0430\u0431\u043b\u044e\u0434\u0435\u043d\u0438\u044f \u043f\u043e\u0437\u0432\u043e\u043b\u044f\u0435\u0442 \u043a\u043e\u043d\u0442\u0440\u043e\u043b\u0438\u0440\u043e\u0432\u0430\u0442\u044c \u043f\u0440\u043e\u0438\u0441\u0445\u043e\u0434\u044f\u0449\u0435\u0435 \u0432\u043e\u043a\u0440\u0443\u0433 \u0432\u0430\u0448\u0435\u0433\u043e \u0430\u0432\u0442\u043e\u043c\u043e\u0431\u0438\u043b\u044f 24\/7. \u041d\u0430\u0448\u0438 \u0441\u043f\u0435\u0446\u0438\u0430\u043b\u0438\u0441\u0442\u044b \u0443\u0441\u0442\u0430\u043d\u043e\u0432\u044f\u0442 \u0432\u0441\u0435 \u043d\u0435\u043e\u0431\u0445\u043e\u0434\u0438\u043c\u043e\u0435 \u043e\u0431\u043e\u0440\u0443\u0434\u043e\u0432\u0430\u043d\u0438\u0435 \u0434\u043b\u044f \u0432\u0438\u0434\u0435\u043e\u043a\u043e\u043d\u0442\u0440\u043e\u043b\u044f \u043d\u0430 \u0432\u0430\u0448 \u0430\u0432\u0442\u043e\u043c\u043e\u0431\u0438\u043b\u044c.<\/p>\n<blockquote><p>\u0412 \u0441\u0442\u043e\u0438\u043c\u043e\u0441\u0442\u044c \u0443\u0441\u043b\u0443\u0433\u0438 \u0432\u0445\u043e\u0434\u0438\u0442:<\/p>\n<p>\u2013 \u0412\u0441\u0435 \u0440\u0430\u0431\u043e\u0442\u044b \u0438 \u043c\u0430\u0442\u0435\u0440\u0438\u0430\u043b\u044b, \u0441\u0432\u044f\u0437\u0430\u043d\u043d\u044b\u0435 \u0441 \u0443\u0441\u0442\u0430\u043d\u043e\u0432\u043a\u043e\u0439 \u0441\u0438\u0441\u0442\u0435\u043c\u044b \u0438 \u043f\u0443\u0441\u043a\u043e-\u043d\u0430\u043b\u0430\u0434\u043a\u043e\u0439.<\/p>\n<p>\u2013 4-\u043a\u0430\u043d\u0430\u043b\u044c\u043d\u044b\u0439 \u0432\u0438\u0434\u0435\u043e\u0440\u0435\u0433\u0438\u0441\u0442\u0440\u0430\u0442\u043e\u0440<\/p>\n<p>\u2013 4 \u0432\u0438\u0434\u0435\u043e\u043a\u0430\u043c\u0435\u0440\u044b<\/p><\/blockquote>","protected":false},"excerpt":{"rendered":"<p>Video apsaugos sistema, leid\u017eia Jums steb\u0117ti kas vyksta aplink J\u016bs\u0173 transporto priemon\u0119 24\/7 . M\u016bs\u0173 technikai sumontuos \u012f J\u016bs\u0173 transporto priemon\u0119 vis\u0105 reikaling\u0105 \u012frang\u0105 Video kontrolei. \u012e paslaugos kain\u0105 \u012feina : &#8211; Visi darbai ir med\u017eiagos susij\u0119 su sistemos \u012fdiegimu ir paleidimu. &#8211; 4 kanal\u0173 vaizdo \u012fra\u0161ymo \u012frenginys &#8211; 4 vaizdo kameros<\/p>","protected":false},"featured_media":3387,"comment_status":"closed","ping_status":"closed","template":"","meta":[],"product_brand":[],"product_cat":[20,15],"product_tag":[196],"class_list":{"0":"post-3247","1":"product","2":"type-product","3":"status-publish","4":"has-post-thumbnail","6":"product_cat-saugos-sistemos","7":"product_cat-vaizdo-stebejimo-sistemos","8":"product_tag-video-stebejimas","10":"first","11":"instock","12":"taxable","13":"shipping-taxable","14":"purchasable","15":"product-type-simple"},"_links":{"self":[{"href":"https:\/\/shop.totemas.lt\/ru\/wp-json\/wp\/v2\/product\/3247","targetHints":{"allow":["GET"]}}],"collection":[{"href":"https:\/\/shop.totemas.lt\/ru\/wp-json\/wp\/v2\/product"}],"about":[{"href":"https:\/\/shop.totemas.lt\/ru\/wp-json\/wp\/v2\/types\/product"}],"replies":[{"embeddable":true,"href":"https:\/\/shop.totemas.lt\/ru\/wp-json\/wp\/v2\/comments?post=3247"}],"wp:featuredmedia":[{"embeddable":true,"href":"https:\/\/shop.totemas.lt\/ru\/wp-json\/wp\/v2\/media\/3387"}],"wp:attachment":[{"href":"https:\/\/shop.totemas.lt\/ru\/wp-json\/wp\/v2\/media?parent=3247"}],"wp:term":[{"taxonomy":"product_brand","embeddable":true,"href":"https:\/\/shop.totemas.lt\/ru\/wp-json\/wp\/v2\/product_brand?post=3247"},{"taxonomy":"product_cat","embeddable":true,"href":"https:\/\/shop.totemas.lt\/ru\/wp-json\/wp\/v2\/product_cat?post=3247"},{"taxonomy":"product_tag","embeddable":true,"href":"https:\/\/shop.totemas.lt\/ru\/wp-json\/wp\/v2\/product_tag?post=3247"}],"curies":[{"name":"wp","href":"https:\/\/api.w.org\/{rel}","templated":true}]}}