{"id":6078,"date":"2026-04-14T16:37:05","date_gmt":"2026-04-14T13:37:05","guid":{"rendered":"https:\/\/shop.totemas.lt\/?post_type=product&#038;p=6078"},"modified":"2026-04-17T02:02:46","modified_gmt":"2026-04-16T23:02:46","slug":"bauer-450w-pure-stiklas-stiklas","status":"publish","type":"product","link":"https:\/\/shop.totemas.lt\/ru\/product\/bauer-450w-pure-stiklas-stiklas\/","title":{"rendered":"BAUER 450W Pure (stiklas\/stiklas)"},"content":{"rendered":"<p>Maksimali prie\u0161gaisrin\u0117 apsauga d\u0117l dvigubo stiklo pagal auk\u0161\u010diausius saugos reikalavimus u\u017etikrina didesn\u012f u\u017eimtum\u0105. 2 x 2 mm gr\u016bdintas saul\u0117s stiklas: atsparus ne\u0161varumams, \u012fbr\u0117\u017eimams, atsparus sm\u016bgiams. Sertifikuotas \u0160veicarijos SUPSI PVLAb su atsparumo kru\u0161ai klase HW3 ir atsparus net ekstremalioms oro s\u0105lygoms.<\/p>\n<p>Efektyvumas &#8211; 22,50%.<\/p>\n<p>36 vnt. palet\u0117je.<\/p>","protected":false},"excerpt":{"rendered":"<p>\u201ePure&#8221; serija yra patvarus, didelio na\u0161umo modulis, turintis naujausia dvipus\u0117 N tipo TOPCon pus\u0117s element\u0173 technologija.<\/p>","protected":false},"featured_media":5140,"comment_status":"open","ping_status":"closed","template":"","meta":[],"product_brand":[212],"product_cat":[293,292],"product_tag":[],"class_list":{"0":"post-6078","1":"product","2":"type-product","3":"status-publish","4":"has-post-thumbnail","6":"product_brand-bauer","7":"product_cat-bauer-saules-moduliai-2","8":"product_cat-saules-moduliai","10":"first","11":"instock","12":"sale","13":"taxable","14":"shipping-taxable","15":"purchasable","16":"product-type-simple"},"_links":{"self":[{"href":"https:\/\/shop.totemas.lt\/ru\/wp-json\/wp\/v2\/product\/6078","targetHints":{"allow":["GET"]}}],"collection":[{"href":"https:\/\/shop.totemas.lt\/ru\/wp-json\/wp\/v2\/product"}],"about":[{"href":"https:\/\/shop.totemas.lt\/ru\/wp-json\/wp\/v2\/types\/product"}],"replies":[{"embeddable":true,"href":"https:\/\/shop.totemas.lt\/ru\/wp-json\/wp\/v2\/comments?post=6078"}],"wp:featuredmedia":[{"embeddable":true,"href":"https:\/\/shop.totemas.lt\/ru\/wp-json\/wp\/v2\/media\/5140"}],"wp:attachment":[{"href":"https:\/\/shop.totemas.lt\/ru\/wp-json\/wp\/v2\/media?parent=6078"}],"wp:term":[{"taxonomy":"product_brand","embeddable":true,"href":"https:\/\/shop.totemas.lt\/ru\/wp-json\/wp\/v2\/product_brand?post=6078"},{"taxonomy":"product_cat","embeddable":true,"href":"https:\/\/shop.totemas.lt\/ru\/wp-json\/wp\/v2\/product_cat?post=6078"},{"taxonomy":"product_tag","embeddable":true,"href":"https:\/\/shop.totemas.lt\/ru\/wp-json\/wp\/v2\/product_tag?post=6078"}],"curies":[{"name":"wp","href":"https:\/\/api.w.org\/{rel}","templated":true}]}}