{"id":6089,"date":"2026-04-14T16:37:06","date_gmt":"2026-04-14T13:37:06","guid":{"rendered":"https:\/\/shop.totemas.lt\/?post_type=product&#038;p=6089"},"modified":"2026-04-17T07:03:52","modified_gmt":"2026-04-17T04:03:52","slug":"20-kw-solis-inverteris-3ph-s5-gr3p20k","status":"publish","type":"product","link":"https:\/\/shop.totemas.lt\/ru\/product\/20-kw-solis-inverteris-3ph-s5-gr3p20k\/","title":{"rendered":"20 kW Solis inverteris (3Ph) S5-GR3P20K"},"content":{"rendered":"<p><strong>S5-GR3P(3-20)K<\/strong> trifaziai nuosekliosios grandin\u0117s inverteriai \u2013 patikima \u012franga, skirta gyvenamosioms, nedidel\u0117ms pramonin\u0117ms ir komercin\u0117ms fotovoltin\u0117ms \u012frengtims. Ma\u017eesnio dyd\u017eio, didesnio efektyvumo, galima rinktis i\u0161 \u012fvairios galios modeli\u0173. Naudojama dviej\u0173 <strong>MPPT<\/strong> prieiga: tai lanks\u010diau ir efektyviau.<\/p>\n<p>Maksimalus efektyvumas 98,7 %;<br \/>\nIki 16 A elektros srov\u0117s srov\u0117;<br \/>\nPlatus \u012ftampos diapazonas ir ma\u017ea paleidimo \u012ftampa.<\/p>","protected":false},"excerpt":{"rendered":"<p>3 fazi\u0173, 2MPPT, 4 string\u0173 su DC i\u0161jung\u0117ju<\/p>","protected":false},"featured_media":5161,"comment_status":"open","ping_status":"closed","template":"","meta":[],"product_brand":[223],"product_cat":[300,297,298,299],"product_tag":[],"class_list":{"0":"post-6089","1":"product","2":"type-product","3":"status-publish","4":"has-post-thumbnail","6":"product_brand-solis","7":"product_cat-iki-20-kw-trifaziai-on-grid-standartiniai-inverteriai-2","8":"product_cat-inverteriai-2","9":"product_cat-on-grid-standartiniai-inverteriai-2","10":"product_cat-trifaziai-on-grid-standartiniai-inverteriai-2","12":"first","13":"instock","14":"sale","15":"taxable","16":"shipping-taxable","17":"purchasable","18":"product-type-simple"},"_links":{"self":[{"href":"https:\/\/shop.totemas.lt\/ru\/wp-json\/wp\/v2\/product\/6089","targetHints":{"allow":["GET"]}}],"collection":[{"href":"https:\/\/shop.totemas.lt\/ru\/wp-json\/wp\/v2\/product"}],"about":[{"href":"https:\/\/shop.totemas.lt\/ru\/wp-json\/wp\/v2\/types\/product"}],"replies":[{"embeddable":true,"href":"https:\/\/shop.totemas.lt\/ru\/wp-json\/wp\/v2\/comments?post=6089"}],"wp:featuredmedia":[{"embeddable":true,"href":"https:\/\/shop.totemas.lt\/ru\/wp-json\/wp\/v2\/media\/5161"}],"wp:attachment":[{"href":"https:\/\/shop.totemas.lt\/ru\/wp-json\/wp\/v2\/media?parent=6089"}],"wp:term":[{"taxonomy":"product_brand","embeddable":true,"href":"https:\/\/shop.totemas.lt\/ru\/wp-json\/wp\/v2\/product_brand?post=6089"},{"taxonomy":"product_cat","embeddable":true,"href":"https:\/\/shop.totemas.lt\/ru\/wp-json\/wp\/v2\/product_cat?post=6089"},{"taxonomy":"product_tag","embeddable":true,"href":"https:\/\/shop.totemas.lt\/ru\/wp-json\/wp\/v2\/product_tag?post=6089"}],"curies":[{"name":"wp","href":"https:\/\/api.w.org\/{rel}","templated":true}]}}