{"id":6091,"date":"2026-04-14T16:37:06","date_gmt":"2026-04-14T13:37:06","guid":{"rendered":"https:\/\/shop.totemas.lt\/?post_type=product&#038;p=6091"},"modified":"2026-04-17T08:04:25","modified_gmt":"2026-04-17T05:04:25","slug":"30-kw-inverteris-solis-3ph-s5-gc30k","status":"publish","type":"product","link":"https:\/\/shop.totemas.lt\/ru\/product\/30-kw-inverteris-solis-3ph-s5-gc30k\/","title":{"rendered":"30 kW inverteris Solis (3Ph) S5-GC30K"},"content":{"rendered":"<p><strong>Solis-GC30K-S5<\/strong>\u00a0yra 30 kW galios trij\u0173 fazi\u0173 saul\u0117s energijos tinklo inverteris, skirtas komercin\u0117ms ir pramonin\u0117ms saul\u0117s elektrin\u0117ms. Jis pasi\u017eymi auk\u0161tu energijos konvertavimo efektyvumu, patikimu veikimu ir pa\u017eangiomis apsaugos funkcijomis. Inverteris turi kelis MPPT sekimo kanalus, leid\u017eian\u010dius optimizuoti saul\u0117s moduli\u0173 na\u0161um\u0105 \u012fvairiomis s\u0105lygomis. \u012erenginys yra atsparus aplinkos poveikiui ir tinkamas naudoti skirtingose klimato zonose.<\/p>\n<p>S5-GC(25-50)K nuoseklieji trifaz\u0117s grandin\u0117s inverteriai naudoja <strong>3\/4 MPPT<\/strong> konstrukcij\u0105, kad b\u016bt\u0173 galima sukurti lankstesn\u0119 konfig\u016bracijos schem\u0105 su ma\u017eesniu poveikiu aplinkai ir didesniu gamybos efektyvumu. Veikia \u0161nab\u017edesio tylumu, taip sukuriant patogesn\u0119 ir draugi\u0161kesn\u0119 darbo ir gyvenimo aplink\u0105.<\/p>\n<p>25K\/30K\/33K\/36K\/40K\/40K-HV\/50K-HV.<\/p>","protected":false},"excerpt":{"rendered":"<p>3 fazi\u0173, 3MPPT, 6 string\u0173 su DC i\u0161jung\u0117ju.<\/p>","protected":false},"featured_media":5168,"comment_status":"open","ping_status":"closed","template":"","meta":[],"product_brand":[223],"product_cat":[297,301,298,299],"product_tag":[],"class_list":{"0":"post-6091","1":"product","2":"type-product","3":"status-publish","4":"has-post-thumbnail","6":"product_brand-solis","7":"product_cat-inverteriai-2","8":"product_cat-nuo-20-kw-trifaziai-on-grid-standartiniai-inverteriai-2","9":"product_cat-on-grid-standartiniai-inverteriai-2","10":"product_cat-trifaziai-on-grid-standartiniai-inverteriai-2","12":"first","13":"outofstock","14":"sale","15":"taxable","16":"shipping-taxable","17":"purchasable","18":"product-type-simple"},"_links":{"self":[{"href":"https:\/\/shop.totemas.lt\/ru\/wp-json\/wp\/v2\/product\/6091","targetHints":{"allow":["GET"]}}],"collection":[{"href":"https:\/\/shop.totemas.lt\/ru\/wp-json\/wp\/v2\/product"}],"about":[{"href":"https:\/\/shop.totemas.lt\/ru\/wp-json\/wp\/v2\/types\/product"}],"replies":[{"embeddable":true,"href":"https:\/\/shop.totemas.lt\/ru\/wp-json\/wp\/v2\/comments?post=6091"}],"wp:featuredmedia":[{"embeddable":true,"href":"https:\/\/shop.totemas.lt\/ru\/wp-json\/wp\/v2\/media\/5168"}],"wp:attachment":[{"href":"https:\/\/shop.totemas.lt\/ru\/wp-json\/wp\/v2\/media?parent=6091"}],"wp:term":[{"taxonomy":"product_brand","embeddable":true,"href":"https:\/\/shop.totemas.lt\/ru\/wp-json\/wp\/v2\/product_brand?post=6091"},{"taxonomy":"product_cat","embeddable":true,"href":"https:\/\/shop.totemas.lt\/ru\/wp-json\/wp\/v2\/product_cat?post=6091"},{"taxonomy":"product_tag","embeddable":true,"href":"https:\/\/shop.totemas.lt\/ru\/wp-json\/wp\/v2\/product_tag?post=6091"}],"curies":[{"name":"wp","href":"https:\/\/api.w.org\/{rel}","templated":true}]}}