{"id":6100,"date":"2026-04-14T16:37:07","date_gmt":"2026-04-14T13:37:07","guid":{"rendered":"https:\/\/shop.totemas.lt\/?post_type=product&#038;p=6100"},"modified":"2026-04-14T16:37:11","modified_gmt":"2026-04-14T13:37:11","slug":"greito-krovimo-stotele-60kw-80-kw","status":"publish","type":"product","link":"https:\/\/shop.totemas.lt\/ru\/product\/greito-krovimo-stotele-60kw-80-kw\/","title":{"rendered":"Greito krovimo stotel\u0117 60KW-80 kW"},"content":{"rendered":"<p><strong>U\u017dSAKOMA PREK\u0116. PRISTATYMO TERMINAS 1,5 \u2013 3 M\u0116N.<\/strong><\/p>\n<p>&nbsp;<\/p>","protected":false},"excerpt":{"rendered":"<p><strong>U\u017dSAKOMA PREK\u0116. PRISTATYMO TERMINAS 1,5 \u2013 3 M\u0116N.<\/strong><\/p>","protected":false},"featured_media":5193,"comment_status":"open","ping_status":"closed","template":"","meta":[],"product_brand":[231],"product_cat":[304,305,306],"product_tag":[],"class_list":{"0":"post-6100","1":"product","2":"type-product","3":"status-publish","4":"has-post-thumbnail","6":"product_brand-yingli","7":"product_cat-ikrovimo-stoteles-2","8":"product_cat-viesos-ikrovimo-stoteles","9":"product_cat-yingli","11":"first","12":"outofstock","13":"taxable","14":"shipping-taxable","15":"product-type-variable"},"_links":{"self":[{"href":"https:\/\/shop.totemas.lt\/ru\/wp-json\/wp\/v2\/product\/6100","targetHints":{"allow":["GET"]}}],"collection":[{"href":"https:\/\/shop.totemas.lt\/ru\/wp-json\/wp\/v2\/product"}],"about":[{"href":"https:\/\/shop.totemas.lt\/ru\/wp-json\/wp\/v2\/types\/product"}],"replies":[{"embeddable":true,"href":"https:\/\/shop.totemas.lt\/ru\/wp-json\/wp\/v2\/comments?post=6100"}],"wp:featuredmedia":[{"embeddable":true,"href":"https:\/\/shop.totemas.lt\/ru\/wp-json\/wp\/v2\/media\/5193"}],"wp:attachment":[{"href":"https:\/\/shop.totemas.lt\/ru\/wp-json\/wp\/v2\/media?parent=6100"}],"wp:term":[{"taxonomy":"product_brand","embeddable":true,"href":"https:\/\/shop.totemas.lt\/ru\/wp-json\/wp\/v2\/product_brand?post=6100"},{"taxonomy":"product_cat","embeddable":true,"href":"https:\/\/shop.totemas.lt\/ru\/wp-json\/wp\/v2\/product_cat?post=6100"},{"taxonomy":"product_tag","embeddable":true,"href":"https:\/\/shop.totemas.lt\/ru\/wp-json\/wp\/v2\/product_tag?post=6100"}],"curies":[{"name":"wp","href":"https:\/\/api.w.org\/{rel}","templated":true}]}}