{"id":6106,"date":"2026-04-14T16:37:08","date_gmt":"2026-04-14T13:37:08","guid":{"rendered":"https:\/\/shop.totemas.lt\/?post_type=product&#038;p=6106"},"modified":"2026-04-17T02:02:26","modified_gmt":"2026-04-16T23:02:26","slug":"12-kw-auksto-voltazo-3ph-4mppt-solis-inverteris-s6-eh3p12k-h","status":"publish","type":"product","link":"https:\/\/shop.totemas.lt\/ru\/product\/12-kw-auksto-voltazo-3ph-4mppt-solis-inverteris-s6-eh3p12k-h\/","title":{"rendered":"12 kW auk\u0161to volta\u017eo (3Ph) 4MPPT Solis inverteris S6-EH3P12K-H"},"content":{"rendered":"<p><span style=\"vertical-align: inherit;\"><span style=\"vertical-align: inherit;\">\u0160i gamini\u0173 serija leid\u017eia kurti gamybos tinklus ir jungti kelis inverterius lygiagre\u010diai. 4 MPPT konstrukcija, puikiai didel\u0117ms stogin\u0117ms PV energijos kaupimo sistemoms, turin\u010dioms daugiau stogo orientacij\u0173 ir tinka sud\u0117ting\u0105 strukt\u016br\u0105. Gaminiai su daug lanks\u010di\u0173 apkrovos paj\u0117gum\u0173, \u012fskaitant UPS lygio perjungim\u0105; 10 sekund\u017ei\u0173 160 % \u012ftampos \u0161uolio rezervin\u0117s galios perkrovos gali ir prisitaikyti prie trifaz\u0117s nesubalansuotos apkrovos bei pusbang\u0117s apkrovos. Tai \u2013 patogesnis naudoti ir patikimesnis elektros energijos tiekimas apkrovai.<\/span><\/span><\/p>","protected":false},"excerpt":{"rendered":"<p><span style=\"vertical-align: inherit;\">S6-EH3P(12-20)KH serijos trifazis energijos kaupimo inverteris tinkama didel\u0117ms gyvenamosioms ir ma\u017eoms komercin\u0117ms fotovoltin\u0117s energijos kaupimo sistemoms.<\/span><\/p>","protected":false},"featured_media":5204,"comment_status":"open","ping_status":"closed","template":"","meta":[],"product_brand":[223],"product_cat":[308,307,297,309],"product_tag":[],"class_list":{"0":"post-6106","1":"product","2":"type-product","3":"status-publish","4":"has-post-thumbnail","6":"product_brand-solis","7":"product_cat-auksto-voltazo-inverteriai-hibridiniai-inverteriai-2","8":"product_cat-hibridiniai-inverteriai-2","9":"product_cat-inverteriai-2","10":"product_cat-trifaziai-auksto-voltazo-inverteriai-hibridiniai-inverteriai-2","12":"first","13":"instock","14":"sale","15":"taxable","16":"shipping-taxable","17":"purchasable","18":"product-type-simple"},"_links":{"self":[{"href":"https:\/\/shop.totemas.lt\/ru\/wp-json\/wp\/v2\/product\/6106","targetHints":{"allow":["GET"]}}],"collection":[{"href":"https:\/\/shop.totemas.lt\/ru\/wp-json\/wp\/v2\/product"}],"about":[{"href":"https:\/\/shop.totemas.lt\/ru\/wp-json\/wp\/v2\/types\/product"}],"replies":[{"embeddable":true,"href":"https:\/\/shop.totemas.lt\/ru\/wp-json\/wp\/v2\/comments?post=6106"}],"wp:featuredmedia":[{"embeddable":true,"href":"https:\/\/shop.totemas.lt\/ru\/wp-json\/wp\/v2\/media\/5204"}],"wp:attachment":[{"href":"https:\/\/shop.totemas.lt\/ru\/wp-json\/wp\/v2\/media?parent=6106"}],"wp:term":[{"taxonomy":"product_brand","embeddable":true,"href":"https:\/\/shop.totemas.lt\/ru\/wp-json\/wp\/v2\/product_brand?post=6106"},{"taxonomy":"product_cat","embeddable":true,"href":"https:\/\/shop.totemas.lt\/ru\/wp-json\/wp\/v2\/product_cat?post=6106"},{"taxonomy":"product_tag","embeddable":true,"href":"https:\/\/shop.totemas.lt\/ru\/wp-json\/wp\/v2\/product_tag?post=6106"}],"curies":[{"name":"wp","href":"https:\/\/api.w.org\/{rel}","templated":true}]}}