{"id":6112,"date":"2026-04-14T16:37:13","date_gmt":"2026-04-14T13:37:13","guid":{"rendered":"https:\/\/shop.totemas.lt\/?post_type=product&#038;p=6112"},"modified":"2026-04-17T00:03:35","modified_gmt":"2026-04-16T21:03:35","slug":"solis-epm3-5g-pro-trys-fazes-tiekimo-i-tinkla-elektros-energijos-valdiklis","status":"publish","type":"product","link":"https:\/\/shop.totemas.lt\/ru\/product\/solis-epm3-5g-pro-trys-fazes-tiekimo-i-tinkla-elektros-energijos-valdiklis\/","title":{"rendered":"Solis EPM3-5G-PRO (trys faz\u0117s) tiekimo \u012f tinkl\u0105 elektros energijos valdiklis"},"content":{"rendered":"<p><strong>\u201eSolis Export Power Manager\u201c<\/strong> yra idealus sprendimas i\u0161maniam energijos valdymui tiek gyvenamosiose, tiek komercin\u0117se sistemose. Naudojant paprast\u0105 LCD vartotojo s\u0105saj\u0105, galima per\u017ei\u016br\u0117ti visus svarbius keitiklio ir apkrovos energijos duomenis. Fotovoltin\u0117 energija gali b\u016bti naudojama efektyviau, taip \u017eymiai padidinant savaranki\u0161k\u0105 suvartojim\u0105. Be to, fotovoltin\u0117s energijos tiekim\u0105 galima apriboti pagal \u0161alies \/ komunalini\u0173 paslaug\u0173 teik\u0117jo reikalavimus. Energijos valdymas naudojant \u201eSolis Export Power Manager\u201c leid\u017eia padidinti savaranki\u0161k\u0105 suvartojim\u0105 ir efektyviai naudoti vietoje pagamint\u0105 fotovoltin\u0119 energij\u0105.<\/p>","protected":false},"excerpt":{"rendered":"<dl class=\"list-p3\">\n<dt>Protingas ir stiprus<\/dt>\n<dt>10 \u201eSolis\u201c keitikli\u0173 vienalaikis valdymas<\/dt>\n<\/dl>\n<dl class=\"list-p3\">\n<dt>Taupymas ir didelis tikslumas<\/dt>\n<dd class=\"col_lg_12 col_xs_24\">Valdymo tikslumas siekia iki 3 %, o tai pagerina sistemos savaimin\u012f naudojimo greit\u012f.<\/dd>\n<dd class=\"col_lg_12 col_xs_24\">Vienu metu steb\u0117kite 10 \u201eSolis\u201c keitiklio veikimo duomenis, taip sutaupydami steb\u0117jimo sistemos i\u0161laidas.<\/dd>\n<\/dl>\n<div class=\"clearfix\"><\/div>\n<dl class=\"list-p3\">\n<dt>Draugi\u0161kas ir suderinamas<\/dt>\n<dd class=\"col_lg_12 col_xs_24\">Nuolat steb\u0117kite energijos gamyb\u0105 ir apkrovos suvartojim\u0105<\/dd>\n<dd class=\"col_lg_12 col_xs_24\">Palaiko skirtingos galios \u201eSolis\u201c keitikli\u0173 vienalaik\u012f prijungim\u0105<\/dd>\n<\/dl>","protected":false},"featured_media":5248,"comment_status":"open","ping_status":"closed","template":"","meta":[],"product_brand":[223],"product_cat":[310,313],"product_tag":[],"class_list":{"0":"post-6112","1":"product","2":"type-product","3":"status-publish","4":"has-post-thumbnail","6":"product_brand-solis","7":"product_cat-priedai-inverteriai-2","8":"product_cat-valdikliai-priedai-inverteriai-2","10":"first","11":"outofstock","12":"sale","13":"taxable","14":"shipping-taxable","15":"purchasable","16":"product-type-simple"},"_links":{"self":[{"href":"https:\/\/shop.totemas.lt\/ru\/wp-json\/wp\/v2\/product\/6112","targetHints":{"allow":["GET"]}}],"collection":[{"href":"https:\/\/shop.totemas.lt\/ru\/wp-json\/wp\/v2\/product"}],"about":[{"href":"https:\/\/shop.totemas.lt\/ru\/wp-json\/wp\/v2\/types\/product"}],"replies":[{"embeddable":true,"href":"https:\/\/shop.totemas.lt\/ru\/wp-json\/wp\/v2\/comments?post=6112"}],"wp:featuredmedia":[{"embeddable":true,"href":"https:\/\/shop.totemas.lt\/ru\/wp-json\/wp\/v2\/media\/5248"}],"wp:attachment":[{"href":"https:\/\/shop.totemas.lt\/ru\/wp-json\/wp\/v2\/media?parent=6112"}],"wp:term":[{"taxonomy":"product_brand","embeddable":true,"href":"https:\/\/shop.totemas.lt\/ru\/wp-json\/wp\/v2\/product_brand?post=6112"},{"taxonomy":"product_cat","embeddable":true,"href":"https:\/\/shop.totemas.lt\/ru\/wp-json\/wp\/v2\/product_cat?post=6112"},{"taxonomy":"product_tag","embeddable":true,"href":"https:\/\/shop.totemas.lt\/ru\/wp-json\/wp\/v2\/product_tag?post=6112"}],"curies":[{"name":"wp","href":"https:\/\/api.w.org\/{rel}","templated":true}]}}