{"id":6113,"date":"2026-04-14T16:37:13","date_gmt":"2026-04-14T13:37:13","guid":{"rendered":"https:\/\/shop.totemas.lt\/?post_type=product&#038;p=6113"},"modified":"2026-04-17T02:02:19","modified_gmt":"2026-04-16T23:02:19","slug":"12-kw-solis-hibridinis-zemo-3ph-voltazo-inverteris-s6-eh3p12k02-nv-yd-l","status":"publish","type":"product","link":"https:\/\/shop.totemas.lt\/ru\/product\/12-kw-solis-hibridinis-zemo-3ph-voltazo-inverteris-s6-eh3p12k02-nv-yd-l\/","title":{"rendered":"12 kW Solis hibridinis \u017eemo (3Ph) volta\u017eo inverteris S6-EH3P12K02-NV-YD-L"},"content":{"rendered":"<p><strong>I\u0161manus energijos valdymas<\/strong><\/p>\n<ul class=\"list-p3 col_lg_12 col_xs_12\">\n<li>Dirbtinis intelektas i\u0161maniai valdo \u012fkrovim\u0105 ir i\u0161krovim\u0105 pagal TOU (naudojimo laiko) tarifus;<\/li>\n<li>Sklandi integracija su VPP ir EMS platformomis, siekiant pagerinti energijos optimizavim\u0105;<\/li>\n<li>Integruotas SG-ready \u0161ilumos siurbli\u0173 valdymas.<\/li>\n<\/ul>\n<dl class=\"list-p3 col_lg_12 col_xs_12\">\n<dt><strong>Didelio na\u0161umo<\/strong><\/dt>\n<dd class=\"col_lg_24 col_xs_24\">Palaiko trifaz\u012f nesubalansuot\u0105 i\u0161\u0117jim\u0105, leid\u017eiant\u012f iki 50 % vardin\u0117s keitiklio galios vienai fazei;<\/dd>\n<dd class=\"col_lg_24 col_xs_24\">160 % PV \u012fvesties galia maksimaliam saul\u0117s energijos panaudojimui;<\/dd>\n<dd class=\"col_lg_24 col_xs_24\">Perjungimo laikas &lt; 10 ms.<\/dd>\n<\/dl>\n<dl class=\"list-p3 col_lg_12 col_xs_12\">\n<dt><strong>Lankstus ir kei\u010diamo dyd\u017eio<\/strong><\/dt>\n<dd class=\"col_lg_24 col_xs_24\">Suderinamas su pagrindin\u0117mis li\u010dio ir \u0161vino r\u016bg\u0161ties baterijomis;<\/dd>\n<dd class=\"col_lg_24 col_xs_24\">Lengvai i\u0161pl\u0117skite sistemos paj\u0117gumus naudodami lygiagre\u010dias jungtis ir kintamosios srov\u0117s jungt\u012f.<\/dd>\n<\/dl>\n<dl class=\"list-p3 col_lg_12 col_xs_12\">\n<dt><strong>Paprasta ir greita konfig\u016bracija<\/strong><\/dt>\n<dd class=\"col_lg_24 col_xs_24\">7 coli\u0173 LCD ekranas intuityviai vartotojo patir\u010diai;<\/dd>\n<dd class=\"col_lg_24 col_xs_24\">\u201eBluetooth\u201c program\u0117l\u0117s palaikymas greitam ir paprastam nustatymui.<\/dd>\n<\/dl>","protected":false},"excerpt":{"rendered":"<p><strong>S6-EH3P(8-15)K02-NV-YD-L serijos trifazis hibridinis keitiklis<\/strong> tinka didel\u0117ms gyvenam\u0173j\u0173 nam\u0173 PV energijos kaupimo sistemoms su \u017eema akumuliatoriaus \u012ftampa (48 V). Produktai suderinami su didel\u0117s galios PV plok\u0161t\u0117mis ir tinka \u012fvairi\u0173 preki\u0173 \u017eenkl\u0173 li\u010dio ir \u0161vino r\u016bg\u0161ties akumuliatoriams. Be to, produktas turi daugyb\u0119 funkcij\u0173, \u012fskaitant suderinamus generatorius, UPS lygio perjungim\u0105, prie tinklo prijungt\u0173 PV sistem\u0173 jung\u010di\u0173 tinkl\u0105, palaikym\u0105 trifaz\u0117je nesubalansuotoje apkrovoje ir pusbang\u0117s apkrovoje ir kt.<\/p>","protected":false},"featured_media":5256,"comment_status":"open","ping_status":"closed","template":"","meta":[],"product_brand":[223],"product_cat":[307,297,315,314],"product_tag":[],"class_list":{"0":"post-6113","1":"product","2":"type-product","3":"status-publish","4":"has-post-thumbnail","6":"product_brand-solis","7":"product_cat-hibridiniai-inverteriai-2","8":"product_cat-inverteriai-2","9":"product_cat-trifaziai-zemo-voltazo-inverteriai-hibridiniai-inverteriai-2","10":"product_cat-zemo-voltazo-inverteriai","12":"first","13":"outofstock","14":"sale","15":"taxable","16":"shipping-taxable","17":"purchasable","18":"product-type-simple"},"_links":{"self":[{"href":"https:\/\/shop.totemas.lt\/ru\/wp-json\/wp\/v2\/product\/6113","targetHints":{"allow":["GET"]}}],"collection":[{"href":"https:\/\/shop.totemas.lt\/ru\/wp-json\/wp\/v2\/product"}],"about":[{"href":"https:\/\/shop.totemas.lt\/ru\/wp-json\/wp\/v2\/types\/product"}],"replies":[{"embeddable":true,"href":"https:\/\/shop.totemas.lt\/ru\/wp-json\/wp\/v2\/comments?post=6113"}],"wp:featuredmedia":[{"embeddable":true,"href":"https:\/\/shop.totemas.lt\/ru\/wp-json\/wp\/v2\/media\/5256"}],"wp:attachment":[{"href":"https:\/\/shop.totemas.lt\/ru\/wp-json\/wp\/v2\/media?parent=6113"}],"wp:term":[{"taxonomy":"product_brand","embeddable":true,"href":"https:\/\/shop.totemas.lt\/ru\/wp-json\/wp\/v2\/product_brand?post=6113"},{"taxonomy":"product_cat","embeddable":true,"href":"https:\/\/shop.totemas.lt\/ru\/wp-json\/wp\/v2\/product_cat?post=6113"},{"taxonomy":"product_tag","embeddable":true,"href":"https:\/\/shop.totemas.lt\/ru\/wp-json\/wp\/v2\/product_tag?post=6113"}],"curies":[{"name":"wp","href":"https:\/\/api.w.org\/{rel}","templated":true}]}}