{"id":6116,"date":"2026-04-14T16:37:14","date_gmt":"2026-04-14T13:37:14","guid":{"rendered":"https:\/\/shop.totemas.lt\/?post_type=product&#038;p=6116"},"modified":"2026-04-17T07:03:24","modified_gmt":"2026-04-17T04:03:24","slug":"solis-s3-wifi-st-gprs-komunikacijos-adapteris","status":"publish","type":"product","link":"https:\/\/shop.totemas.lt\/ru\/product\/solis-s3-wifi-st-gprs-komunikacijos-adapteris\/","title":{"rendered":"Solis S3-WIFI-ST (GPRS) komunikacijos adapteris"},"content":{"rendered":"","protected":false},"excerpt":{"rendered":"<p>Solis inverterio S3-GPRS-ST\u00a0\u00a0komunikacijos adapteris.<\/p>\n<p>Prijungus \u0161\u012f adapter\u012f, steb\u0117site saul\u0117s elektrin\u0117s veikim\u0105 GPRS ry\u0161iu, matysite tiksl\u0173 j\u0117gain\u0117s veikim\u0105 ir klaid\u0173 prane\u0161imus savo telefone ar kompiuteryje.<\/p>","protected":false},"featured_media":5263,"comment_status":"open","ping_status":"closed","template":"","meta":[],"product_brand":[223],"product_cat":[316,310],"product_tag":[],"class_list":{"0":"post-6116","1":"product","2":"type-product","3":"status-publish","4":"has-post-thumbnail","6":"product_brand-solis","7":"product_cat-datalogger-priedai-inverteriai-2","8":"product_cat-priedai-inverteriai-2","10":"first","11":"instock","12":"sale","13":"taxable","14":"shipping-taxable","15":"purchasable","16":"product-type-simple"},"_links":{"self":[{"href":"https:\/\/shop.totemas.lt\/ru\/wp-json\/wp\/v2\/product\/6116","targetHints":{"allow":["GET"]}}],"collection":[{"href":"https:\/\/shop.totemas.lt\/ru\/wp-json\/wp\/v2\/product"}],"about":[{"href":"https:\/\/shop.totemas.lt\/ru\/wp-json\/wp\/v2\/types\/product"}],"replies":[{"embeddable":true,"href":"https:\/\/shop.totemas.lt\/ru\/wp-json\/wp\/v2\/comments?post=6116"}],"wp:featuredmedia":[{"embeddable":true,"href":"https:\/\/shop.totemas.lt\/ru\/wp-json\/wp\/v2\/media\/5263"}],"wp:attachment":[{"href":"https:\/\/shop.totemas.lt\/ru\/wp-json\/wp\/v2\/media?parent=6116"}],"wp:term":[{"taxonomy":"product_brand","embeddable":true,"href":"https:\/\/shop.totemas.lt\/ru\/wp-json\/wp\/v2\/product_brand?post=6116"},{"taxonomy":"product_cat","embeddable":true,"href":"https:\/\/shop.totemas.lt\/ru\/wp-json\/wp\/v2\/product_cat?post=6116"},{"taxonomy":"product_tag","embeddable":true,"href":"https:\/\/shop.totemas.lt\/ru\/wp-json\/wp\/v2\/product_tag?post=6116"}],"curies":[{"name":"wp","href":"https:\/\/api.w.org\/{rel}","templated":true}]}}