{"id":6118,"date":"2026-04-14T16:37:14","date_gmt":"2026-04-14T13:37:14","guid":{"rendered":"https:\/\/shop.totemas.lt\/?post_type=product&#038;p=6118"},"modified":"2026-04-17T02:02:15","modified_gmt":"2026-04-16T23:02:15","slug":"dyness-tower-bdubase-valdymo-modulis","status":"publish","type":"product","link":"https:\/\/shop.totemas.lt\/ru\/product\/dyness-tower-bdubase-valdymo-modulis\/","title":{"rendered":"Dyness Tower BDU+BASE valdymo modulis"},"content":{"rendered":"<p><strong>DYNESS BDU\/Base T9637-BMS<\/strong> baterij\u0173 valdymo sistema atlieka \u0161ias funkcijas:<\/p>\n<ul>\n<li>I\u0161ankstinio \u012fkrovimo;<\/li>\n<li>\u017demos \u012ftampos ir vir\u0161\u012ftampio apsauga;<\/li>\n<li>Apsaug\u0105 nuo \u017eemos ir auk\u0161tos temperat\u016bros;<\/li>\n<li>Blok\u0173 balansavimo;<\/li>\n<li>SOC-SOH skai\u010diavimo ir kt.<\/li>\n<\/ul>\n<p>Sistema greitai ir paprastai prijungiama, gali valdyti iki 6 vienet\u0173 baterij\u0173 blok\u0173.<\/p>","protected":false},"excerpt":{"rendered":"<p>Dyness \u2013 patikimas energijos kaupimo sprendimas.<\/p>\n<p>Dyness akumuliatori\u0173 sistemos u\u017etikrina efektyv\u0173 energijos kaupim\u0105 ir optimizavim\u0105, leid\u017eia suma\u017einti priklausomyb\u0119 nuo elektros tinklo. Ilgaam\u017e\u0117 LiFePO4 technologija, auk\u0161tas energijos efektyvumas ir integruotos apsaugos garantuoja patikim\u0105 veikim\u0105 tiek namams, tiek verslui.<\/p>","protected":false},"featured_media":5265,"comment_status":"open","ping_status":"closed","template":"","meta":[],"product_brand":[227],"product_cat":[317,302,318],"product_tag":[],"class_list":{"0":"post-6118","1":"product","2":"type-product","3":"status-publish","4":"has-post-thumbnail","6":"product_brand-dyness","7":"product_cat-auksto-voltazo-baterijos-baterijos","8":"product_cat-baterijos","9":"product_cat-bateriju-priedai-baterijos","11":"first","12":"instock","13":"sale","14":"taxable","15":"shipping-taxable","16":"purchasable","17":"product-type-simple"},"_links":{"self":[{"href":"https:\/\/shop.totemas.lt\/ru\/wp-json\/wp\/v2\/product\/6118","targetHints":{"allow":["GET"]}}],"collection":[{"href":"https:\/\/shop.totemas.lt\/ru\/wp-json\/wp\/v2\/product"}],"about":[{"href":"https:\/\/shop.totemas.lt\/ru\/wp-json\/wp\/v2\/types\/product"}],"replies":[{"embeddable":true,"href":"https:\/\/shop.totemas.lt\/ru\/wp-json\/wp\/v2\/comments?post=6118"}],"wp:featuredmedia":[{"embeddable":true,"href":"https:\/\/shop.totemas.lt\/ru\/wp-json\/wp\/v2\/media\/5265"}],"wp:attachment":[{"href":"https:\/\/shop.totemas.lt\/ru\/wp-json\/wp\/v2\/media?parent=6118"}],"wp:term":[{"taxonomy":"product_brand","embeddable":true,"href":"https:\/\/shop.totemas.lt\/ru\/wp-json\/wp\/v2\/product_brand?post=6118"},{"taxonomy":"product_cat","embeddable":true,"href":"https:\/\/shop.totemas.lt\/ru\/wp-json\/wp\/v2\/product_cat?post=6118"},{"taxonomy":"product_tag","embeddable":true,"href":"https:\/\/shop.totemas.lt\/ru\/wp-json\/wp\/v2\/product_tag?post=6118"}],"curies":[{"name":"wp","href":"https:\/\/api.w.org\/{rel}","templated":true}]}}