{"id":6120,"date":"2026-04-14T16:37:14","date_gmt":"2026-04-14T13:37:14","guid":{"rendered":"https:\/\/shop.totemas.lt\/?post_type=product&#038;p=6120"},"modified":"2026-04-17T02:02:13","modified_gmt":"2026-04-16T23:02:13","slug":"vidurinis-saules-moduliu-laikiklis-30-mm-juodas","status":"publish","type":"product","link":"https:\/\/shop.totemas.lt\/ru\/product\/vidurinis-saules-moduliu-laikiklis-30-mm-juodas\/","title":{"rendered":"Vidurinis saul\u0117s moduli\u0173 laikiklis 30 mm. JUODAS"},"content":{"rendered":"<p><b>Montavimo sistemos apra\u0161ymas:<\/b><\/p>\n<ul>\n<li>Spalva: aliuminio;<\/li>\n<li>Auk\u0161tos kokyb\u0117s tvirtinimo konstrukcija saul\u0117s moduliams;<\/li>\n<li>Gamintojas: GOOMAX;<\/li>\n<li>Garantija metais: 12.<\/li>\n<\/ul>","protected":false},"excerpt":{"rendered":"<p>Pristatymas 2-4 d.d.<\/p>","protected":false},"featured_media":5267,"comment_status":"closed","ping_status":"closed","template":"","meta":[],"product_brand":[251],"product_cat":[322,319,323,320,324],"product_tag":[],"class_list":{"0":"post-6120","1":"product","2":"type-product","3":"status-publish","4":"has-post-thumbnail","6":"product_brand-goomax","7":"product_cat-klasikiniam-stogui-slaitiniam-stogui-montavimo-medziagos-2","8":"product_cat-montavimo-medziagos-2","9":"product_cat-siferiniam-stogui-slaitiniam-stogui-montavimo-medziagos-2","10":"product_cat-slaitiniam-stogui-montavimo-medziagos-2","11":"product_cat-trapeciniam-stogui-slaitiniam-stogui-montavimo-medziagos-2","13":"first","14":"instock","15":"sale","16":"taxable","17":"shipping-taxable","18":"purchasable","19":"product-type-simple"},"_links":{"self":[{"href":"https:\/\/shop.totemas.lt\/ru\/wp-json\/wp\/v2\/product\/6120","targetHints":{"allow":["GET"]}}],"collection":[{"href":"https:\/\/shop.totemas.lt\/ru\/wp-json\/wp\/v2\/product"}],"about":[{"href":"https:\/\/shop.totemas.lt\/ru\/wp-json\/wp\/v2\/types\/product"}],"replies":[{"embeddable":true,"href":"https:\/\/shop.totemas.lt\/ru\/wp-json\/wp\/v2\/comments?post=6120"}],"wp:featuredmedia":[{"embeddable":true,"href":"https:\/\/shop.totemas.lt\/ru\/wp-json\/wp\/v2\/media\/5267"}],"wp:attachment":[{"href":"https:\/\/shop.totemas.lt\/ru\/wp-json\/wp\/v2\/media?parent=6120"}],"wp:term":[{"taxonomy":"product_brand","embeddable":true,"href":"https:\/\/shop.totemas.lt\/ru\/wp-json\/wp\/v2\/product_brand?post=6120"},{"taxonomy":"product_cat","embeddable":true,"href":"https:\/\/shop.totemas.lt\/ru\/wp-json\/wp\/v2\/product_cat?post=6120"},{"taxonomy":"product_tag","embeddable":true,"href":"https:\/\/shop.totemas.lt\/ru\/wp-json\/wp\/v2\/product_tag?post=6120"}],"curies":[{"name":"wp","href":"https:\/\/api.w.org\/{rel}","templated":true}]}}