{"id":6124,"date":"2026-04-14T16:37:15","date_gmt":"2026-04-14T13:37:15","guid":{"rendered":"https:\/\/shop.totemas.lt\/?post_type=product&#038;p=6124"},"modified":"2026-04-17T04:02:25","modified_gmt":"2026-04-17T01:02:25","slug":"savisriegis-varztas-6x19-mm","status":"publish","type":"product","link":"https:\/\/shop.totemas.lt\/ru\/product\/savisriegis-varztas-6x19-mm\/","title":{"rendered":"Savisriegis var\u017etas 6&#215;19 mm."},"content":{"rendered":"<p><b>Montavimo sistemos apra\u0161ymas:<\/b><\/p>\n<ul>\n<li>Savisriegis var\u017etas 6 x\u00a0 19 mm. su sandarinimo guma;<\/li>\n<li>Auk\u0161tos kokyb\u0117s tvirtinimo konstrukcija saul\u0117s moduliams;<\/li>\n<li>Gamintojas: GOOMAX;<\/li>\n<li>Garantija metais: 12.<\/li>\n<\/ul>","protected":false},"excerpt":{"rendered":"<p>Pristatymas 2-4 d.d.<\/p>","protected":false},"featured_media":5282,"comment_status":"closed","ping_status":"closed","template":"","meta":[],"product_brand":[251],"product_cat":[319,320,324],"product_tag":[],"class_list":{"0":"post-6124","1":"product","2":"type-product","3":"status-publish","4":"has-post-thumbnail","6":"product_brand-goomax","7":"product_cat-montavimo-medziagos-2","8":"product_cat-slaitiniam-stogui-montavimo-medziagos-2","9":"product_cat-trapeciniam-stogui-slaitiniam-stogui-montavimo-medziagos-2","11":"first","12":"instock","13":"sale","14":"taxable","15":"shipping-taxable","16":"purchasable","17":"product-type-simple"},"_links":{"self":[{"href":"https:\/\/shop.totemas.lt\/ru\/wp-json\/wp\/v2\/product\/6124","targetHints":{"allow":["GET"]}}],"collection":[{"href":"https:\/\/shop.totemas.lt\/ru\/wp-json\/wp\/v2\/product"}],"about":[{"href":"https:\/\/shop.totemas.lt\/ru\/wp-json\/wp\/v2\/types\/product"}],"replies":[{"embeddable":true,"href":"https:\/\/shop.totemas.lt\/ru\/wp-json\/wp\/v2\/comments?post=6124"}],"wp:featuredmedia":[{"embeddable":true,"href":"https:\/\/shop.totemas.lt\/ru\/wp-json\/wp\/v2\/media\/5282"}],"wp:attachment":[{"href":"https:\/\/shop.totemas.lt\/ru\/wp-json\/wp\/v2\/media?parent=6124"}],"wp:term":[{"taxonomy":"product_brand","embeddable":true,"href":"https:\/\/shop.totemas.lt\/ru\/wp-json\/wp\/v2\/product_brand?post=6124"},{"taxonomy":"product_cat","embeddable":true,"href":"https:\/\/shop.totemas.lt\/ru\/wp-json\/wp\/v2\/product_cat?post=6124"},{"taxonomy":"product_tag","embeddable":true,"href":"https:\/\/shop.totemas.lt\/ru\/wp-json\/wp\/v2\/product_tag?post=6124"}],"curies":[{"name":"wp","href":"https:\/\/api.w.org\/{rel}","templated":true}]}}