{"id":6128,"date":"2026-04-14T16:37:15","date_gmt":"2026-04-14T13:37:15","guid":{"rendered":"https:\/\/shop.totemas.lt\/?post_type=product&#038;p=6128"},"modified":"2026-04-17T02:02:06","modified_gmt":"2026-04-16T23:02:06","slug":"vejalente-galinis-lapas-2100-cm","status":"publish","type":"product","link":"https:\/\/shop.totemas.lt\/ru\/product\/vejalente-galinis-lapas-2100-cm\/","title":{"rendered":"V\u0117jalent\u0117 &#8211; galinis lapas 2100 cm"},"content":{"rendered":"<p><b>V\u0117jalent\u0117 220 cm\/Montavimo sistemos apra\u0161ymas:<\/b><\/p>\n<ul>\n<li>V\u0117jalent\u0117 220 cm;<\/li>\n<li>Auk\u0161tos kokyb\u0117s tvirtinimo konstrukcija saul\u0117s moduliams;<\/li>\n<li>Gamintojas: GOOMAX;<\/li>\n<li>Garantija metais: 12.<\/li>\n<\/ul>","protected":false},"excerpt":{"rendered":"<p>Pristatymas 2-4 d.d.<\/p>","protected":false},"featured_media":5286,"comment_status":"closed","ping_status":"closed","template":"","meta":[],"product_brand":[251],"product_cat":[319,325,326,327],"product_tag":[],"class_list":{"0":"post-6128","1":"product","2":"type-product","3":"status-publish","4":"has-post-thumbnail","6":"product_brand-goomax","7":"product_cat-montavimo-medziagos-2","8":"product_cat-sutapdintam-stogui-montavimo-medziagos-2","9":"product_cat-sutapdintam-stogui-10-sutapdintam-stogui-montavimo-medziagos-2","10":"product_cat-sutapdintam-stogui-15-sutapdintam-stogui-montavimo-medziagos-2","12":"first","13":"instock","14":"sale","15":"taxable","16":"shipping-taxable","17":"purchasable","18":"product-type-simple"},"_links":{"self":[{"href":"https:\/\/shop.totemas.lt\/ru\/wp-json\/wp\/v2\/product\/6128","targetHints":{"allow":["GET"]}}],"collection":[{"href":"https:\/\/shop.totemas.lt\/ru\/wp-json\/wp\/v2\/product"}],"about":[{"href":"https:\/\/shop.totemas.lt\/ru\/wp-json\/wp\/v2\/types\/product"}],"replies":[{"embeddable":true,"href":"https:\/\/shop.totemas.lt\/ru\/wp-json\/wp\/v2\/comments?post=6128"}],"wp:featuredmedia":[{"embeddable":true,"href":"https:\/\/shop.totemas.lt\/ru\/wp-json\/wp\/v2\/media\/5286"}],"wp:attachment":[{"href":"https:\/\/shop.totemas.lt\/ru\/wp-json\/wp\/v2\/media?parent=6128"}],"wp:term":[{"taxonomy":"product_brand","embeddable":true,"href":"https:\/\/shop.totemas.lt\/ru\/wp-json\/wp\/v2\/product_brand?post=6128"},{"taxonomy":"product_cat","embeddable":true,"href":"https:\/\/shop.totemas.lt\/ru\/wp-json\/wp\/v2\/product_cat?post=6128"},{"taxonomy":"product_tag","embeddable":true,"href":"https:\/\/shop.totemas.lt\/ru\/wp-json\/wp\/v2\/product_tag?post=6128"}],"curies":[{"name":"wp","href":"https:\/\/api.w.org\/{rel}","templated":true}]}}