{"id":6139,"date":"2026-04-14T16:37:21","date_gmt":"2026-04-14T13:37:21","guid":{"rendered":"https:\/\/shop.totemas.lt\/?post_type=product&#038;p=6139"},"modified":"2026-04-14T17:02:04","modified_gmt":"2026-04-14T14:02:04","slug":"bauer-410w-monokristaliniai-stiklas-plastikas","status":"publish","type":"product","link":"https:\/\/shop.totemas.lt\/ru\/product\/bauer-410w-monokristaliniai-stiklas-plastikas\/","title":{"rendered":"BAUER 410W Monokristaliniai (stiklas\/plastikas)"},"content":{"rendered":"<p>Voki\u0161ki saul\u0117s moduliai \u201eBAUER\u201c \u2013 ie\u0161kantiems estetikos, u\u017etikrinto efektyvumo ir ilgaam\u017ei\u0161kumo.<\/p>\n<p>&nbsp;<\/p>","protected":false},"excerpt":{"rendered":"<p>36 vnt. palet\u0117je.<\/p>","protected":false},"featured_media":5317,"comment_status":"open","ping_status":"closed","template":"","meta":[],"product_brand":[212],"product_cat":[293,292],"product_tag":[],"class_list":{"0":"post-6139","1":"product","2":"type-product","3":"status-publish","4":"has-post-thumbnail","6":"product_brand-bauer","7":"product_cat-bauer-saules-moduliai-2","8":"product_cat-saules-moduliai","10":"first","11":"outofstock","12":"sale","13":"taxable","14":"shipping-taxable","15":"purchasable","16":"product-type-simple"},"_links":{"self":[{"href":"https:\/\/shop.totemas.lt\/ru\/wp-json\/wp\/v2\/product\/6139","targetHints":{"allow":["GET"]}}],"collection":[{"href":"https:\/\/shop.totemas.lt\/ru\/wp-json\/wp\/v2\/product"}],"about":[{"href":"https:\/\/shop.totemas.lt\/ru\/wp-json\/wp\/v2\/types\/product"}],"replies":[{"embeddable":true,"href":"https:\/\/shop.totemas.lt\/ru\/wp-json\/wp\/v2\/comments?post=6139"}],"wp:featuredmedia":[{"embeddable":true,"href":"https:\/\/shop.totemas.lt\/ru\/wp-json\/wp\/v2\/media\/5317"}],"wp:attachment":[{"href":"https:\/\/shop.totemas.lt\/ru\/wp-json\/wp\/v2\/media?parent=6139"}],"wp:term":[{"taxonomy":"product_brand","embeddable":true,"href":"https:\/\/shop.totemas.lt\/ru\/wp-json\/wp\/v2\/product_brand?post=6139"},{"taxonomy":"product_cat","embeddable":true,"href":"https:\/\/shop.totemas.lt\/ru\/wp-json\/wp\/v2\/product_cat?post=6139"},{"taxonomy":"product_tag","embeddable":true,"href":"https:\/\/shop.totemas.lt\/ru\/wp-json\/wp\/v2\/product_tag?post=6139"}],"curies":[{"name":"wp","href":"https:\/\/api.w.org\/{rel}","templated":true}]}}