{"id":6157,"date":"2026-04-14T16:37:22","date_gmt":"2026-04-14T13:37:22","guid":{"rendered":"https:\/\/shop.totemas.lt\/?post_type=product&#038;p=6157"},"modified":"2026-04-17T02:01:42","modified_gmt":"2026-04-16T23:01:42","slug":"sutapdinto-stogo-aliuminio-begelio-sujungimas","status":"publish","type":"product","link":"https:\/\/shop.totemas.lt\/ru\/product\/sutapdinto-stogo-aliuminio-begelio-sujungimas\/","title":{"rendered":"Sutapdinto stogo aliuminio b\u0117gelio sujungimas"},"content":{"rendered":"<p>\u201eGoomax\u201c sutapdinto stogo aliuminio b\u0117gelio sujungimas \u2013 tai specialus jungiamasis elementas, leid\u017eiantis saugiai ir tvirtai sujungti du b\u0117gelius \u012f vien\u0105 i\u0161tisin\u0119 linij\u0105. Tai ypa\u010d svarbu, kai montuojami ilgi saul\u0117s moduli\u0173 masyvai, kuriems reikia daugiau nei vieno b\u0117gelio ilgio.<\/p>","protected":false},"excerpt":{"rendered":"<p>\u201eGoomax\u201c sutapdinto stogo aliuminio b\u0117gelio sujungimas \u2013 tai specialus jungiamasis elementas, leid\u017eiantis saugiai ir tvirtai sujungti du b\u0117gelius \u012f vien\u0105 i\u0161tisin\u0119 linij\u0105. Tai ypa\u010d svarbu, kai montuojami ilgi saul\u0117s moduli\u0173 masyvai, kuriems reikia daugiau nei vieno b\u0117gelio ilgio.<\/p>","protected":false},"featured_media":5357,"comment_status":"open","ping_status":"closed","template":"","meta":[],"product_brand":[251],"product_cat":[319,325,327],"product_tag":[],"class_list":{"0":"post-6157","1":"product","2":"type-product","3":"status-publish","4":"has-post-thumbnail","6":"product_brand-goomax","7":"product_cat-montavimo-medziagos-2","8":"product_cat-sutapdintam-stogui-montavimo-medziagos-2","9":"product_cat-sutapdintam-stogui-15-sutapdintam-stogui-montavimo-medziagos-2","11":"first","12":"instock","13":"sale","14":"taxable","15":"shipping-taxable","16":"purchasable","17":"product-type-simple"},"_links":{"self":[{"href":"https:\/\/shop.totemas.lt\/ru\/wp-json\/wp\/v2\/product\/6157","targetHints":{"allow":["GET"]}}],"collection":[{"href":"https:\/\/shop.totemas.lt\/ru\/wp-json\/wp\/v2\/product"}],"about":[{"href":"https:\/\/shop.totemas.lt\/ru\/wp-json\/wp\/v2\/types\/product"}],"replies":[{"embeddable":true,"href":"https:\/\/shop.totemas.lt\/ru\/wp-json\/wp\/v2\/comments?post=6157"}],"wp:featuredmedia":[{"embeddable":true,"href":"https:\/\/shop.totemas.lt\/ru\/wp-json\/wp\/v2\/media\/5357"}],"wp:attachment":[{"href":"https:\/\/shop.totemas.lt\/ru\/wp-json\/wp\/v2\/media?parent=6157"}],"wp:term":[{"taxonomy":"product_brand","embeddable":true,"href":"https:\/\/shop.totemas.lt\/ru\/wp-json\/wp\/v2\/product_brand?post=6157"},{"taxonomy":"product_cat","embeddable":true,"href":"https:\/\/shop.totemas.lt\/ru\/wp-json\/wp\/v2\/product_cat?post=6157"},{"taxonomy":"product_tag","embeddable":true,"href":"https:\/\/shop.totemas.lt\/ru\/wp-json\/wp\/v2\/product_tag?post=6157"}],"curies":[{"name":"wp","href":"https:\/\/api.w.org\/{rel}","templated":true}]}}