{"id":6160,"date":"2026-04-14T16:37:23","date_gmt":"2026-04-14T13:37:23","guid":{"rendered":"https:\/\/shop.totemas.lt\/?post_type=product&#038;p=6160"},"modified":"2026-04-17T02:01:40","modified_gmt":"2026-04-16T23:01:40","slug":"priekine-kojele-10-sutapdintam-stogui","status":"publish","type":"product","link":"https:\/\/shop.totemas.lt\/ru\/product\/priekine-kojele-10-sutapdintam-stogui\/","title":{"rendered":"Priekin\u0117 kojel\u0117 10\u00b0 sutapdintam stogui"},"content":{"rendered":"<p>Priekin\u0117 kojel\u0117 10\u00b0 kampu, skirta sutapdintam (plok\u0161\u010diam) stogui, yra svarbi saul\u0117s moduli\u0173 montavimo sistemos dalis, leid\u017eianti pasiekti optimal\u0173 modulio pasvirimo kamp\u0105.<\/p>","protected":false},"excerpt":{"rendered":"<p>Priekin\u0117 kojel\u0117 10\u00b0 kampu, skirta sutapdintam (plok\u0161\u010diam) stogui, yra svarbi saul\u0117s moduli\u0173 montavimo sistemos dalis, leid\u017eianti pasiekti optimal\u0173 modulio pasvirimo kamp\u0105.<\/p>","protected":false},"featured_media":5360,"comment_status":"open","ping_status":"closed","template":"","meta":[],"product_brand":[251],"product_cat":[326],"product_tag":[],"class_list":{"0":"post-6160","1":"product","2":"type-product","3":"status-publish","4":"has-post-thumbnail","6":"product_brand-goomax","7":"product_cat-sutapdintam-stogui-10-sutapdintam-stogui-montavimo-medziagos-2","9":"first","10":"instock","11":"sale","12":"taxable","13":"shipping-taxable","14":"purchasable","15":"product-type-simple"},"_links":{"self":[{"href":"https:\/\/shop.totemas.lt\/ru\/wp-json\/wp\/v2\/product\/6160","targetHints":{"allow":["GET"]}}],"collection":[{"href":"https:\/\/shop.totemas.lt\/ru\/wp-json\/wp\/v2\/product"}],"about":[{"href":"https:\/\/shop.totemas.lt\/ru\/wp-json\/wp\/v2\/types\/product"}],"replies":[{"embeddable":true,"href":"https:\/\/shop.totemas.lt\/ru\/wp-json\/wp\/v2\/comments?post=6160"}],"wp:featuredmedia":[{"embeddable":true,"href":"https:\/\/shop.totemas.lt\/ru\/wp-json\/wp\/v2\/media\/5360"}],"wp:attachment":[{"href":"https:\/\/shop.totemas.lt\/ru\/wp-json\/wp\/v2\/media?parent=6160"}],"wp:term":[{"taxonomy":"product_brand","embeddable":true,"href":"https:\/\/shop.totemas.lt\/ru\/wp-json\/wp\/v2\/product_brand?post=6160"},{"taxonomy":"product_cat","embeddable":true,"href":"https:\/\/shop.totemas.lt\/ru\/wp-json\/wp\/v2\/product_cat?post=6160"},{"taxonomy":"product_tag","embeddable":true,"href":"https:\/\/shop.totemas.lt\/ru\/wp-json\/wp\/v2\/product_tag?post=6160"}],"curies":[{"name":"wp","href":"https:\/\/api.w.org\/{rel}","templated":true}]}}