{"id":6168,"date":"2026-04-14T16:37:28","date_gmt":"2026-04-14T13:37:28","guid":{"rendered":"https:\/\/shop.totemas.lt\/?post_type=product&#038;p=6168"},"modified":"2026-04-17T02:01:33","modified_gmt":"2026-04-16T23:01:33","slug":"kabelio-laikiklis","status":"publish","type":"product","link":"https:\/\/shop.totemas.lt\/ru\/product\/kabelio-laikiklis\/","title":{"rendered":"Kabelio laikiklis"},"content":{"rendered":"<p>Goomax kabelio laikiklis \u2013 tai tvirtinimo elementas, skirtas laidams ar kabeliams pritvirtinti prie sien\u0173, lub\u0173 ar kit\u0173 pavir\u0161i\u0173, kad jie b\u016bt\u0173 saugiai ir tvarkingai i\u0161d\u0117styti.<\/p>","protected":false},"excerpt":{"rendered":"<p>Goomax kabelio laikiklis \u2013 tai tvirtinimo elementas, skirtas laidams ar kabeliams pritvirtinti prie sien\u0173, lub\u0173 ar kit\u0173 pavir\u0161i\u0173, kad jie b\u016bt\u0173 saugiai ir tvarkingai i\u0161d\u0117styti.<\/p>","protected":false},"featured_media":5368,"comment_status":"open","ping_status":"closed","template":"","meta":[],"product_brand":[251],"product_cat":[319,320],"product_tag":[],"class_list":{"0":"post-6168","1":"product","2":"type-product","3":"status-publish","4":"has-post-thumbnail","6":"product_brand-goomax","7":"product_cat-montavimo-medziagos-2","8":"product_cat-slaitiniam-stogui-montavimo-medziagos-2","10":"first","11":"instock","12":"sale","13":"taxable","14":"shipping-taxable","15":"purchasable","16":"product-type-simple"},"_links":{"self":[{"href":"https:\/\/shop.totemas.lt\/ru\/wp-json\/wp\/v2\/product\/6168","targetHints":{"allow":["GET"]}}],"collection":[{"href":"https:\/\/shop.totemas.lt\/ru\/wp-json\/wp\/v2\/product"}],"about":[{"href":"https:\/\/shop.totemas.lt\/ru\/wp-json\/wp\/v2\/types\/product"}],"replies":[{"embeddable":true,"href":"https:\/\/shop.totemas.lt\/ru\/wp-json\/wp\/v2\/comments?post=6168"}],"wp:featuredmedia":[{"embeddable":true,"href":"https:\/\/shop.totemas.lt\/ru\/wp-json\/wp\/v2\/media\/5368"}],"wp:attachment":[{"href":"https:\/\/shop.totemas.lt\/ru\/wp-json\/wp\/v2\/media?parent=6168"}],"wp:term":[{"taxonomy":"product_brand","embeddable":true,"href":"https:\/\/shop.totemas.lt\/ru\/wp-json\/wp\/v2\/product_brand?post=6168"},{"taxonomy":"product_cat","embeddable":true,"href":"https:\/\/shop.totemas.lt\/ru\/wp-json\/wp\/v2\/product_cat?post=6168"},{"taxonomy":"product_tag","embeddable":true,"href":"https:\/\/shop.totemas.lt\/ru\/wp-json\/wp\/v2\/product_tag?post=6168"}],"curies":[{"name":"wp","href":"https:\/\/api.w.org\/{rel}","templated":true}]}}