{"id":6177,"date":"2026-04-14T16:37:29","date_gmt":"2026-04-14T13:37:29","guid":{"rendered":"https:\/\/shop.totemas.lt\/?post_type=product&#038;p=6177"},"modified":"2026-04-16T22:02:26","modified_gmt":"2026-04-16T19:02:26","slug":"dyness-355-kwh-akumuliatoriaus-modulis","status":"publish","type":"product","link":"https:\/\/shop.totemas.lt\/ru\/product\/dyness-355-kwh-akumuliatoriaus-modulis\/","title":{"rendered":"DYNESS 3,55 kWh akumuliatoriaus modulis"},"content":{"rendered":"<p><strong>\u201eDyness HV9637\u201c<\/strong> akumuliatoriaus modulis yra pa\u017eangus li\u010dio gele\u017eies fosfato (LiFePO4) energijos kaupimo sprendimas, sukurtas atsi\u017evelgiant \u012f moderni\u0173, didel\u0117s talpos nam\u0173 energijos sistem\u0173 poreikius. Tur\u0117damas 3,55 kWh bazin\u0119 talp\u0105, \u0161is modulis pasi\u017eymi i\u0161skirtiniu mastelio keitimu, nes leid\u017eia nuosekliai sujungti iki \u0161e\u0161i\u0173 moduli\u0173, taip padidinant bendr\u0105 sistemos talp\u0105 iki 21,31 kWh. D\u0117l \u0161io lankstumo HV9637 idealiai tinka \u012fvairioms gyvenam\u0173j\u0173 nam\u0173 reikm\u0117ms, \u012fskaitant skland\u0173 integravim\u0105 su saul\u0117s energijos sistemomis.<\/p>","protected":false},"excerpt":{"rendered":"<p>\u201eDyness HV9637\u201c auk\u0161tos \u012ftampos LiFePO4 akumuliatori\u0173 modulis, skirtas kei\u010diamo dyd\u017eio energijos kaupimo sprendimams.<\/p>","protected":false},"featured_media":5404,"comment_status":"open","ping_status":"closed","template":"","meta":[],"product_brand":[227],"product_cat":[317,338,302],"product_tag":[],"class_list":{"0":"post-6177","1":"product","2":"type-product","3":"status-publish","4":"has-post-thumbnail","6":"product_brand-dyness","7":"product_cat-auksto-voltazo-baterijos-baterijos","8":"product_cat-auksto-voltazo-dyness-auksto-voltazo-baterijos-baterijos","9":"product_cat-baterijos","11":"first","12":"instock","13":"sale","14":"taxable","15":"shipping-taxable","16":"purchasable","17":"product-type-simple"},"_links":{"self":[{"href":"https:\/\/shop.totemas.lt\/ru\/wp-json\/wp\/v2\/product\/6177","targetHints":{"allow":["GET"]}}],"collection":[{"href":"https:\/\/shop.totemas.lt\/ru\/wp-json\/wp\/v2\/product"}],"about":[{"href":"https:\/\/shop.totemas.lt\/ru\/wp-json\/wp\/v2\/types\/product"}],"replies":[{"embeddable":true,"href":"https:\/\/shop.totemas.lt\/ru\/wp-json\/wp\/v2\/comments?post=6177"}],"wp:featuredmedia":[{"embeddable":true,"href":"https:\/\/shop.totemas.lt\/ru\/wp-json\/wp\/v2\/media\/5404"}],"wp:attachment":[{"href":"https:\/\/shop.totemas.lt\/ru\/wp-json\/wp\/v2\/media?parent=6177"}],"wp:term":[{"taxonomy":"product_brand","embeddable":true,"href":"https:\/\/shop.totemas.lt\/ru\/wp-json\/wp\/v2\/product_brand?post=6177"},{"taxonomy":"product_cat","embeddable":true,"href":"https:\/\/shop.totemas.lt\/ru\/wp-json\/wp\/v2\/product_cat?post=6177"},{"taxonomy":"product_tag","embeddable":true,"href":"https:\/\/shop.totemas.lt\/ru\/wp-json\/wp\/v2\/product_tag?post=6177"}],"curies":[{"name":"wp","href":"https:\/\/api.w.org\/{rel}","templated":true}]}}