{"id":6188,"date":"2026-04-14T16:37:30","date_gmt":"2026-04-14T13:37:30","guid":{"rendered":"https:\/\/shop.totemas.lt\/?post_type=product&#038;p=6188"},"modified":"2026-04-14T16:37:33","modified_gmt":"2026-04-14T13:37:33","slug":"8-kw-solis-zemo-voltazo-1ph-hibridinis-inverteris-s6-eh1p8k-l-plus","status":"publish","type":"product","link":"https:\/\/shop.totemas.lt\/ru\/product\/8-kw-solis-zemo-voltazo-1ph-hibridinis-inverteris-s6-eh1p8k-l-plus\/","title":{"rendered":"8 kW Solis \u017eemo volta\u017eo (1Ph) hibridinis inverteris S6-EH1P8K-L-PLUS"},"content":{"rendered":"<ul>\n<li><strong>Bluetooth program\u0117l\u0117s palaikymas<\/strong> &#8211; greitas ir paprastas nustatymas;<\/li>\n<\/ul>\n<ul class=\"list-p1\">\n<li class=\"col_lg_12 col_xs_24\">Suderinamas su pagrindiniais li\u010dio ir \u0161vino r\u016bg\u0161ties akumuliatoriais;<\/li>\n<li class=\"col_lg_12 col_xs_24\"><strong>160 % PV<\/strong> \u012fvesties galia, kad b\u016bt\u0173 maksimaliai i\u0161naudojama saul\u0117s energija;<\/li>\n<li class=\"col_lg_12 col_xs_24\">7 coli\u0173 skyst\u0173j\u0173 kristal\u0173 ekranas, u\u017etikrinantis intuityvi\u0105 naudotojo patirt\u012f.<\/li>\n<\/ul>","protected":false},"excerpt":{"rendered":"<p>S6-EH1P5K-L-PLUS serijos energijos kaupimo inverteris tinka gyvenamosioms PV energijos kaupimo sistemoms, dera su iki 32 A MPPT srov\u0117s stiprio \u012fvadu, tinka \u012fvairioms didel\u0117s galios PV plok\u0161t\u0117ms. Jame \u012fdiegta 6 pakop\u0173 laikinio \u012fkrovimo ir i\u0161krovimo funkcija, integruotos akumuliatoriaus kondicionavimo ir apsaugos funkcijos, kurios tausoja akumuliatorius. Jis dera su keliais lygiagre\u010diai veikian\u010diais inverteriais, kad b\u016bt\u0173 galima suformuoti vienfaz\u0119 arba trifaz\u0119 sistem\u0105, kurios did\u017eiausia galia \u2013 48 kW. Turi UPS perjungimo funkcij\u0105 ir u\u017etikrina nepriklausom\u0105 generatoriaus s\u0105saj\u0105, kad energijos naudojimo programos b\u016bt\u0173 patikimesn\u0117s. \u0160is gaminys teikia sprendimus sud\u0117tingiems energijos scenarijams su gyvenam\u0173j\u0173 nam\u0173 energijos kaupimo sistemomis.<\/p>","protected":false},"featured_media":5432,"comment_status":"open","ping_status":"closed","template":"","meta":[],"product_brand":[223],"product_cat":[307,297,314],"product_tag":[],"class_list":{"0":"post-6188","1":"product","2":"type-product","3":"status-publish","4":"has-post-thumbnail","6":"product_brand-solis","7":"product_cat-hibridiniai-inverteriai-2","8":"product_cat-inverteriai-2","9":"product_cat-zemo-voltazo-inverteriai","11":"first","12":"outofstock","13":"sale","14":"taxable","15":"shipping-taxable","16":"purchasable","17":"product-type-simple"},"_links":{"self":[{"href":"https:\/\/shop.totemas.lt\/ru\/wp-json\/wp\/v2\/product\/6188","targetHints":{"allow":["GET"]}}],"collection":[{"href":"https:\/\/shop.totemas.lt\/ru\/wp-json\/wp\/v2\/product"}],"about":[{"href":"https:\/\/shop.totemas.lt\/ru\/wp-json\/wp\/v2\/types\/product"}],"replies":[{"embeddable":true,"href":"https:\/\/shop.totemas.lt\/ru\/wp-json\/wp\/v2\/comments?post=6188"}],"wp:featuredmedia":[{"embeddable":true,"href":"https:\/\/shop.totemas.lt\/ru\/wp-json\/wp\/v2\/media\/5432"}],"wp:attachment":[{"href":"https:\/\/shop.totemas.lt\/ru\/wp-json\/wp\/v2\/media?parent=6188"}],"wp:term":[{"taxonomy":"product_brand","embeddable":true,"href":"https:\/\/shop.totemas.lt\/ru\/wp-json\/wp\/v2\/product_brand?post=6188"},{"taxonomy":"product_cat","embeddable":true,"href":"https:\/\/shop.totemas.lt\/ru\/wp-json\/wp\/v2\/product_cat?post=6188"},{"taxonomy":"product_tag","embeddable":true,"href":"https:\/\/shop.totemas.lt\/ru\/wp-json\/wp\/v2\/product_tag?post=6188"}],"curies":[{"name":"wp","href":"https:\/\/api.w.org\/{rel}","templated":true}]}}