{"id":6195,"date":"2026-04-14T16:37:30","date_gmt":"2026-04-14T13:37:30","guid":{"rendered":"https:\/\/shop.totemas.lt\/?post_type=product&#038;p=6195"},"modified":"2026-04-17T02:01:09","modified_gmt":"2026-04-16T23:01:09","slug":"mc4-tipo-3-1-sakotuvas-saules-moduliams-pv-jungtis","status":"publish","type":"product","link":"https:\/\/shop.totemas.lt\/ru\/product\/mc4-tipo-3-1-sakotuvas-saules-moduliams-pv-jungtis\/","title":{"rendered":"MC4 tipo 3-1 \u0161akotuvas saul\u0117s moduliams (PV jungtis)"},"content":{"rendered":"<ul>\n<li>MC4 trigubas saul\u0117s kabelis (nuo 3 iki 1) yra puikus sprendimas lygiagre\u010diai kelioms saul\u0117s baterijoms;<\/li>\n<li>MC4 jungties kabel\u012f sudaro vienas moteri\u0161kas mc4 iki trij\u0173 vyri\u0161k\u0173 mc4 (H\/M\/M\/M) ir vienas ki\u0161tukas mc4 iki trij\u0173 moteri\u0161k\u0173 mc4 (M\/H\/H\/H\/H);<\/li>\n<li>Hidrolizei atsparus UV ir ozonu susietas elektron\u0173 pluo\u0161tas;<\/li>\n<li>Atsparus auk\u0161tai temperat\u016brai, med\u017eiagos nei\u0161tirps ir netek\u0117s;<\/li>\n<li>Geras lankstumas \u0161altyje;<\/li>\n<li>Ilgas gyvenimo ciklas;<\/li>\n<li>IP67 atsparus vandeniui.<\/li>\n<\/ul>","protected":false},"excerpt":{"rendered":"<p>MC4 trigubas saul\u0117s kabelis (nuo 3 iki 1) yra puikus sprendimas lygiagre\u010diai kelioms saul\u0117s baterijoms.<\/p>","protected":false},"featured_media":5466,"comment_status":"open","ping_status":"closed","template":"","meta":[],"product_brand":[277],"product_cat":[316,328,319,310],"product_tag":[],"class_list":{"0":"post-6195","1":"product","2":"type-product","3":"status-publish","4":"has-post-thumbnail","6":"product_brand-tongou","7":"product_cat-datalogger-priedai-inverteriai-2","8":"product_cat-kabeliai-ir-kitos-papildomos-montavimo-medziagos-montavimo-medziagos-2","9":"product_cat-montavimo-medziagos-2","10":"product_cat-priedai-inverteriai-2","12":"first","13":"instock","14":"sale","15":"taxable","16":"shipping-taxable","17":"purchasable","18":"product-type-simple"},"_links":{"self":[{"href":"https:\/\/shop.totemas.lt\/ru\/wp-json\/wp\/v2\/product\/6195","targetHints":{"allow":["GET"]}}],"collection":[{"href":"https:\/\/shop.totemas.lt\/ru\/wp-json\/wp\/v2\/product"}],"about":[{"href":"https:\/\/shop.totemas.lt\/ru\/wp-json\/wp\/v2\/types\/product"}],"replies":[{"embeddable":true,"href":"https:\/\/shop.totemas.lt\/ru\/wp-json\/wp\/v2\/comments?post=6195"}],"wp:featuredmedia":[{"embeddable":true,"href":"https:\/\/shop.totemas.lt\/ru\/wp-json\/wp\/v2\/media\/5466"}],"wp:attachment":[{"href":"https:\/\/shop.totemas.lt\/ru\/wp-json\/wp\/v2\/media?parent=6195"}],"wp:term":[{"taxonomy":"product_brand","embeddable":true,"href":"https:\/\/shop.totemas.lt\/ru\/wp-json\/wp\/v2\/product_brand?post=6195"},{"taxonomy":"product_cat","embeddable":true,"href":"https:\/\/shop.totemas.lt\/ru\/wp-json\/wp\/v2\/product_cat?post=6195"},{"taxonomy":"product_tag","embeddable":true,"href":"https:\/\/shop.totemas.lt\/ru\/wp-json\/wp\/v2\/product_tag?post=6195"}],"curies":[{"name":"wp","href":"https:\/\/api.w.org\/{rel}","templated":true}]}}