{"id":6197,"date":"2026-04-14T16:37:35","date_gmt":"2026-04-14T13:37:35","guid":{"rendered":"https:\/\/shop.totemas.lt\/?post_type=product&#038;p=6197"},"modified":"2026-04-16T22:01:42","modified_gmt":"2026-04-16T19:01:42","slug":"aiko-modulis-445w-abc-technologija","status":"publish","type":"product","link":"https:\/\/shop.totemas.lt\/ru\/product\/aiko-modulis-445w-abc-technologija\/","title":{"rendered":"Aiko modulis 445W ABC technologija"},"content":{"rendered":"<p><strong>AIKO<\/strong>\u00a0saul\u0117s moduliai su <strong>ABC<\/strong> \u0161e\u0161\u0117li\u0173 optimizavimo technologija atveria naujas galimybes efektyviai ir patikimai saul\u0117s energijos gamybai. \u0160i technologija ne tik padidina moduli\u0173 efektyvum\u0105, bet ir u\u017etikrina j\u0173 ilgaam\u017ei\u0161kum\u0105 ir atsparum\u0105 nepalankioms aplinkos s\u0105lygoms, suteikiant vartotojams daugiau galimybi\u0173 naudoti saul\u0117s energij\u0105 net sud\u0117tingose situacijose.<\/p>","protected":false},"excerpt":{"rendered":"<p>AIKO antros kartos ABC (All Back Contact) moduliai, \u017einomi kaip \u201eNeostar\u201c, yra \u017eeng\u0119 didel\u012f \u017eingsn\u012f \u012f priek\u012f saul\u0117s paneli\u0173 efektyvumo srityje. \u0160ie atnaujinimai yra ne tik patys efektyviausi pasauliniu lygiu, bet ir tvirtina AIKO pozicijas, kaip vieno i\u0161 lyderi\u0173 saul\u0117s energetikos sferoje.<\/p>","protected":false},"featured_media":5468,"comment_status":"open","ping_status":"closed","template":"","meta":[],"product_brand":[279],"product_cat":[345,292],"product_tag":[],"class_list":{"0":"post-6197","1":"product","2":"type-product","3":"status-publish","4":"has-post-thumbnail","6":"product_brand-aiko","7":"product_cat-aiko-saules-moduliai-2","8":"product_cat-saules-moduliai","10":"first","11":"outofstock","12":"sale","13":"taxable","14":"shipping-taxable","15":"purchasable","16":"product-type-simple"},"_links":{"self":[{"href":"https:\/\/shop.totemas.lt\/ru\/wp-json\/wp\/v2\/product\/6197","targetHints":{"allow":["GET"]}}],"collection":[{"href":"https:\/\/shop.totemas.lt\/ru\/wp-json\/wp\/v2\/product"}],"about":[{"href":"https:\/\/shop.totemas.lt\/ru\/wp-json\/wp\/v2\/types\/product"}],"replies":[{"embeddable":true,"href":"https:\/\/shop.totemas.lt\/ru\/wp-json\/wp\/v2\/comments?post=6197"}],"wp:featuredmedia":[{"embeddable":true,"href":"https:\/\/shop.totemas.lt\/ru\/wp-json\/wp\/v2\/media\/5468"}],"wp:attachment":[{"href":"https:\/\/shop.totemas.lt\/ru\/wp-json\/wp\/v2\/media?parent=6197"}],"wp:term":[{"taxonomy":"product_brand","embeddable":true,"href":"https:\/\/shop.totemas.lt\/ru\/wp-json\/wp\/v2\/product_brand?post=6197"},{"taxonomy":"product_cat","embeddable":true,"href":"https:\/\/shop.totemas.lt\/ru\/wp-json\/wp\/v2\/product_cat?post=6197"},{"taxonomy":"product_tag","embeddable":true,"href":"https:\/\/shop.totemas.lt\/ru\/wp-json\/wp\/v2\/product_tag?post=6197"}],"curies":[{"name":"wp","href":"https:\/\/api.w.org\/{rel}","templated":true}]}}