{"id":6209,"date":"2026-04-14T16:37:36","date_gmt":"2026-04-14T13:37:36","guid":{"rendered":"https:\/\/shop.totemas.lt\/?post_type=product&#038;p=6209"},"modified":"2026-04-14T16:37:40","modified_gmt":"2026-04-14T13:37:40","slug":"125k-solis-trifazis-on-grid-inverteris-s6-gc125k-uzsakomas","status":"publish","type":"product","link":"https:\/\/shop.totemas.lt\/ru\/product\/125k-solis-trifazis-on-grid-inverteris-s6-gc125k-uzsakomas\/","title":{"rendered":"125K Solis trifazis On-Grid inverteris  S6-GC125K U\u017dSAKOMAS"},"content":{"rendered":"<p><!--StartFragment --><\/p>\n<ul>\n<li><strong>Efektyvumas &#8211; <\/strong>10 MPPT \u2013 lankstus moduli\u0173 konfig\u016bravimas ir efektyvus energijos sekimas;<\/li>\n<li><strong>Maksimalus efektyvumas<\/strong> \u2013 99,0\u202f% \u2013 minimal\u016bs energijos nuostoliai;<\/li>\n<li><strong>&gt;150\u202f% DC\/AC santykis<\/strong> \u2013 leid\u017eia perprojektuoti sistem\u0105 didesniam energijos derliui;<\/li>\n<li><strong>Sekimo tankis \u2013 100 MPPT\/MW<\/strong> \u2013 puikiai tinka didelio tankio instaliacijoms;<\/li>\n<li><strong>Srov\u0117 iki 16\u202fA<\/strong> \u2013 suderinama su didel\u0117s srov\u0117s bifacial moduliais (pvz., 550\u202fW+);<\/li>\n<li><strong>Saugumas &#8211;\u00a0<\/strong>IP66 apsaugos klas\u0117 \u2013 atsparumas dulk\u0117ms ir vandeniui;<\/li>\n<li><strong>AFCI apsauga<\/strong> \u2013 aktyviai ma\u017eina gaisro rizik\u0105;<\/li>\n<li><strong>Naktinis PID atk\u016brimas (pasirinktinai)<\/strong> \u2013 moduli\u0173 efektyvumo palaikymas;<\/li>\n<li><strong>Per\u012ftampos ir nutek\u0117jimo srov\u0117s slopinimo technologija<\/strong> \u2013 ma\u017eas gedim\u0173 da\u017enis;<\/li>\n<li><strong>I\u0161manumas &#8211;\u00a0<\/strong>Naktin\u0117 SVG funkcija \u2013 reaktyviosios galios kompensavimas net tamsoje;<\/li>\n<li><strong>I\u0161mani eilu\u010di\u0173 steb\u0117sena ir I-V kreiv\u0117s analiz\u0117<\/strong> \u2013 tiksli diagnostika;<\/li>\n<li><strong>Nuotolinis programin\u0117s \u012frangos atnaujinimas<\/strong> \u2013 paprasta prie\u017ei\u016bra;<\/li>\n<li><strong>Ekonomi\u0161kumas &#8211;\u00a0<\/strong>DC pus\u0117je palaikomas \u201eY\u201c jungtis \u2013 paprastesnis instaliavimas;<\/li>\n<li><strong>PLC (duomen\u0173 perdavimas per elektros linijas, pasirenkama)<\/strong> \u2013 ma\u017eiau kabeli\u0173, daugiau efektyvumo.<\/li>\n<\/ul>\n<p><!--EndFragment --><\/p>","protected":false},"excerpt":{"rendered":"<p>U\u017dSAKOMAS<\/p>","protected":false},"featured_media":5525,"comment_status":"open","ping_status":"closed","template":"","meta":[],"product_brand":[223],"product_cat":[297,301,298,299],"product_tag":[],"class_list":{"0":"post-6209","1":"product","2":"type-product","3":"status-publish","4":"has-post-thumbnail","6":"product_brand-solis","7":"product_cat-inverteriai-2","8":"product_cat-nuo-20-kw-trifaziai-on-grid-standartiniai-inverteriai-2","9":"product_cat-on-grid-standartiniai-inverteriai-2","10":"product_cat-trifaziai-on-grid-standartiniai-inverteriai-2","12":"first","13":"outofstock","14":"sale","15":"taxable","16":"shipping-taxable","17":"purchasable","18":"product-type-simple"},"_links":{"self":[{"href":"https:\/\/shop.totemas.lt\/ru\/wp-json\/wp\/v2\/product\/6209","targetHints":{"allow":["GET"]}}],"collection":[{"href":"https:\/\/shop.totemas.lt\/ru\/wp-json\/wp\/v2\/product"}],"about":[{"href":"https:\/\/shop.totemas.lt\/ru\/wp-json\/wp\/v2\/types\/product"}],"replies":[{"embeddable":true,"href":"https:\/\/shop.totemas.lt\/ru\/wp-json\/wp\/v2\/comments?post=6209"}],"wp:featuredmedia":[{"embeddable":true,"href":"https:\/\/shop.totemas.lt\/ru\/wp-json\/wp\/v2\/media\/5525"}],"wp:attachment":[{"href":"https:\/\/shop.totemas.lt\/ru\/wp-json\/wp\/v2\/media?parent=6209"}],"wp:term":[{"taxonomy":"product_brand","embeddable":true,"href":"https:\/\/shop.totemas.lt\/ru\/wp-json\/wp\/v2\/product_brand?post=6209"},{"taxonomy":"product_cat","embeddable":true,"href":"https:\/\/shop.totemas.lt\/ru\/wp-json\/wp\/v2\/product_cat?post=6209"},{"taxonomy":"product_tag","embeddable":true,"href":"https:\/\/shop.totemas.lt\/ru\/wp-json\/wp\/v2\/product_tag?post=6209"}],"curies":[{"name":"wp","href":"https:\/\/api.w.org\/{rel}","templated":true}]}}