{"id":6214,"date":"2026-04-14T16:37:37","date_gmt":"2026-04-14T13:37:37","guid":{"rendered":"https:\/\/shop.totemas.lt\/?post_type=product&#038;p=6214"},"modified":"2026-04-14T16:37:41","modified_gmt":"2026-04-14T13:37:41","slug":"8kw-solis-auksto-voltazo-hibridinis-3ph-2mppt-inverteris-s6-eh3p8k2-h","status":"publish","type":"product","link":"https:\/\/shop.totemas.lt\/ru\/product\/8kw-solis-auksto-voltazo-hibridinis-3ph-2mppt-inverteris-s6-eh3p8k2-h\/","title":{"rendered":"8kW Solis auk\u0161to volta\u017eo hibridinis (3Ph) 2MPPT inverteris S6-EH3P8K2-H"},"content":{"rendered":"<p><!--StartFragment --><\/p>\n<ul>\n<li><strong>I\u0161manus energijos valdymas;<br \/>\n<\/strong>Dirbtinis intelektas i\u0161maniai valdo \u012fkrovim\u0105 ir i\u0161krovim\u0105 pagal TOU (laiko tarifus);<\/li>\n<li>Sklandus integravimas su VPP (virtualiais elektriniais tinklais) ir EMS (energijos valdymo sistemomis) \u2013 efektyvesniam energijos optimizavimui.<\/li>\n<li><strong>Lankstus ir ple\u010diamas;<\/strong><\/li>\n<li>Suderinamas su pagrindiniais li\u010dio baterij\u0173 gamintojais;<\/li>\n<li>Lengvas sistemos i\u0161pl\u0117timas naudojant lygiagret\u0173 jungim\u0105 ir AC sujungim\u0105.<\/li>\n<li><strong>Paprastas ir greitas konfig\u016bravimas;<\/strong><\/li>\n<li>Bluetooth program\u0117l\u0117s palaikymas \u2013 greitas ir patogus nustatymas.<\/li>\n<\/ul>\n<p><!--EndFragment --><\/p>","protected":false},"excerpt":{"rendered":"<p><strong>I\u0161manus energijos valdymas<br \/>\n<\/strong>Dirbtinis intelektas i\u0161maniai valdo \u012fkrovim\u0105 ir i\u0161krovim\u0105 pagal TOU (laiko tarifus). Sklandus integravimas su VPP (virtualiais elektriniais tinklais) ir EMS (energijos valdymo sistemomis) \u2013 efektyvesniam energijos optimizavimui<\/p>","protected":false},"featured_media":5538,"comment_status":"open","ping_status":"closed","template":"","meta":[],"product_brand":[223],"product_cat":[308,307,297,309],"product_tag":[],"class_list":{"0":"post-6214","1":"product","2":"type-product","3":"status-publish","4":"has-post-thumbnail","6":"product_brand-solis","7":"product_cat-auksto-voltazo-inverteriai-hibridiniai-inverteriai-2","8":"product_cat-hibridiniai-inverteriai-2","9":"product_cat-inverteriai-2","10":"product_cat-trifaziai-auksto-voltazo-inverteriai-hibridiniai-inverteriai-2","12":"first","13":"outofstock","14":"sale","15":"taxable","16":"shipping-taxable","17":"purchasable","18":"product-type-simple"},"_links":{"self":[{"href":"https:\/\/shop.totemas.lt\/ru\/wp-json\/wp\/v2\/product\/6214","targetHints":{"allow":["GET"]}}],"collection":[{"href":"https:\/\/shop.totemas.lt\/ru\/wp-json\/wp\/v2\/product"}],"about":[{"href":"https:\/\/shop.totemas.lt\/ru\/wp-json\/wp\/v2\/types\/product"}],"replies":[{"embeddable":true,"href":"https:\/\/shop.totemas.lt\/ru\/wp-json\/wp\/v2\/comments?post=6214"}],"wp:featuredmedia":[{"embeddable":true,"href":"https:\/\/shop.totemas.lt\/ru\/wp-json\/wp\/v2\/media\/5538"}],"wp:attachment":[{"href":"https:\/\/shop.totemas.lt\/ru\/wp-json\/wp\/v2\/media?parent=6214"}],"wp:term":[{"taxonomy":"product_brand","embeddable":true,"href":"https:\/\/shop.totemas.lt\/ru\/wp-json\/wp\/v2\/product_brand?post=6214"},{"taxonomy":"product_cat","embeddable":true,"href":"https:\/\/shop.totemas.lt\/ru\/wp-json\/wp\/v2\/product_cat?post=6214"},{"taxonomy":"product_tag","embeddable":true,"href":"https:\/\/shop.totemas.lt\/ru\/wp-json\/wp\/v2\/product_tag?post=6214"}],"curies":[{"name":"wp","href":"https:\/\/api.w.org\/{rel}","templated":true}]}}