{"id":6242,"date":"2026-04-14T16:37:44","date_gmt":"2026-04-14T13:37:44","guid":{"rendered":"https:\/\/shop.totemas.lt\/?post_type=product&#038;p=6242"},"modified":"2026-04-14T16:37:48","modified_gmt":"2026-04-14T13:37:48","slug":"enershare-energy-core-bateriju-komplektas-9-6-25-6-kwh","status":"publish","type":"product","link":"https:\/\/shop.totemas.lt\/ru\/product\/enershare-energy-core-bateriju-komplektas-9-6-25-6-kwh\/","title":{"rendered":"Enershare Energy Core Baterij\u0173 komplektas (9.6 \u2013 25.6 kWh)"},"content":{"rendered":"<h4><b>Pagrindin\u0117s savyb\u0117s ir privalumai:<\/b><\/h4>\n<ul>\n<li style=\"list-style-type: none;\">\n<ul>\n<li style=\"list-style-type: none;\">\n<ul>\n<li>\n<p class=\"p1\"><span class=\"s1\"><b>Modulinis dizainas:<\/b><\/span> bok\u0161t\u0105 sudaro nuo 3 iki 8 kaupikli\u0173, lengvai pritaikomas pagal poreikius;<\/p>\n<\/li>\n<li>\n<p class=\"p1\"><span class=\"s1\"><b>Auk\u0161tas efektyvumas:<\/b><\/span> \u226596 %, u\u017etikrinantis minimalias energijos nuostoli\u0173 s\u0105naudas;<\/p>\n<\/li>\n<li>\n<p class=\"p1\"><span class=\"s1\"><b>Galingas i\u0161\u0117jimas:<\/b><\/span>\u00a0maksimali galia nuo\u00a0<span class=\"s1\"><b>5,76 kW<\/b><\/span>\u00a0iki\u00a0<span class=\"s1\"><b>15,36 kW<\/b><\/span> \u2013 tinkama net intensyviam vartojimui;<\/p>\n<\/li>\n<li>\n<p class=\"p1\"><b>Ilgaam\u017ei\u0161kumas:<\/b><span class=\"s1\">\u00a0garantija\u00a0<\/span><b>10 met\u0173 \/ 6000 cikl\u0173;<\/b><\/p>\n<\/li>\n<li>\n<p class=\"p1\"><span class=\"s1\"><b>Platus temperat\u016bros diapazonas:<\/b><\/span>\u00a0patikimas darbas nuo\u00a0<span class=\"s1\"><b>-10\u00b0C iki +55\u00b0C<\/b><\/span> \u2013 puikiai tinka \u012fvairioms klimato s\u0105lygoms;<\/p>\n<\/li>\n<li>\n<p class=\"p1\"><span class=\"s1\"><b>Apsauga IP65:<\/b><\/span> atspari dulk\u0117ms ir vandens purslams, tinkama tiek vidaus, tiek lauko montavimui;<\/p>\n<\/li>\n<li>\n<p class=\"p1\"><span class=\"s1\"><b>I\u0161manus BMS:<\/b><\/span> pa\u017eangi baterij\u0173 valdymo sistema, u\u017etikrinanti balansavim\u0105, apsaug\u0105 nuo perkrovimo ir gili\u0173 i\u0161krov\u0173;<\/p>\n<\/li>\n<li>\n<p class=\"p1\"><span class=\"s1\"><b>Patogus montavimas:<\/b><\/span> tiesiogin\u0117 kaupikli\u0173 jungtis be papildom\u0173 laid\u0173 ir var\u017et\u0173.<\/p>\n<\/li>\n<\/ul>\n<\/li>\n<\/ul>\n<\/li>\n<\/ul>\n<ul>\n<li style=\"list-style-type: none;\"><\/li>\n<\/ul>","protected":false},"excerpt":{"rendered":"<p><strong>Enershare Energy-Core 16 kWh<\/strong>\u00a0\u2013 modulin\u0117 auk\u0161tos \u012ftampos baterija su i\u0161maniu BMS ir IP65 apsauga.<\/p>","protected":false},"featured_media":5720,"comment_status":"open","ping_status":"closed","template":"","meta":[],"product_brand":[],"product_cat":[317,350,302],"product_tag":[],"class_list":{"0":"post-6242","1":"product","2":"type-product","3":"status-publish","4":"has-post-thumbnail","6":"product_cat-auksto-voltazo-baterijos-baterijos","7":"product_cat-auksto-voltazo-enershare-auksto-voltazo-baterijos-baterijos-2","8":"product_cat-baterijos","10":"first","11":"outofstock","12":"taxable","13":"shipping-taxable","14":"product-type-variable"},"_links":{"self":[{"href":"https:\/\/shop.totemas.lt\/ru\/wp-json\/wp\/v2\/product\/6242","targetHints":{"allow":["GET"]}}],"collection":[{"href":"https:\/\/shop.totemas.lt\/ru\/wp-json\/wp\/v2\/product"}],"about":[{"href":"https:\/\/shop.totemas.lt\/ru\/wp-json\/wp\/v2\/types\/product"}],"replies":[{"embeddable":true,"href":"https:\/\/shop.totemas.lt\/ru\/wp-json\/wp\/v2\/comments?post=6242"}],"wp:featuredmedia":[{"embeddable":true,"href":"https:\/\/shop.totemas.lt\/ru\/wp-json\/wp\/v2\/media\/5720"}],"wp:attachment":[{"href":"https:\/\/shop.totemas.lt\/ru\/wp-json\/wp\/v2\/media?parent=6242"}],"wp:term":[{"taxonomy":"product_brand","embeddable":true,"href":"https:\/\/shop.totemas.lt\/ru\/wp-json\/wp\/v2\/product_brand?post=6242"},{"taxonomy":"product_cat","embeddable":true,"href":"https:\/\/shop.totemas.lt\/ru\/wp-json\/wp\/v2\/product_cat?post=6242"},{"taxonomy":"product_tag","embeddable":true,"href":"https:\/\/shop.totemas.lt\/ru\/wp-json\/wp\/v2\/product_tag?post=6242"}],"curies":[{"name":"wp","href":"https:\/\/api.w.org\/{rel}","templated":true}]}}