{"id":6269,"date":"2026-04-14T16:37:50","date_gmt":"2026-04-14T13:37:50","guid":{"rendered":"https:\/\/shop.totemas.lt\/?post_type=product&#038;p=6269"},"modified":"2026-04-14T17:00:35","modified_gmt":"2026-04-14T14:00:35","slug":"risen-solar-550w-monokristalinis-saules-modulis","status":"publish","type":"product","link":"https:\/\/shop.totemas.lt\/ru\/product\/risen-solar-550w-monokristalinis-saules-modulis\/","title":{"rendered":"Risen Solar 550W monokristalinis saul\u0117s modulis"},"content":{"rendered":"<ul>\n<li>Didelio efektyvumo mono perc element\u0173 technologija;<\/li>\n<li>Ma\u017eo srov\u0117s tankio technologija efektyviai suma\u017eina vidin\u012f energijos suvartojim\u0105;<\/li>\n<li>MBB ir HC technologija, skirta suma\u017einti neigiam\u0105 poveik\u012f, kur\u012f sukelia mikro \u012ftr\u016bkimai ir \u0161e\u0161\u0117liai;<\/li>\n<li>Didel\u0117 galia lemia ma\u017eesn\u0119 BOS kain\u0105.<\/li>\n<\/ul>","protected":false},"excerpt":{"rendered":"<p>Didelio efektyvumo mono perc element\u0173 technologija; Ma\u017eo srov\u0117s tankio technologija efektyviai suma\u017eina vidin\u012f energijos suvartojim\u0105; MBB ir HC technologija, skirta suma\u017einti neigiam\u0105 poveik\u012f, kur\u012f sukelia mikro \u012ftr\u016bkimai ir \u0161e\u0161\u0117liai; Didel\u0117 galia lemia ma\u017eesn\u0119 BOS kain\u0105.<\/p>","protected":false},"featured_media":5765,"comment_status":"open","ping_status":"closed","template":"","meta":[],"product_brand":[285],"product_cat":[292],"product_tag":[],"class_list":{"0":"post-6269","1":"product","2":"type-product","3":"status-publish","4":"has-post-thumbnail","6":"product_brand-risen","7":"product_cat-saules-moduliai","9":"first","10":"outofstock","11":"sale","12":"taxable","13":"shipping-taxable","14":"purchasable","15":"product-type-simple"},"_links":{"self":[{"href":"https:\/\/shop.totemas.lt\/ru\/wp-json\/wp\/v2\/product\/6269","targetHints":{"allow":["GET"]}}],"collection":[{"href":"https:\/\/shop.totemas.lt\/ru\/wp-json\/wp\/v2\/product"}],"about":[{"href":"https:\/\/shop.totemas.lt\/ru\/wp-json\/wp\/v2\/types\/product"}],"replies":[{"embeddable":true,"href":"https:\/\/shop.totemas.lt\/ru\/wp-json\/wp\/v2\/comments?post=6269"}],"wp:featuredmedia":[{"embeddable":true,"href":"https:\/\/shop.totemas.lt\/ru\/wp-json\/wp\/v2\/media\/5765"}],"wp:attachment":[{"href":"https:\/\/shop.totemas.lt\/ru\/wp-json\/wp\/v2\/media?parent=6269"}],"wp:term":[{"taxonomy":"product_brand","embeddable":true,"href":"https:\/\/shop.totemas.lt\/ru\/wp-json\/wp\/v2\/product_brand?post=6269"},{"taxonomy":"product_cat","embeddable":true,"href":"https:\/\/shop.totemas.lt\/ru\/wp-json\/wp\/v2\/product_cat?post=6269"},{"taxonomy":"product_tag","embeddable":true,"href":"https:\/\/shop.totemas.lt\/ru\/wp-json\/wp\/v2\/product_tag?post=6269"}],"curies":[{"name":"wp","href":"https:\/\/api.w.org\/{rel}","templated":true}]}}